{"id":75154,"date":"2026-02-24T20:44:18","date_gmt":"2026-02-24T19:44:18","guid":{"rendered":"https:\/\/www.fleurop-home.ch\/de-ch\/?post_type=product&#038;p=75154"},"modified":"2026-04-01T13:25:49","modified_gmt":"2026-04-01T11:25:49","slug":"oceanetagere-rose-a-un-etage","status":"publish","type":"product","link":"https:\/\/www.fleurop-home.ch\/fr-ch\/p\/oceanetagere-rosa-einstoeckig","title":{"rendered":"Oceanetagere rose, \u00e0 un \u00e9tage"},"content":{"rendered":"<p>Le sentiment de la mer \u00e0 la maison - parfait comme id\u00e9e de cadeau ou comme d\u00e9coration.<br \/>\nLe design d'Ocean est fait de r\u00e9sine \u00e9poxy et est con\u00e7u \u00e0 la main. L'\u00e9tag\u00e8re est adapt\u00e9e au contact alimentaire et convainc par sa qualit\u00e9 sup\u00e9rieure.<\/p>","protected":false},"excerpt":{"rendered":"<p>Chaque pi\u00e8ce est unique et faite \u00e0 la main, inspir\u00e9e par les vagues de la mer. Les couleurs et les motifs peuvent varier, rendant chaque \u00e9tag\u00e8re tr\u00e8s sp\u00e9ciale. Id\u00e9al pour les sucreries, les desserts ou les bijoux.<\/p>","protected":false},"featured_media":75072,"template":"","meta":[],"product_brand":[],"product_cat":[1107,23,1022,1190,797,30,42,1104,43,132],"product_tag":[1147],"woo-feed-brand":[],"class_list":{"0":"post-75154","1":"product","2":"type-product","3":"status-publish","4":"has-post-thumbnail","6":"product_cat-etageren","7":"product_cat-home-living","8":"product_cat-brunch","9":"product_cat-dekoobjekte","10":"product_cat-muttertag","11":"product_cat-deko-accessoires","12":"product_cat-kueche","13":"product_cat-tischakzente","14":"product_cat-gedeckter-tisch","15":"product_cat-neu","16":"product_tag-handmade-by-selina","18":"first","19":"instock","20":"taxable","21":"shipping-taxable","22":"purchasable","23":"product-type-simple"},"_links":{"self":[{"href":"https:\/\/www.fleurop-home.ch\/fr-ch\/wp-json\/wp\/v2\/product\/75154","targetHints":{"allow":["GET"]}}],"collection":[{"href":"https:\/\/www.fleurop-home.ch\/fr-ch\/wp-json\/wp\/v2\/product"}],"about":[{"href":"https:\/\/www.fleurop-home.ch\/fr-ch\/wp-json\/wp\/v2\/types\/product"}],"wp:featuredmedia":[{"embeddable":true,"href":"https:\/\/www.fleurop-home.ch\/fr-ch\/wp-json\/wp\/v2\/media\/75072"}],"wp:attachment":[{"href":"https:\/\/www.fleurop-home.ch\/fr-ch\/wp-json\/wp\/v2\/media?parent=75154"}],"wp:term":[{"taxonomy":"product_brand","embeddable":true,"href":"https:\/\/www.fleurop-home.ch\/fr-ch\/wp-json\/wp\/v2\/product_brand?post=75154"},{"taxonomy":"product_cat","embeddable":true,"href":"https:\/\/www.fleurop-home.ch\/fr-ch\/wp-json\/wp\/v2\/product_cat?post=75154"},{"taxonomy":"product_tag","embeddable":true,"href":"https:\/\/www.fleurop-home.ch\/fr-ch\/wp-json\/wp\/v2\/product_tag?post=75154"},{"taxonomy":"woo-feed-brand","embeddable":true,"href":"https:\/\/www.fleurop-home.ch\/fr-ch\/wp-json\/wp\/v2\/woo-feed-brand?post=75154"}],"curies":[{"name":"wp","href":"https:\/\/api.w.org\/{rel}","templated":true}]}}