{"id":74932,"date":"2026-02-20T12:22:29","date_gmt":"2026-02-20T11:22:29","guid":{"rendered":"https:\/\/www.fleurop-home.ch\/de-ch\/?post_type=product&#038;p=74932"},"modified":"2026-04-15T16:34:28","modified_gmt":"2026-04-15T14:34:28","slug":"brunch-boite-en-bois","status":"publish","type":"product","link":"https:\/\/www.fleurop-home.ch\/fr-ch\/p\/holzkistli-brunch","title":{"rendered":"Caisse en bois \u00abBrunch\u00bb"},"content":{"rendered":"<div class=\"description\">\n<p>La bo\u00eete en bois sp\u00e9ciale \u00abBrunch\u00bb est remplie de d\u00e9licieuses surprises pour un brunch savoureux, y compris la carte de recette de tresse dans le couvercle.<\/p>\n<p>Il contient notre d\u00e9licieux th\u00e9 aux fruits \u00abFr\u00fcchterevolution\u00bb ainsi que nos bricelets pr\u00e9f\u00e9r\u00e9s du m\u00e9lange traditionnel Pralin\u00e9, Mocca, Gianduja sous forme de minis. Notre cr\u00e8me pralin\u00e9e maison \u00abp\u00e9ch\u00e9 du matin\u00bb est \u00e9galement emball\u00e9e dans une petite caisse en bois. Cette d\u00e9licieuse p\u00e2te \u00e0 tartiner avec des morceaux de bricelets croustillants de notre manufacture Gottlieber ne devrait manquer sur aucune table de brunch. Tous les produits dans la bo\u00eete en bois sont v\u00e9g\u00e9taliens et sans huile de palme.<\/p>\n<p>Un beau cadeau pour les gourmands, les amateurs de bricelets et le petit cadeau id\u00e9al pour toute invitation \u00e0 un brunch.<\/p>\n<p><strong>Contenu<\/strong><\/p>\n<\/div>\n<dl class=\"product-attributes\">\n<dt class=\"label\">1 paquet Tradition, 37 mini-bouch\u00e9es, 150 g<br \/>\n1 pot de p\u00e2te \u00e0 tartiner \u00abp\u00e9ch\u00e9 du matin\u00bb, 300 g<br \/>\n1 bo\u00eete d'infusion de fruits \"Evolution de fruits\", 100 g<\/dt>\n<dt><\/dt>\n<dt><\/dt>\n<dt><\/dt>\n<dt><\/dt>\n<dt class=\"label\"><strong>Masse<\/strong><\/dt>\n<\/dl>\n<dl class=\"product-attributes\">\n<dt class=\"label\">220 x 300 x 110 mm<\/dt>\n<dt><\/dt>\n<dt><\/dt>\n<dt class=\"label\"><a href=\"https:\/\/www.gottlieber.ch\/de\/online-shop\/naehrwertinformationen\" target=\"_blank\" rel=\"noopener\">Informations nutritionnelles<\/a><\/dt>\n<dt><\/dt>\n<\/dl>\n<div class=\"product-meta-information__additional\"><\/div>","protected":false},"excerpt":{"rendered":"<div class=\"product-teaser\">\n<div class=\"product-teaser\">Coffret en bois\u00ab Gottlieber rempli d'une p\u00e2te \u00e0 tartiner, d'un th\u00e9 aux fruits et de mini-bouch\u00e9es Gottlieber.<\/div>\n<\/div>","protected":false},"featured_media":74933,"template":"","meta":[],"product_brand":[],"product_cat":[114,1022,1023,797,1019,1020,1018,42,885,52,1225,53],"product_tag":[286],"woo-feed-brand":[],"class_list":{"0":"post-74932","1":"product","2":"type-product","3":"status-publish","4":"has-post-thumbnail","6":"product_cat-schokolade-sweets","7":"product_cat-brunch","8":"product_cat-fuer-mama","9":"product_cat-muttertag","10":"product_cat-osterbrunch","11":"product_cat-ostergeschenke","12":"product_cat-ostern","13":"product_cat-kueche","14":"product_cat-koestlichkeiten","15":"product_cat-geschenke","16":"product_cat-genuss","17":"product_cat-geschenksets","18":"product_tag-gottlieber-spezialitaten-ag","20":"first","21":"instock","22":"taxable","23":"shipping-taxable","24":"purchasable","25":"product-type-simple"},"_links":{"self":[{"href":"https:\/\/www.fleurop-home.ch\/fr-ch\/wp-json\/wp\/v2\/product\/74932","targetHints":{"allow":["GET"]}}],"collection":[{"href":"https:\/\/www.fleurop-home.ch\/fr-ch\/wp-json\/wp\/v2\/product"}],"about":[{"href":"https:\/\/www.fleurop-home.ch\/fr-ch\/wp-json\/wp\/v2\/types\/product"}],"wp:featuredmedia":[{"embeddable":true,"href":"https:\/\/www.fleurop-home.ch\/fr-ch\/wp-json\/wp\/v2\/media\/74933"}],"wp:attachment":[{"href":"https:\/\/www.fleurop-home.ch\/fr-ch\/wp-json\/wp\/v2\/media?parent=74932"}],"wp:term":[{"taxonomy":"product_brand","embeddable":true,"href":"https:\/\/www.fleurop-home.ch\/fr-ch\/wp-json\/wp\/v2\/product_brand?post=74932"},{"taxonomy":"product_cat","embeddable":true,"href":"https:\/\/www.fleurop-home.ch\/fr-ch\/wp-json\/wp\/v2\/product_cat?post=74932"},{"taxonomy":"product_tag","embeddable":true,"href":"https:\/\/www.fleurop-home.ch\/fr-ch\/wp-json\/wp\/v2\/product_tag?post=74932"},{"taxonomy":"woo-feed-brand","embeddable":true,"href":"https:\/\/www.fleurop-home.ch\/fr-ch\/wp-json\/wp\/v2\/woo-feed-brand?post=74932"}],"curies":[{"name":"wp","href":"https:\/\/api.w.org\/{rel}","templated":true}]}}