{"id":74809,"date":"2026-02-19T06:02:41","date_gmt":"2026-02-19T05:02:41","guid":{"rendered":"https:\/\/www.fleurop-home.ch\/de-ch\/?post_type=product&#038;p=74809"},"modified":"2026-03-12T10:59:07","modified_gmt":"2026-03-12T09:59:07","slug":"solar-antic-ball-blossom-30-cm-blanc","status":"publish","type":"product","link":"https:\/\/www.fleurop-home.ch\/fr-ch\/p\/solar-antic-ball-blossom-30-cm-weiss","title":{"rendered":"Solar Antic Ball Blossom 30 cm blanc"},"content":{"rendered":"<p><strong>Jeu de lumi\u00e8re d'ambiance pour le jardin, le balcon et la terrasse<\/strong><\/p>\n<p>La boule antique Solar Blossom conf\u00e8re \u00e0 tout espace ext\u00e9rieur une atmosph\u00e8re chaleureuse et accueillante. La structure m\u00e9tallique artistiquement ajour\u00e9e cr\u00e9e un motif lumineux fascinant qui met imm\u00e9diatement en valeur ton jardin ou ton balcon. Gr\u00e2ce \u00e0 son fonctionnement \u00e0 l'\u00e9nergie solaire, sa fonction d'allumage automatique et sa finition r\u00e9sistante aux intemp\u00e9ries, cette boule solaire est un point fort d\u00e9coratif simple et \u00e9l\u00e9gant.<\/p>\n<p><strong>Points forts<\/strong><\/p>\n<ul>\n<li><strong>LED blanc chaud<\/strong> pour une ambiance chaleureuse<\/li>\n<li><strong>Fonctionne \u00e0 l'\u00e9nergie solaire<\/strong> - se recharge toute seule pendant la journ\u00e9e<\/li>\n<li><strong>Twilight Switch<\/strong>: s'allume automatiquement \u00e0 la tomb\u00e9e de la nuit<\/li>\n<li><strong>R\u00e9sistant aux intemp\u00e9ries<\/strong> et robuste pour l'ext\u00e9rieur<\/li>\n<li><strong>Blanc antique<\/strong> pour un look vintage \u00e9l\u00e9gant<\/li>\n<li><strong>Batterie incluse<\/strong> (1\u00d7 ICR 18650, 2000 mAh)<\/li>\n<\/ul>\n<h3><\/h3>\n<h3>Masse<\/h3>\n<ul>\n<li><strong>diam\u00e8tre : 30 cm<\/strong><\/li>\n<\/ul>","protected":false},"excerpt":{"rendered":"<p>Solar Antic Ball Blossom 30 cm blanc<\/p>","protected":false},"featured_media":74810,"template":"","meta":[],"product_brand":[],"product_cat":[35,23,108,28,34,132],"product_tag":[983],"woo-feed-brand":[],"class_list":{"0":"post-74809","1":"product","2":"type-product","3":"status-publish","4":"has-post-thumbnail","6":"product_cat-gartendeko","7":"product_cat-home-living","8":"product_cat-lichterketten-laternen","9":"product_cat-kerzen-lichter","10":"product_cat-garten-balkon","11":"product_cat-neu","12":"product_tag-selection-by-fleurophome","14":"first","15":"instock","16":"taxable","17":"shipping-taxable","18":"purchasable","19":"product-type-simple"},"_links":{"self":[{"href":"https:\/\/www.fleurop-home.ch\/fr-ch\/wp-json\/wp\/v2\/product\/74809","targetHints":{"allow":["GET"]}}],"collection":[{"href":"https:\/\/www.fleurop-home.ch\/fr-ch\/wp-json\/wp\/v2\/product"}],"about":[{"href":"https:\/\/www.fleurop-home.ch\/fr-ch\/wp-json\/wp\/v2\/types\/product"}],"wp:featuredmedia":[{"embeddable":true,"href":"https:\/\/www.fleurop-home.ch\/fr-ch\/wp-json\/wp\/v2\/media\/74810"}],"wp:attachment":[{"href":"https:\/\/www.fleurop-home.ch\/fr-ch\/wp-json\/wp\/v2\/media?parent=74809"}],"wp:term":[{"taxonomy":"product_brand","embeddable":true,"href":"https:\/\/www.fleurop-home.ch\/fr-ch\/wp-json\/wp\/v2\/product_brand?post=74809"},{"taxonomy":"product_cat","embeddable":true,"href":"https:\/\/www.fleurop-home.ch\/fr-ch\/wp-json\/wp\/v2\/product_cat?post=74809"},{"taxonomy":"product_tag","embeddable":true,"href":"https:\/\/www.fleurop-home.ch\/fr-ch\/wp-json\/wp\/v2\/product_tag?post=74809"},{"taxonomy":"woo-feed-brand","embeddable":true,"href":"https:\/\/www.fleurop-home.ch\/fr-ch\/wp-json\/wp\/v2\/woo-feed-brand?post=74809"}],"curies":[{"name":"wp","href":"https:\/\/api.w.org\/{rel}","templated":true}]}}