{"id":74799,"date":"2026-02-18T17:15:14","date_gmt":"2026-02-18T16:15:14","guid":{"rendered":"https:\/\/www.fleurop-home.ch\/fr-ch\/?post_type=product&#038;p=74799"},"modified":"2026-04-15T16:32:55","modified_gmt":"2026-04-15T14:32:55","slug":"arrangement-floral-la-douceur-dun-coeur-saumon","status":"publish","type":"product","link":"https:\/\/www.fleurop-home.ch\/fr-ch\/p\/blumearragement-la-douceur-dun-coeur-saumon","title":{"rendered":"Arrangement de fleurs \u00abLa douceur d'un coeur saumon\u00bb.\u00bb"},"content":{"rendered":"<p>Ce magnifique c\u0153ur rose, compos\u00e9 d'une rose saumon clair conserv\u00e9e et de plantes s\u00e9ch\u00e9es, est un magnifique cadeau pour la f\u00eate des m\u00e8res et pour toutes les autres occasions.<br \/>\nFacile \u00e0 entretenir, elle mesure environ 15 cm de haut et 18 cm de large.<\/p>","protected":false},"excerpt":{"rendered":"<p>Adorable c\u0153ur rose \u00e0 suspendre.<\/p>","protected":false},"featured_media":74791,"template":"","meta":[],"product_brand":[],"product_cat":[102,23,1023,797,26],"product_tag":[1135],"woo-feed-brand":[],"class_list":{"0":"post-74799","1":"product","2":"type-product","3":"status-publish","4":"has-post-thumbnail","6":"product_cat-infinity-rosen","7":"product_cat-home-living","8":"product_cat-fuer-mama","9":"product_cat-muttertag","10":"product_cat-blumen-pflanzen","11":"product_tag-mon-reve-fleuri","13":"first","14":"instock","15":"taxable","16":"shipping-taxable","17":"purchasable","18":"product-type-simple"},"_links":{"self":[{"href":"https:\/\/www.fleurop-home.ch\/fr-ch\/wp-json\/wp\/v2\/product\/74799","targetHints":{"allow":["GET"]}}],"collection":[{"href":"https:\/\/www.fleurop-home.ch\/fr-ch\/wp-json\/wp\/v2\/product"}],"about":[{"href":"https:\/\/www.fleurop-home.ch\/fr-ch\/wp-json\/wp\/v2\/types\/product"}],"wp:featuredmedia":[{"embeddable":true,"href":"https:\/\/www.fleurop-home.ch\/fr-ch\/wp-json\/wp\/v2\/media\/74791"}],"wp:attachment":[{"href":"https:\/\/www.fleurop-home.ch\/fr-ch\/wp-json\/wp\/v2\/media?parent=74799"}],"wp:term":[{"taxonomy":"product_brand","embeddable":true,"href":"https:\/\/www.fleurop-home.ch\/fr-ch\/wp-json\/wp\/v2\/product_brand?post=74799"},{"taxonomy":"product_cat","embeddable":true,"href":"https:\/\/www.fleurop-home.ch\/fr-ch\/wp-json\/wp\/v2\/product_cat?post=74799"},{"taxonomy":"product_tag","embeddable":true,"href":"https:\/\/www.fleurop-home.ch\/fr-ch\/wp-json\/wp\/v2\/product_tag?post=74799"},{"taxonomy":"woo-feed-brand","embeddable":true,"href":"https:\/\/www.fleurop-home.ch\/fr-ch\/wp-json\/wp\/v2\/woo-feed-brand?post=74799"}],"curies":[{"name":"wp","href":"https:\/\/api.w.org\/{rel}","templated":true}]}}