{"id":74774,"date":"2026-02-18T15:58:52","date_gmt":"2026-02-18T14:58:52","guid":{"rendered":"https:\/\/www.fleurop-home.ch\/fr-ch\/?post_type=product&#038;p=74774"},"modified":"2026-04-15T16:32:25","modified_gmt":"2026-04-15T14:32:25","slug":"tasse-coeur-avec-un-coeur-rouge","status":"publish","type":"product","link":"https:\/\/www.fleurop-home.ch\/fr-ch\/p\/tasse-coeur-avec-un-coeur-rouge","title":{"rendered":"Tasse \u00abcoeur avec un coeur rouge\u00bb.\u00bb"},"content":{"rendered":"<p>Cette magnifique tasse avec des c\u0153urs, compos\u00e9e d'une rose rose stabilis\u00e9e et de plantes s\u00e9ch\u00e9es, est id\u00e9ale pour la f\u00eate des m\u00e8res ou pour toute autre occasion. Sans entretien.<\/p>","protected":false},"excerpt":{"rendered":"<p>Tasse fleurie<\/p>","protected":false},"featured_media":74775,"template":"","meta":[],"product_brand":[],"product_cat":[102,23,1023,1003,797,999,26],"product_tag":[1135],"woo-feed-brand":[],"class_list":{"0":"post-74774","1":"product","2":"type-product","3":"status-publish","4":"has-post-thumbnail","6":"product_cat-infinity-rosen","7":"product_cat-home-living","8":"product_cat-fuer-mama","9":"product_cat-fuer-sie","10":"product_cat-muttertag","11":"product_cat-valentinstag","12":"product_cat-blumen-pflanzen","13":"product_tag-mon-reve-fleuri","15":"first","16":"instock","17":"taxable","18":"shipping-taxable","19":"purchasable","20":"product-type-simple"},"_links":{"self":[{"href":"https:\/\/www.fleurop-home.ch\/fr-ch\/wp-json\/wp\/v2\/product\/74774","targetHints":{"allow":["GET"]}}],"collection":[{"href":"https:\/\/www.fleurop-home.ch\/fr-ch\/wp-json\/wp\/v2\/product"}],"about":[{"href":"https:\/\/www.fleurop-home.ch\/fr-ch\/wp-json\/wp\/v2\/types\/product"}],"wp:featuredmedia":[{"embeddable":true,"href":"https:\/\/www.fleurop-home.ch\/fr-ch\/wp-json\/wp\/v2\/media\/74775"}],"wp:attachment":[{"href":"https:\/\/www.fleurop-home.ch\/fr-ch\/wp-json\/wp\/v2\/media?parent=74774"}],"wp:term":[{"taxonomy":"product_brand","embeddable":true,"href":"https:\/\/www.fleurop-home.ch\/fr-ch\/wp-json\/wp\/v2\/product_brand?post=74774"},{"taxonomy":"product_cat","embeddable":true,"href":"https:\/\/www.fleurop-home.ch\/fr-ch\/wp-json\/wp\/v2\/product_cat?post=74774"},{"taxonomy":"product_tag","embeddable":true,"href":"https:\/\/www.fleurop-home.ch\/fr-ch\/wp-json\/wp\/v2\/product_tag?post=74774"},{"taxonomy":"woo-feed-brand","embeddable":true,"href":"https:\/\/www.fleurop-home.ch\/fr-ch\/wp-json\/wp\/v2\/woo-feed-brand?post=74774"}],"curies":[{"name":"wp","href":"https:\/\/api.w.org\/{rel}","templated":true}]}}