{"id":74641,"date":"2026-02-17T11:24:36","date_gmt":"2026-02-17T10:24:36","guid":{"rendered":"https:\/\/www.fleurop-home.ch\/?post_type=product&#038;p=74641"},"modified":"2026-05-12T09:38:39","modified_gmt":"2026-05-12T07:38:39","slug":"racine-de-maison-sempervivum-hybrida-18","status":"publish","type":"product","link":"https:\/\/www.fleurop-home.ch\/fr-ch\/p\/hauswurz-sempervivum-hybrida-18","title":{"rendered":"Racine de maison - Sempervivum Hybrida"},"content":{"rendered":"<p>La racine de maison Ruby Lime est une plante robuste \u00e0 feuilles \u00e9paisses qui convient parfaitement aux rocailles, aux murs secs, aux tombes ou aux bacs de plantation les plus divers. Sa coloration rouge et sa croissance compacte la rendent particuli\u00e8rement d\u00e9corative. Gr\u00e2ce \u00e0 sa grande r\u00e9sistance \u00e0 l'hiver, Ruby Lime reste attractive et r\u00e9sistante m\u00eame \u00e0 de basses temp\u00e9ratures. La plante pr\u00e9f\u00e8re les endroits ensoleill\u00e9s, supporte les conditions s\u00e8ches et n'a besoin que de peu d'eau et d'un sol perm\u00e9able. Cette vari\u00e9t\u00e9 provient \u00e0 100 % de la production suisse et est synonyme de qualit\u00e9 durable issue de la culture locale.<\/p>\n<p>Hauteur : 10 cm<br \/>\nTaille du pot : bol de 30<br \/>\nR\u00e9sistance au froid : r\u00e9sistant au froid<br \/>\nLumi\u00e8re : ensoleill\u00e9e<br \/>\nP\u00e9riode de floraison : juin \u00e0 ao\u00fbt<br \/>\nSol : perm\u00e9able<\/p>","protected":false},"excerpt":{"rendered":"<p>Racine de maison Ruby Lime dans une coupe en argile - plante robuste \u00e0 feuilles \u00e9paisses de production suisse<\/p>","protected":false},"featured_media":74642,"template":"","meta":[],"product_brand":[],"product_cat":[109,34,41],"product_tag":[299],"woo-feed-brand":[],"class_list":{"0":"post-74641","1":"product","2":"type-product","3":"status-publish","4":"has-post-thumbnail","6":"product_cat-saisonale-pflanzen","7":"product_cat-garten-balkon","8":"product_cat-outdoorpflanzen","9":"product_tag-santispracht","11":"first","12":"instock","13":"taxable","14":"shipping-taxable","15":"purchasable","16":"product-type-simple"},"_links":{"self":[{"href":"https:\/\/www.fleurop-home.ch\/fr-ch\/wp-json\/wp\/v2\/product\/74641","targetHints":{"allow":["GET"]}}],"collection":[{"href":"https:\/\/www.fleurop-home.ch\/fr-ch\/wp-json\/wp\/v2\/product"}],"about":[{"href":"https:\/\/www.fleurop-home.ch\/fr-ch\/wp-json\/wp\/v2\/types\/product"}],"wp:featuredmedia":[{"embeddable":true,"href":"https:\/\/www.fleurop-home.ch\/fr-ch\/wp-json\/wp\/v2\/media\/74642"}],"wp:attachment":[{"href":"https:\/\/www.fleurop-home.ch\/fr-ch\/wp-json\/wp\/v2\/media?parent=74641"}],"wp:term":[{"taxonomy":"product_brand","embeddable":true,"href":"https:\/\/www.fleurop-home.ch\/fr-ch\/wp-json\/wp\/v2\/product_brand?post=74641"},{"taxonomy":"product_cat","embeddable":true,"href":"https:\/\/www.fleurop-home.ch\/fr-ch\/wp-json\/wp\/v2\/product_cat?post=74641"},{"taxonomy":"product_tag","embeddable":true,"href":"https:\/\/www.fleurop-home.ch\/fr-ch\/wp-json\/wp\/v2\/product_tag?post=74641"},{"taxonomy":"woo-feed-brand","embeddable":true,"href":"https:\/\/www.fleurop-home.ch\/fr-ch\/wp-json\/wp\/v2\/woo-feed-brand?post=74641"}],"curies":[{"name":"wp","href":"https:\/\/api.w.org\/{rel}","templated":true}]}}