{"id":74637,"date":"2026-02-17T11:22:45","date_gmt":"2026-02-17T10:22:45","guid":{"rendered":"https:\/\/www.fleurop-home.ch\/?post_type=product&#038;p=74637"},"modified":"2026-05-12T09:38:29","modified_gmt":"2026-05-12T07:38:29","slug":"racine-de-maison-sempervivum-hybrida-17","status":"publish","type":"product","link":"https:\/\/www.fleurop-home.ch\/fr-ch\/p\/hauswurz-sempervivum-hybrida-17","title":{"rendered":"Racine de maison - Sempervivum Hybrida"},"content":{"rendered":"<p>La racine d'int\u00e9rieur Reinhart allie robustesse et facilit\u00e9 d'utilisation dans un port compact. Cette plante vivace r\u00e9sistante au froid pousse particuli\u00e8rement bien en plein soleil et pr\u00e9f\u00e8re un sol perm\u00e9able et plut\u00f4t pauvre. Elle a besoin de peu d'eau et de peu d'entretien, ce qui en fait un choix id\u00e9al pour les rocailles, les murs secs ou les tombes. Elle apporte \u00e9galement une touche naturelle dans diff\u00e9rents bacs \u00e0 plantes. Produit en 100 % production suisse selon Suisse Garantie - tu profites ainsi d'une qualit\u00e9 de plante durable pour une v\u00e9g\u00e9tation proche de la nature.<\/p>\n<p>Hauteur : 10 cm<br \/>\nTaille du pot : bol de 30<br \/>\nR\u00e9sistance au froid : r\u00e9sistant au froid<br \/>\nLumi\u00e8re : ensoleill\u00e9e<br \/>\nP\u00e9riode de floraison : juin \u00e0 ao\u00fbt<br \/>\nSol : perm\u00e9able<\/p>","protected":false},"excerpt":{"rendered":"<p>Racine de maison Sempervivum Reinhart dans une coupe en argile - robuste et r\u00e9sistante au froid<\/p>","protected":false},"featured_media":74639,"template":"","meta":[],"product_brand":[],"product_cat":[109,34,41],"product_tag":[299],"woo-feed-brand":[],"class_list":{"0":"post-74637","1":"product","2":"type-product","3":"status-publish","4":"has-post-thumbnail","6":"product_cat-saisonale-pflanzen","7":"product_cat-garten-balkon","8":"product_cat-outdoorpflanzen","9":"product_tag-santispracht","11":"first","12":"instock","13":"taxable","14":"shipping-taxable","15":"purchasable","16":"product-type-simple"},"_links":{"self":[{"href":"https:\/\/www.fleurop-home.ch\/fr-ch\/wp-json\/wp\/v2\/product\/74637","targetHints":{"allow":["GET"]}}],"collection":[{"href":"https:\/\/www.fleurop-home.ch\/fr-ch\/wp-json\/wp\/v2\/product"}],"about":[{"href":"https:\/\/www.fleurop-home.ch\/fr-ch\/wp-json\/wp\/v2\/types\/product"}],"wp:featuredmedia":[{"embeddable":true,"href":"https:\/\/www.fleurop-home.ch\/fr-ch\/wp-json\/wp\/v2\/media\/74639"}],"wp:attachment":[{"href":"https:\/\/www.fleurop-home.ch\/fr-ch\/wp-json\/wp\/v2\/media?parent=74637"}],"wp:term":[{"taxonomy":"product_brand","embeddable":true,"href":"https:\/\/www.fleurop-home.ch\/fr-ch\/wp-json\/wp\/v2\/product_brand?post=74637"},{"taxonomy":"product_cat","embeddable":true,"href":"https:\/\/www.fleurop-home.ch\/fr-ch\/wp-json\/wp\/v2\/product_cat?post=74637"},{"taxonomy":"product_tag","embeddable":true,"href":"https:\/\/www.fleurop-home.ch\/fr-ch\/wp-json\/wp\/v2\/product_tag?post=74637"},{"taxonomy":"woo-feed-brand","embeddable":true,"href":"https:\/\/www.fleurop-home.ch\/fr-ch\/wp-json\/wp\/v2\/woo-feed-brand?post=74637"}],"curies":[{"name":"wp","href":"https:\/\/api.w.org\/{rel}","templated":true}]}}