{"id":74581,"date":"2026-02-15T10:54:53","date_gmt":"2026-02-15T09:54:53","guid":{"rendered":"https:\/\/www.fleurop-home.ch\/fr-ch\/?post_type=product&#038;p=74581"},"modified":"2026-04-15T16:32:10","modified_gmt":"2026-04-15T14:32:10","slug":"bonsai-stabilise-la-beaute-dun-bonsai","status":"publish","type":"product","link":"https:\/\/www.fleurop-home.ch\/fr-ch\/p\/stabilisierter-bonsai-la-beaute-dun-bonsai","title":{"rendered":"Bonsa\u00ef stabilis\u00e9 \u00abLa beaut\u00e9 d'un bonsa\u00ef\u00bb"},"content":{"rendered":"<p>Ce magnifique bonsa\u00ef est un gen\u00e9vrier stabilis\u00e9 qui ne n\u00e9cessite aucun entretien et qui durera plusieurs ann\u00e9es. Il est accompagn\u00e9 de mousse stabilis\u00e9e, est fait \u00e0 la main et est une pi\u00e8ce unique qui embellira ta maison ou sera un magnifique cadeau pour tes proches.<\/p>\n<p>Elle mesure environ 43 cm de haut, 80 cm de large et environ 32 cm de diam\u00e8tre.<\/p>","protected":false},"excerpt":{"rendered":"<p>Ce bonsa\u00ef est unique.<\/p>","protected":false},"featured_media":74582,"template":"","meta":[],"product_brand":[],"product_cat":[107,23,26],"product_tag":[1135],"woo-feed-brand":[],"class_list":{"0":"post-74581","1":"product","2":"type-product","3":"status-publish","4":"has-post-thumbnail","6":"product_cat-kunstblumen","7":"product_cat-home-living","8":"product_cat-blumen-pflanzen","9":"product_tag-mon-reve-fleuri","11":"first","12":"instock","13":"taxable","14":"shipping-taxable","15":"purchasable","16":"product-type-simple"},"_links":{"self":[{"href":"https:\/\/www.fleurop-home.ch\/fr-ch\/wp-json\/wp\/v2\/product\/74581","targetHints":{"allow":["GET"]}}],"collection":[{"href":"https:\/\/www.fleurop-home.ch\/fr-ch\/wp-json\/wp\/v2\/product"}],"about":[{"href":"https:\/\/www.fleurop-home.ch\/fr-ch\/wp-json\/wp\/v2\/types\/product"}],"wp:featuredmedia":[{"embeddable":true,"href":"https:\/\/www.fleurop-home.ch\/fr-ch\/wp-json\/wp\/v2\/media\/74582"}],"wp:attachment":[{"href":"https:\/\/www.fleurop-home.ch\/fr-ch\/wp-json\/wp\/v2\/media?parent=74581"}],"wp:term":[{"taxonomy":"product_brand","embeddable":true,"href":"https:\/\/www.fleurop-home.ch\/fr-ch\/wp-json\/wp\/v2\/product_brand?post=74581"},{"taxonomy":"product_cat","embeddable":true,"href":"https:\/\/www.fleurop-home.ch\/fr-ch\/wp-json\/wp\/v2\/product_cat?post=74581"},{"taxonomy":"product_tag","embeddable":true,"href":"https:\/\/www.fleurop-home.ch\/fr-ch\/wp-json\/wp\/v2\/product_tag?post=74581"},{"taxonomy":"woo-feed-brand","embeddable":true,"href":"https:\/\/www.fleurop-home.ch\/fr-ch\/wp-json\/wp\/v2\/woo-feed-brand?post=74581"}],"curies":[{"name":"wp","href":"https:\/\/api.w.org\/{rel}","templated":true}]}}