{"id":74572,"date":"2026-02-14T17:54:05","date_gmt":"2026-02-14T16:54:05","guid":{"rendered":"https:\/\/www.fleurop-home.ch\/fr-ch\/?post_type=product&#038;p=74572"},"modified":"2026-04-15T16:31:42","modified_gmt":"2026-04-15T14:31:42","slug":"boite-a-roses-la-boite-a-roses","status":"publish","type":"product","link":"https:\/\/www.fleurop-home.ch\/fr-ch\/p\/rosenbox-la-boite-a-roses","title":{"rendered":"Bo\u00eete \u00e0 roses \u00abLa boite \u00e0 roses\u00bb"},"content":{"rendered":"<p>Cette magnifique bo\u00eete contient 11 roses rose clair et des hortensias roses - un magnifique cadeau pour la f\u00eate des m\u00e8res ou pour toute autre occasion que tu peux offrir avec tendresse. Il s'agit de fleurs conserv\u00e9es qui sont faciles \u00e0 entretenir et qui durent plusieurs ann\u00e9es.<\/p>","protected":false},"excerpt":{"rendered":"<p>Bo\u00eete blanche en forme de c\u0153ur avec des roses<\/p>","protected":false},"featured_media":74573,"template":"","meta":[],"product_brand":[],"product_cat":[102,23,1023,1003,797,999,26],"product_tag":[1135],"woo-feed-brand":[],"class_list":{"0":"post-74572","1":"product","2":"type-product","3":"status-publish","4":"has-post-thumbnail","6":"product_cat-infinity-rosen","7":"product_cat-home-living","8":"product_cat-fuer-mama","9":"product_cat-fuer-sie","10":"product_cat-muttertag","11":"product_cat-valentinstag","12":"product_cat-blumen-pflanzen","13":"product_tag-mon-reve-fleuri","15":"first","16":"instock","17":"taxable","18":"shipping-taxable","19":"purchasable","20":"product-type-simple"},"_links":{"self":[{"href":"https:\/\/www.fleurop-home.ch\/fr-ch\/wp-json\/wp\/v2\/product\/74572","targetHints":{"allow":["GET"]}}],"collection":[{"href":"https:\/\/www.fleurop-home.ch\/fr-ch\/wp-json\/wp\/v2\/product"}],"about":[{"href":"https:\/\/www.fleurop-home.ch\/fr-ch\/wp-json\/wp\/v2\/types\/product"}],"wp:featuredmedia":[{"embeddable":true,"href":"https:\/\/www.fleurop-home.ch\/fr-ch\/wp-json\/wp\/v2\/media\/74573"}],"wp:attachment":[{"href":"https:\/\/www.fleurop-home.ch\/fr-ch\/wp-json\/wp\/v2\/media?parent=74572"}],"wp:term":[{"taxonomy":"product_brand","embeddable":true,"href":"https:\/\/www.fleurop-home.ch\/fr-ch\/wp-json\/wp\/v2\/product_brand?post=74572"},{"taxonomy":"product_cat","embeddable":true,"href":"https:\/\/www.fleurop-home.ch\/fr-ch\/wp-json\/wp\/v2\/product_cat?post=74572"},{"taxonomy":"product_tag","embeddable":true,"href":"https:\/\/www.fleurop-home.ch\/fr-ch\/wp-json\/wp\/v2\/product_tag?post=74572"},{"taxonomy":"woo-feed-brand","embeddable":true,"href":"https:\/\/www.fleurop-home.ch\/fr-ch\/wp-json\/wp\/v2\/woo-feed-brand?post=74572"}],"curies":[{"name":"wp","href":"https:\/\/api.w.org\/{rel}","templated":true}]}}