{"id":74568,"date":"2026-02-14T17:41:16","date_gmt":"2026-02-14T16:41:16","guid":{"rendered":"https:\/\/www.fleurop-home.ch\/fr-ch\/?post_type=product&#038;p=74568"},"modified":"2026-03-27T08:33:55","modified_gmt":"2026-03-27T07:33:55","slug":"deco-coeur-la-douceur-dun-coeur-rouge","status":"publish","type":"product","link":"https:\/\/www.fleurop-home.ch\/fr-ch\/p\/dekoherz-la-douceur-dun-coeur-rouge","title":{"rendered":"C\u0153ur d\u00e9co \u00abLa douceur d'un c\u0153ur rouge\u00bb"},"content":{"rendered":"<p>La douceur de ce c\u0153ur rouge, compos\u00e9 de deux roses rouges conserv\u00e9es et d'\u00e9l\u00e9ments s\u00e9ch\u00e9s, pour la Saint-Valentin, la f\u00eate des m\u00e8res ou d'autres occasions. Les \u00e9l\u00e9ments s\u00e9ch\u00e9s peuvent diff\u00e9rer de la photo. Environ 15 cm de large et 18 cm de haut.<\/p>","protected":false},"excerpt":{"rendered":"<p>C\u0153ur \u00e0 suspendre ou \u00e0 poser<\/p>","protected":false},"featured_media":74569,"template":"","meta":[],"product_brand":[],"product_cat":[107,23,26,132],"product_tag":[1135],"woo-feed-brand":[],"class_list":{"0":"post-74568","1":"product","2":"type-product","3":"status-publish","4":"has-post-thumbnail","6":"product_cat-kunstblumen","7":"product_cat-home-living","8":"product_cat-blumen-pflanzen","9":"product_cat-neu","10":"product_tag-mon-reve-fleuri","12":"first","13":"instock","14":"taxable","15":"shipping-taxable","16":"purchasable","17":"product-type-simple"},"_links":{"self":[{"href":"https:\/\/www.fleurop-home.ch\/fr-ch\/wp-json\/wp\/v2\/product\/74568","targetHints":{"allow":["GET"]}}],"collection":[{"href":"https:\/\/www.fleurop-home.ch\/fr-ch\/wp-json\/wp\/v2\/product"}],"about":[{"href":"https:\/\/www.fleurop-home.ch\/fr-ch\/wp-json\/wp\/v2\/types\/product"}],"wp:featuredmedia":[{"embeddable":true,"href":"https:\/\/www.fleurop-home.ch\/fr-ch\/wp-json\/wp\/v2\/media\/74569"}],"wp:attachment":[{"href":"https:\/\/www.fleurop-home.ch\/fr-ch\/wp-json\/wp\/v2\/media?parent=74568"}],"wp:term":[{"taxonomy":"product_brand","embeddable":true,"href":"https:\/\/www.fleurop-home.ch\/fr-ch\/wp-json\/wp\/v2\/product_brand?post=74568"},{"taxonomy":"product_cat","embeddable":true,"href":"https:\/\/www.fleurop-home.ch\/fr-ch\/wp-json\/wp\/v2\/product_cat?post=74568"},{"taxonomy":"product_tag","embeddable":true,"href":"https:\/\/www.fleurop-home.ch\/fr-ch\/wp-json\/wp\/v2\/product_tag?post=74568"},{"taxonomy":"woo-feed-brand","embeddable":true,"href":"https:\/\/www.fleurop-home.ch\/fr-ch\/wp-json\/wp\/v2\/woo-feed-brand?post=74568"}],"curies":[{"name":"wp","href":"https:\/\/api.w.org\/{rel}","templated":true}]}}