{"id":74337,"date":"2026-02-10T17:53:22","date_gmt":"2026-02-10T16:53:22","guid":{"rendered":"https:\/\/www.fleurop-home.ch\/de-ch\/?post_type=product&#038;p=74337"},"modified":"2026-02-11T08:47:34","modified_gmt":"2026-02-11T07:47:34","slug":"coffret-cadeau-bebe-lunelle-bleu","status":"publish","type":"product","link":"https:\/\/www.fleurop-home.ch\/fr-ch\/p\/baby-geschenkbox-lunelle-blau","title":{"rendered":"Bo\u00eete cadeau pour b\u00e9b\u00e9 \u201eLunelle\u201c bleue"},"content":{"rendered":"<p data-start=\"483\" data-end=\"843\">Un cadeau de naissance plein d'amour qui vient du c\u0153ur. Notre bo\u00eete cadeau OYKAMI \u201eLunelle\u201c a \u00e9t\u00e9 compos\u00e9e avec beaucoup de soin pour capturer la magie des premiers jours et toucher autant les parents que le b\u00e9b\u00e9. Des tons roses et naturels d\u00e9licats, des mat\u00e9riaux naturels et des petits moments de bien-\u00eatre font de cette bo\u00eete un cadeau tr\u00e8s sp\u00e9cial.<\/p>\n<p data-start=\"845\" data-end=\"1065\">Chaque produit a \u00e9t\u00e9 s\u00e9lectionn\u00e9 avec amour - de haute qualit\u00e9, intemporel et harmonieusement assorti. La bo\u00eete est disponible en diff\u00e9rentes variantes de couleurs, le contenu reste toujours aussi coh\u00e9rent et bien pens\u00e9.<\/p>\n<p data-start=\"1067\" data-end=\"1126\"><strong>Notre coffret cadeau pour b\u00e9b\u00e9 de 9 pi\u00e8ces contient les produits suivants :<br \/>\n<\/strong>- Doux animal en peluche \u201eLapin\u201c.\u201c<br \/>\n- Tortue hochet crochet\u00e9e \u00e0 la main<br \/>\n- Bavoir en silicone<br \/>\n- Couverts en silicone assortis (cuill\u00e8re et fourchette)<br \/>\n- Douce serviette en mousseline bio pour b\u00e9b\u00e9<br \/>\n- Jouet d'activit\u00e9 avec boules<br \/>\n- Bonnet tricot\u00e9 pour b\u00e9b\u00e9<br \/>\n- brosse douce pour b\u00e9b\u00e9<br \/>\n- Cha\u00eene pour t\u00e9tines crochet\u00e9e \u00e0 la main<br \/>\n- carte postale surprise joliment con\u00e7ue<\/p>\n<p data-start=\"1577\" data-end=\"1766\">Emball\u00e9 avec soin dans une \u00e9l\u00e9gante bo\u00eete en carton blanc OYKAMI avec l'inscription \u201eDes cadeaux sp\u00e9ciaux pour des moments inoubliables\u201c et un n\u0153ud cadeau - pr\u00eat \u00e0 offrir.<\/p>\n<p data-start=\"1768\" data-end=\"1941\">Chaque bo\u00eete cadeau OYKAMI est emball\u00e9e avec amour en Suisse.<\/p>\n<p data-start=\"1768\" data-end=\"1941\">Un cadeau qui fait plaisir, qui reste longtemps en m\u00e9moire et qui transmet une v\u00e9ritable estime.<\/p>","protected":false},"excerpt":{"rendered":"<p>La bo\u00eete cadeau OYKAMI \u201eLunelle\u201c est un cadeau de naissance plein d'amour pour b\u00e9b\u00e9. Des tons roses et naturels d\u00e9licats, des essentiels pour b\u00e9b\u00e9 de qualit\u00e9 et un design intemporel font de cette bo\u00eete une attention particuli\u00e8re pour les premiers jours ensemble - soigneusement compos\u00e9e et emball\u00e9e pr\u00eate \u00e0 \u00eatre offerte.<\/p>","protected":false},"featured_media":74307,"template":"","meta":[],"product_brand":[],"product_cat":[1235,59,1228,1227],"product_tag":[1222],"woo-feed-brand":[],"class_list":{"0":"post-74337","1":"product","2":"type-product","3":"status-publish","4":"has-post-thumbnail","6":"product_cat-baby-boys","7":"product_cat-kids","8":"product_cat-babys","9":"product_cat-geschenkboxen","10":"product_tag-oykami-in-a-box","12":"first","13":"instock","14":"taxable","15":"shipping-taxable","16":"purchasable","17":"product-type-simple"},"_links":{"self":[{"href":"https:\/\/www.fleurop-home.ch\/fr-ch\/wp-json\/wp\/v2\/product\/74337","targetHints":{"allow":["GET"]}}],"collection":[{"href":"https:\/\/www.fleurop-home.ch\/fr-ch\/wp-json\/wp\/v2\/product"}],"about":[{"href":"https:\/\/www.fleurop-home.ch\/fr-ch\/wp-json\/wp\/v2\/types\/product"}],"wp:featuredmedia":[{"embeddable":true,"href":"https:\/\/www.fleurop-home.ch\/fr-ch\/wp-json\/wp\/v2\/media\/74307"}],"wp:attachment":[{"href":"https:\/\/www.fleurop-home.ch\/fr-ch\/wp-json\/wp\/v2\/media?parent=74337"}],"wp:term":[{"taxonomy":"product_brand","embeddable":true,"href":"https:\/\/www.fleurop-home.ch\/fr-ch\/wp-json\/wp\/v2\/product_brand?post=74337"},{"taxonomy":"product_cat","embeddable":true,"href":"https:\/\/www.fleurop-home.ch\/fr-ch\/wp-json\/wp\/v2\/product_cat?post=74337"},{"taxonomy":"product_tag","embeddable":true,"href":"https:\/\/www.fleurop-home.ch\/fr-ch\/wp-json\/wp\/v2\/product_tag?post=74337"},{"taxonomy":"woo-feed-brand","embeddable":true,"href":"https:\/\/www.fleurop-home.ch\/fr-ch\/wp-json\/wp\/v2\/woo-feed-brand?post=74337"}],"curies":[{"name":"wp","href":"https:\/\/api.w.org\/{rel}","templated":true}]}}