{"id":74334,"date":"2026-02-10T17:46:21","date_gmt":"2026-02-10T16:46:21","guid":{"rendered":"https:\/\/www.fleurop-home.ch\/de-ch\/?post_type=product&#038;p=74334"},"modified":"2026-02-11T08:38:31","modified_gmt":"2026-02-11T07:38:31","slug":"coffret-cadeau-maman-bebe-arbon-blanc","status":"publish","type":"product","link":"https:\/\/www.fleurop-home.ch\/fr-ch\/p\/mama-baby-geschenkbox-arbon-weiss","title":{"rendered":"Coffret cadeau maman-b\u00e9b\u00e9 \u201eArbon\u201c Blanc"},"content":{"rendered":"<p data-start=\"487\" data-end=\"835\">Un cadeau de naissance plein d'amour qui vient du c\u0153ur. Notre bo\u00eete cadeau OYKAMI \u201eArbon\u201c a \u00e9t\u00e9 compos\u00e9e avec beaucoup de soin pour capturer la magie des premiers jours et toucher autant les parents que le b\u00e9b\u00e9. Des couleurs douces, des mat\u00e9riaux naturels et des petits moments de bien-\u00eatre font de cette bo\u00eete un cadeau tr\u00e8s sp\u00e9cial.<\/p>\n<p data-start=\"837\" data-end=\"1057\">Chaque produit a \u00e9t\u00e9 s\u00e9lectionn\u00e9 avec amour - de haute qualit\u00e9, intemporel et harmonieusement assorti. La bo\u00eete est disponible en diff\u00e9rentes variantes de couleurs, le contenu reste toujours aussi coh\u00e9rent et bien pens\u00e9.<\/p>\n<p data-start=\"1059\" data-end=\"1113\"><strong>Notre coffret cadeau de 12 pi\u00e8ces pour maman et b\u00e9b\u00e9 contient les produits suivants :<br \/>\n<\/strong>- Veilleuse LED Miffy en silicone souple de la marque Mr. Maria<br \/>\n- Tortue hochet crochet\u00e9e \u00e0 la main<br \/>\n- Douce serviette en mousseline bio pour b\u00e9b\u00e9<br \/>\n- Bonnet tricot\u00e9 pour b\u00e9b\u00e9<br \/>\n- brosse douce pour b\u00e9b\u00e9<br \/>\n- brosse de douche naturelle<br \/>\n- M\u00e9lange de th\u00e9s aux fruits pour maman<br \/>\n- C\u0153ur de th\u00e9 dor\u00e9<br \/>\n- Chaussettes douillettes pour maman<br \/>\n- boule de bain douce pour les petits moments de bien-\u00eatre<br \/>\n- \u00e9l\u00e9gante barrette pour maman<br \/>\n- petite pierre naturelle comme compagnon de douceur<br \/>\n- carte postale surprise joliment con\u00e7ue<\/p>\n<p data-start=\"1496\" data-end=\"1702\">Emball\u00e9 avec soin dans une \u00e9l\u00e9gante bo\u00eete en carton blanc OYKAMI avec l'inscription \u201eDes cadeaux sp\u00e9ciaux pour des moments inoubliables\u201c et un n\u0153ud cadeau - pr\u00eat \u00e0 offrir.<\/p>\n<p data-start=\"1496\" data-end=\"1702\">Chaque bo\u00eete cadeau OYKAMI est emball\u00e9e avec amour en Suisse. Un cadeau qui fait plaisir, qui reste longtemps en m\u00e9moire et qui transmet une v\u00e9ritable estime.<\/p>","protected":false},"excerpt":{"rendered":"<p>La bo\u00eete cadeau OYKAMI \u201eArbon\u201c est un cadeau de naissance adorable pour maman et b\u00e9b\u00e9. Des essentiels pour b\u00e9b\u00e9 de haute qualit\u00e9 rencontrent des petits moments de bien-\u00eatre pour maman - soigneusement compos\u00e9s, con\u00e7us de mani\u00e8re intemporelle et emball\u00e9s pr\u00eats \u00e0 l'emploi pour un d\u00e9but inoubliable dans la vie commune.<\/p>","protected":false},"featured_media":74293,"template":"","meta":[],"product_brand":[],"product_cat":[1232,59,1228,1227],"product_tag":[1222],"woo-feed-brand":[],"class_list":{"0":"post-74334","1":"product","2":"type-product","3":"status-publish","4":"has-post-thumbnail","6":"product_cat-mama-baby","7":"product_cat-kids","8":"product_cat-babys","9":"product_cat-geschenkboxen","10":"product_tag-oykami-in-a-box","12":"first","13":"instock","14":"taxable","15":"shipping-taxable","16":"purchasable","17":"product-type-simple"},"_links":{"self":[{"href":"https:\/\/www.fleurop-home.ch\/fr-ch\/wp-json\/wp\/v2\/product\/74334","targetHints":{"allow":["GET"]}}],"collection":[{"href":"https:\/\/www.fleurop-home.ch\/fr-ch\/wp-json\/wp\/v2\/product"}],"about":[{"href":"https:\/\/www.fleurop-home.ch\/fr-ch\/wp-json\/wp\/v2\/types\/product"}],"wp:featuredmedia":[{"embeddable":true,"href":"https:\/\/www.fleurop-home.ch\/fr-ch\/wp-json\/wp\/v2\/media\/74293"}],"wp:attachment":[{"href":"https:\/\/www.fleurop-home.ch\/fr-ch\/wp-json\/wp\/v2\/media?parent=74334"}],"wp:term":[{"taxonomy":"product_brand","embeddable":true,"href":"https:\/\/www.fleurop-home.ch\/fr-ch\/wp-json\/wp\/v2\/product_brand?post=74334"},{"taxonomy":"product_cat","embeddable":true,"href":"https:\/\/www.fleurop-home.ch\/fr-ch\/wp-json\/wp\/v2\/product_cat?post=74334"},{"taxonomy":"product_tag","embeddable":true,"href":"https:\/\/www.fleurop-home.ch\/fr-ch\/wp-json\/wp\/v2\/product_tag?post=74334"},{"taxonomy":"woo-feed-brand","embeddable":true,"href":"https:\/\/www.fleurop-home.ch\/fr-ch\/wp-json\/wp\/v2\/woo-feed-brand?post=74334"}],"curies":[{"name":"wp","href":"https:\/\/api.w.org\/{rel}","templated":true}]}}