{"id":74329,"date":"2026-02-10T17:34:56","date_gmt":"2026-02-10T16:34:56","guid":{"rendered":"https:\/\/www.fleurop-home.ch\/de-ch\/?post_type=product&#038;p=74329"},"modified":"2026-02-11T08:30:31","modified_gmt":"2026-02-11T07:30:31","slug":"coffret-cadeau-maman-bebe-elora-blanc","status":"publish","type":"product","link":"https:\/\/www.fleurop-home.ch\/fr-ch\/p\/mama-baby-geschenkbox-elora-weiss","title":{"rendered":"Coffret cadeau Maman-B\u00e9b\u00e9 \u201eElora\u201c Blanc"},"content":{"rendered":"<p data-start=\"373\" data-end=\"736\">Un cadeau de naissance plein d'amour qui vient du c\u0153ur.  Notre bo\u00eete cadeau OYKAMI \u201eElora\u201c a \u00e9t\u00e9 compos\u00e9e avec beaucoup de soin pour accompagner \u00e0 la fois la maman et le b\u00e9b\u00e9 pendant les premiers jours ensemble. Des tons naturels et roses doux, des mat\u00e9riaux de qualit\u00e9 et des petits moments de bien-\u00eatre font de cette bo\u00eete un cadeau de naissance tr\u00e8s sp\u00e9cial.<\/p>\n<p data-start=\"738\" data-end=\"1032\">Chaque produit a \u00e9t\u00e9 s\u00e9lectionn\u00e9 avec amour - de haute qualit\u00e9, intemporel et harmonieusement assorti. La bo\u00eete associe des moments de maman attentive \u00e0 des essentiels pour b\u00e9b\u00e9 pleins d'amour et est disponible en diff\u00e9rentes variantes de couleurs, le contenu restant toujours aussi coh\u00e9rent et bien pens\u00e9.<\/p>\n<p data-start=\"1034\" data-end=\"1093\"><strong>Notre coffret cadeau Maman-B\u00e9b\u00e9 contient les produits suivants :<\/strong><\/p>\n<p data-start=\"1095\" data-end=\"1108\"><strong data-start=\"1095\" data-end=\"1108\">Pour maman :<br \/>\n<\/strong>- Rouleau de massage en quartz rose<br \/>\n- Brosse de massage<br \/>\n- gant exfoliant naturel<br \/>\n- 2 chouchous<\/p>\n<p data-start=\"1230\" data-end=\"1243\"><strong data-start=\"1230\" data-end=\"1243\">Pour le b\u00e9b\u00e9 :<br \/>\n<\/strong>- Bonnet tricot\u00e9 pour b\u00e9b\u00e9<br \/>\n- Animal hochet \u201etortue\u201c au crochet \u00e0 la main\u201c<br \/>\n- \u00c9toile crochet\u00e9e \u00e0 la main avec anneau en bois<br \/>\n- Douce serviette en mousseline bio pour b\u00e9b\u00e9<\/p>\n<p data-start=\"1413\" data-end=\"1438\"><strong data-start=\"1413\" data-end=\"1438\">Inclus en plus<br \/>\n<\/strong>- carte postale surprise joliment con\u00e7ue<\/p>\n<p data-start=\"1489\" data-end=\"1683\">Emball\u00e9 avec soin dans une \u00e9l\u00e9gante bo\u00eete en carton blanc OYKAMI avec l'inscription \u201eDes cadeaux sp\u00e9ciaux pour des moments inoubliables\u201c et un n\u0153ud cadeau - pr\u00eat \u00e0 offrir.<\/p>\n<p data-start=\"1685\" data-end=\"1881\">Chaque bo\u00eete cadeau OYKAMI est emball\u00e9e avec amour en Suisse.<\/p>\n<p data-start=\"1685\" data-end=\"1881\">Un cadeau qui touche autant la maman que le b\u00e9b\u00e9, qui reste longtemps en m\u00e9moire et qui transmet une v\u00e9ritable appr\u00e9ciation.<\/p>","protected":false},"excerpt":{"rendered":"<p>La bo\u00eete cadeau OYKAMI \u201eElora\u201c est un cadeau de naissance affectueux pour maman et b\u00e9b\u00e9. Des moments de bien-\u00eatre attentifs pour la maman rencontrent des essentiels pour b\u00e9b\u00e9 de haute qualit\u00e9 dans des tons naturels et roses doux - soigneusement compos\u00e9s, harmonieusement assortis et emball\u00e9s pr\u00eats \u00e0 l'emploi pour un d\u00e9but sp\u00e9cial dans la vie commune.<\/p>","protected":false},"featured_media":74314,"template":"","meta":[],"product_brand":[],"product_cat":[1232,59,1228,1227],"product_tag":[1222],"woo-feed-brand":[],"class_list":{"0":"post-74329","1":"product","2":"type-product","3":"status-publish","4":"has-post-thumbnail","6":"product_cat-mama-baby","7":"product_cat-kids","8":"product_cat-babys","9":"product_cat-geschenkboxen","10":"product_tag-oykami-in-a-box","12":"first","13":"instock","14":"taxable","15":"shipping-taxable","16":"purchasable","17":"product-type-simple"},"_links":{"self":[{"href":"https:\/\/www.fleurop-home.ch\/fr-ch\/wp-json\/wp\/v2\/product\/74329","targetHints":{"allow":["GET"]}}],"collection":[{"href":"https:\/\/www.fleurop-home.ch\/fr-ch\/wp-json\/wp\/v2\/product"}],"about":[{"href":"https:\/\/www.fleurop-home.ch\/fr-ch\/wp-json\/wp\/v2\/types\/product"}],"wp:featuredmedia":[{"embeddable":true,"href":"https:\/\/www.fleurop-home.ch\/fr-ch\/wp-json\/wp\/v2\/media\/74314"}],"wp:attachment":[{"href":"https:\/\/www.fleurop-home.ch\/fr-ch\/wp-json\/wp\/v2\/media?parent=74329"}],"wp:term":[{"taxonomy":"product_brand","embeddable":true,"href":"https:\/\/www.fleurop-home.ch\/fr-ch\/wp-json\/wp\/v2\/product_brand?post=74329"},{"taxonomy":"product_cat","embeddable":true,"href":"https:\/\/www.fleurop-home.ch\/fr-ch\/wp-json\/wp\/v2\/product_cat?post=74329"},{"taxonomy":"product_tag","embeddable":true,"href":"https:\/\/www.fleurop-home.ch\/fr-ch\/wp-json\/wp\/v2\/product_tag?post=74329"},{"taxonomy":"woo-feed-brand","embeddable":true,"href":"https:\/\/www.fleurop-home.ch\/fr-ch\/wp-json\/wp\/v2\/woo-feed-brand?post=74329"}],"curies":[{"name":"wp","href":"https:\/\/api.w.org\/{rel}","templated":true}]}}