{"id":74290,"date":"2026-02-10T17:22:22","date_gmt":"2026-02-10T16:22:22","guid":{"rendered":"https:\/\/www.fleurop-home.ch\/de-ch\/?post_type=product&#038;p=74290"},"modified":"2026-02-11T08:24:43","modified_gmt":"2026-02-11T07:24:43","slug":"coffret-cadeau-maman-bebe-elan-selma","status":"publish","type":"product","link":"https:\/\/www.fleurop-home.ch\/fr-ch\/p\/mama-baby-geschenkbox-selma-elch","title":{"rendered":"Coffret cadeau maman-b\u00e9b\u00e9 \u201eSelma\u201c Elan"},"content":{"rendered":"<p data-start=\"329\" data-end=\"664\">Un cadeau de naissance plein d'amour qui vient du c\u0153ur.<\/p>\n<p data-start=\"329\" data-end=\"664\">Notre bo\u00eete cadeau OYKAMI \u201eSelma\u201c a \u00e9t\u00e9 compos\u00e9e avec beaucoup de soin pour accompagner la maman et le b\u00e9b\u00e9 pendant les premi\u00e8res semaines ensemble. Des couleurs naturelles, des mati\u00e8res douces et des petits moments de plaisir font de cette bo\u00eete un cadeau de naissance sp\u00e9cial.<\/p>\n<p data-start=\"666\" data-end=\"903\">Chaque produit a \u00e9t\u00e9 s\u00e9lectionn\u00e9 avec amour - de grande qualit\u00e9, intemporel et harmonieusement assorti. La bo\u00eete associe des essentiels pour b\u00e9b\u00e9 pleins d'amour \u00e0 des petites choses bienfaisantes pour maman et garantit ainsi de beaux moments de partage.<\/p>\n<p data-start=\"905\" data-end=\"964\"><strong>Notre coffret cadeau Maman-B\u00e9b\u00e9 contient les produits suivants :<\/strong><\/p>\n<p data-start=\"968\" data-end=\"990\">- Elan tricot\u00e9 \u00e0 la main<br \/>\n- brosse douce pour b\u00e9b\u00e9<br \/>\n- m\u00e9lange d'infusion de fruits de haute qualit\u00e9 pour maman<br \/>\n- C\u0153ur de th\u00e9 dor\u00e9<br \/>\n- Chaussettes douillettes pour maman<br \/>\n- Scrunchie souple<br \/>\n- carte postale surprise joliment con\u00e7ue<\/p>\n<p data-start=\"1182\" data-end=\"1372\">Emball\u00e9 avec soin dans une \u00e9l\u00e9gante bo\u00eete en carton blanc OYKAMI avec l'inscription \u201eDes cadeaux sp\u00e9ciaux pour des moments inoubliables\u201c et un n\u0153ud cadeau - pr\u00eat \u00e0 offrir.<\/p>\n<p data-start=\"1374\" data-end=\"1570\">Chaque bo\u00eete cadeau OYKAMI est emball\u00e9e avec amour en Suisse.<\/p>\n<p data-start=\"1374\" data-end=\"1570\">Un cadeau qui touche autant la maman que le b\u00e9b\u00e9, qui reste longtemps en m\u00e9moire et qui transmet une v\u00e9ritable appr\u00e9ciation.<\/p>","protected":false},"excerpt":{"rendered":"<p>La bo\u00eete cadeau OYKAMI \u201eSelma\u201c est un cadeau de naissance adorable pour maman et b\u00e9b\u00e9. Des essentiels pour b\u00e9b\u00e9 de qualit\u00e9 et des petits moments de bien-\u00eatre pour maman font de cette bo\u00eete une attention particuli\u00e8re pour les premi\u00e8res semaines ensemble - soigneusement emball\u00e9e et offerte avec le c\u0153ur.<\/p>","protected":false},"featured_media":74322,"template":"","meta":[],"product_brand":[],"product_cat":[1232,59,1228,1227],"product_tag":[1222],"woo-feed-brand":[],"class_list":{"0":"post-74290","1":"product","2":"type-product","3":"status-publish","4":"has-post-thumbnail","6":"product_cat-mama-baby","7":"product_cat-kids","8":"product_cat-babys","9":"product_cat-geschenkboxen","10":"product_tag-oykami-in-a-box","12":"first","13":"instock","14":"taxable","15":"shipping-taxable","16":"purchasable","17":"product-type-simple"},"_links":{"self":[{"href":"https:\/\/www.fleurop-home.ch\/fr-ch\/wp-json\/wp\/v2\/product\/74290","targetHints":{"allow":["GET"]}}],"collection":[{"href":"https:\/\/www.fleurop-home.ch\/fr-ch\/wp-json\/wp\/v2\/product"}],"about":[{"href":"https:\/\/www.fleurop-home.ch\/fr-ch\/wp-json\/wp\/v2\/types\/product"}],"wp:featuredmedia":[{"embeddable":true,"href":"https:\/\/www.fleurop-home.ch\/fr-ch\/wp-json\/wp\/v2\/media\/74322"}],"wp:attachment":[{"href":"https:\/\/www.fleurop-home.ch\/fr-ch\/wp-json\/wp\/v2\/media?parent=74290"}],"wp:term":[{"taxonomy":"product_brand","embeddable":true,"href":"https:\/\/www.fleurop-home.ch\/fr-ch\/wp-json\/wp\/v2\/product_brand?post=74290"},{"taxonomy":"product_cat","embeddable":true,"href":"https:\/\/www.fleurop-home.ch\/fr-ch\/wp-json\/wp\/v2\/product_cat?post=74290"},{"taxonomy":"product_tag","embeddable":true,"href":"https:\/\/www.fleurop-home.ch\/fr-ch\/wp-json\/wp\/v2\/product_tag?post=74290"},{"taxonomy":"woo-feed-brand","embeddable":true,"href":"https:\/\/www.fleurop-home.ch\/fr-ch\/wp-json\/wp\/v2\/woo-feed-brand?post=74290"}],"curies":[{"name":"wp","href":"https:\/\/api.w.org\/{rel}","templated":true}]}}