{"id":74286,"date":"2026-02-10T17:17:18","date_gmt":"2026-02-10T16:17:18","guid":{"rendered":"https:\/\/www.fleurop-home.ch\/de-ch\/?post_type=product&#038;p=74286"},"modified":"2026-02-11T08:22:55","modified_gmt":"2026-02-11T07:22:55","slug":"coffret-anniversaire-savona-beige","status":"publish","type":"product","link":"https:\/\/www.fleurop-home.ch\/fr-ch\/p\/geburtstagsbox-savona-beige","title":{"rendered":"Bo\u00eete d'anniversaire \u201eSavona\u201c Beige"},"content":{"rendered":"<p data-start=\"233\" data-end=\"550\">La bo\u00eete d'anniversaire pour b\u00e9b\u00e9 \u201eSavona\u201c est une id\u00e9e de cadeau compos\u00e9e avec amour pour un anniversaire ou simplement comme \u00e7a et accompagne les petits explorateurs de mani\u00e8re ludique \u00e0 travers des moments particuliers. Des couleurs douces, des mat\u00e9riaux naturels et un design intemporel font de cette bo\u00eete un magnifique souvenir pour les b\u00e9b\u00e9s et leurs familles.<\/p>\n<p data-start=\"552\" data-end=\"575\"><strong>Contenu de la bo\u00eete cadeau :<\/strong><\/p>\n<p data-start=\"577\" data-end=\"835\">- Lapin en peluche en coton doux crochet\u00e9 \u00e0 la main<br data-start=\"630\" data-end=\"633\" \/>- Jouets en bois pour la sensorialit\u00e9<br data-start=\"673\" data-end=\"676\" \/>- Jeu d'empilage en bois dans des tons naturels et pastels harmonieux<br data-start=\"738\" data-end=\"741\" \/>- Hochet en bois avec des sons doux<br data-start=\"776\" data-end=\"779\" \/>- Couronne d'anniversaire en tissu avec des chiffres interchangeables (1-6)<\/p>\n<p data-start=\"837\" data-end=\"1018\">Tous les produits sont soigneusement s\u00e9lectionn\u00e9s et leurs couleurs sont parfaitement assorties - une finition de haute qualit\u00e9, naturelle et id\u00e9ale pour un d\u00e9veloppement ludique au cours de la premi\u00e8re ann\u00e9e de vie.<\/p>\n<p data-start=\"1020\" data-end=\"1209\">La bo\u00eete cadeau est emball\u00e9e dans une bo\u00eete cadeau OYKAMI de haute qualit\u00e9 et envoy\u00e9e avec une jolie boucle cadeau - pr\u00eate \u00e0 \u00eatre offerte et pour des moments d'anniversaire inoubliables.<\/p>","protected":false},"excerpt":{"rendered":"<p>La bo\u00eete d'anniversaire pour b\u00e9b\u00e9 \u201eSavona\u201c est une id\u00e9e de cadeau d'anniversaire compos\u00e9e avec amour. Les mat\u00e9riaux naturels, les couleurs douces et les jouets en bois intemporels en font un compagnon sp\u00e9cial pour les petits explorateurs et les moments d'anniversaire inoubliables.<\/p>","protected":false},"featured_media":74287,"template":"","meta":[],"product_brand":[],"product_cat":[1233,59,1228,1227],"product_tag":[1222],"woo-feed-brand":[],"class_list":{"0":"post-74286","1":"product","2":"type-product","3":"status-publish","4":"has-post-thumbnail","6":"product_cat-neutral","7":"product_cat-kids","8":"product_cat-babys","9":"product_cat-geschenkboxen","10":"product_tag-oykami-in-a-box","12":"first","13":"instock","14":"taxable","15":"shipping-taxable","16":"purchasable","17":"product-type-simple"},"_links":{"self":[{"href":"https:\/\/www.fleurop-home.ch\/fr-ch\/wp-json\/wp\/v2\/product\/74286","targetHints":{"allow":["GET"]}}],"collection":[{"href":"https:\/\/www.fleurop-home.ch\/fr-ch\/wp-json\/wp\/v2\/product"}],"about":[{"href":"https:\/\/www.fleurop-home.ch\/fr-ch\/wp-json\/wp\/v2\/types\/product"}],"wp:featuredmedia":[{"embeddable":true,"href":"https:\/\/www.fleurop-home.ch\/fr-ch\/wp-json\/wp\/v2\/media\/74287"}],"wp:attachment":[{"href":"https:\/\/www.fleurop-home.ch\/fr-ch\/wp-json\/wp\/v2\/media?parent=74286"}],"wp:term":[{"taxonomy":"product_brand","embeddable":true,"href":"https:\/\/www.fleurop-home.ch\/fr-ch\/wp-json\/wp\/v2\/product_brand?post=74286"},{"taxonomy":"product_cat","embeddable":true,"href":"https:\/\/www.fleurop-home.ch\/fr-ch\/wp-json\/wp\/v2\/product_cat?post=74286"},{"taxonomy":"product_tag","embeddable":true,"href":"https:\/\/www.fleurop-home.ch\/fr-ch\/wp-json\/wp\/v2\/product_tag?post=74286"},{"taxonomy":"woo-feed-brand","embeddable":true,"href":"https:\/\/www.fleurop-home.ch\/fr-ch\/wp-json\/wp\/v2\/woo-feed-brand?post=74286"}],"curies":[{"name":"wp","href":"https:\/\/api.w.org\/{rel}","templated":true}]}}