{"id":74226,"date":"2026-02-06T15:27:45","date_gmt":"2026-02-06T14:27:45","guid":{"rendered":"https:\/\/www.fleurop-home.ch\/de-ch\/?post_type=product&#038;p=74226"},"modified":"2026-03-13T16:13:58","modified_gmt":"2026-03-13T15:13:58","slug":"sculpture-de-lours-collecteur-luma","status":"publish","type":"product","link":"https:\/\/www.fleurop-home.ch\/fr-ch\/p\/luma-sammler-baer-skulptur","title":{"rendered":"Luma - Sculpture d'ours de collection"},"content":{"rendered":"<p data-start=\"583\" data-end=\"711\"><strong>Luma est une sculpture de collection minimaliste qui rappelle les petits moments d'amour qui nous donnent le sourire.<\/strong><\/p>\n<p data-start=\"713\" data-end=\"936\">Moul\u00e9 \u00e0 la main et soigneusement trait\u00e9 en Suisse \u00e0 partir d'un \u00e9co-composite min\u00e9ral, chaque pi\u00e8ce est ponc\u00e9e et scell\u00e9e. Les mattes <strong data-start=\"861\" data-end=\"886\">Surface Warm-Stone<\/strong> conf\u00e8re \u00e0 Luma une allure tranquille et intemporelle.<\/p>\n<p data-start=\"938\" data-end=\"1214\">Plus qu'un simple objet de d\u00e9coration, Luma est un doux souvenir - inspir\u00e9 par la s\u00e9curit\u00e9, l'enfance et les gestes simples qui restent.<br data-start=\"1089\" data-end=\"1092\" \/>Elle porte son petit c\u0153ur dor\u00e9 caract\u00e9ristique sur sa patte gauche comme un symbole discret de chaleur et d'affection.<\/p>\n<p data-start=\"1216\" data-end=\"1390\">Luma est livr\u00e9 dans un sac en velours doux de couleur cr\u00e8me et est parfait comme cadeau ou comme accent affectueux sur une \u00e9tag\u00e8re, une table de nuit ou un bureau.<\/p>\n<h4 data-start=\"1397\" data-end=\"1422\"><strong data-start=\"1401\" data-end=\"1422\">Mat\u00e9riel et entretien<\/strong><\/h4>\n<ul data-start=\"1424\" data-end=\"1622\">\n<li data-start=\"1424\" data-end=\"1454\">\n<p data-start=\"1426\" data-end=\"1454\">Eco-composite min\u00e9ral. Les petites variations de couleur et de surface font partie du caract\u00e8re artisanal et rendent chaque Luma unique.<\/p>\n<\/li>\n<li data-start=\"1424\" data-end=\"1454\">\n<p data-start=\"1426\" data-end=\"1454\">Dimensions : environ 11 \u00d7 4,5 \u00d7 4 cm (H \u00d7 L \u00d7 P)<\/p>\n<\/li>\n<li data-start=\"1424\" data-end=\"1454\">\n<p data-start=\"1426\" data-end=\"1454\">Moul\u00e9 \u00e0 la main et scell\u00e9<\/p>\n<\/li>\n<li data-start=\"1424\" data-end=\"1454\">\n<p data-start=\"1426\" data-end=\"1454\">Nettoyer avec un chiffon doux et sec ou l\u00e9g\u00e8rement humide<\/p>\n<\/li>\n<li data-start=\"1424\" data-end=\"1454\">\n<p data-start=\"1426\" data-end=\"1454\">Ne passe pas au lave-vaisselle<\/p>\n<\/li>\n<li data-start=\"1424\" data-end=\"1454\">\n<p data-start=\"1426\" data-end=\"1454\">Ne convient pas pour les aliments<\/p>\n<\/li>\n<\/ul>","protected":false},"excerpt":{"rendered":"<p data-start=\"215\" data-end=\"363\">Une sculpture d'ours faite \u00e0 la main en \u00e9co-composite min\u00e9ral. Avec sa forme douce, sa surface mate en pierre chaude et son petit c\u0153ur dor\u00e9, Luma est un objet de d\u00e9coration adorable et une id\u00e9e de cadeau sp\u00e9ciale.<\/p>","protected":false},"featured_media":75754,"template":"","meta":[],"product_brand":[],"product_cat":[1190,23,1023,797,30],"product_tag":[1218],"woo-feed-brand":[],"class_list":{"0":"post-74226","1":"product","2":"type-product","3":"status-publish","4":"has-post-thumbnail","6":"product_cat-dekoobjekte","7":"product_cat-home-living","8":"product_cat-fuer-mama","9":"product_cat-muttertag","10":"product_cat-deko-accessoires","11":"product_tag-hw-designs","13":"first","14":"instock","15":"taxable","16":"shipping-taxable","17":"purchasable","18":"product-type-simple"},"_links":{"self":[{"href":"https:\/\/www.fleurop-home.ch\/fr-ch\/wp-json\/wp\/v2\/product\/74226","targetHints":{"allow":["GET"]}}],"collection":[{"href":"https:\/\/www.fleurop-home.ch\/fr-ch\/wp-json\/wp\/v2\/product"}],"about":[{"href":"https:\/\/www.fleurop-home.ch\/fr-ch\/wp-json\/wp\/v2\/types\/product"}],"wp:featuredmedia":[{"embeddable":true,"href":"https:\/\/www.fleurop-home.ch\/fr-ch\/wp-json\/wp\/v2\/media\/75754"}],"wp:attachment":[{"href":"https:\/\/www.fleurop-home.ch\/fr-ch\/wp-json\/wp\/v2\/media?parent=74226"}],"wp:term":[{"taxonomy":"product_brand","embeddable":true,"href":"https:\/\/www.fleurop-home.ch\/fr-ch\/wp-json\/wp\/v2\/product_brand?post=74226"},{"taxonomy":"product_cat","embeddable":true,"href":"https:\/\/www.fleurop-home.ch\/fr-ch\/wp-json\/wp\/v2\/product_cat?post=74226"},{"taxonomy":"product_tag","embeddable":true,"href":"https:\/\/www.fleurop-home.ch\/fr-ch\/wp-json\/wp\/v2\/product_tag?post=74226"},{"taxonomy":"woo-feed-brand","embeddable":true,"href":"https:\/\/www.fleurop-home.ch\/fr-ch\/wp-json\/wp\/v2\/woo-feed-brand?post=74226"}],"curies":[{"name":"wp","href":"https:\/\/api.w.org\/{rel}","templated":true}]}}