{"id":74207,"date":"2026-02-06T10:49:06","date_gmt":"2026-02-06T09:49:06","guid":{"rendered":"https:\/\/www.fleurop-home.ch\/de-ch\/?post_type=product&#038;p=74207"},"modified":"2026-04-15T16:30:58","modified_gmt":"2026-04-15T14:30:58","slug":"ambiente-candle-set-beige","status":"publish","type":"product","link":"https:\/\/www.fleurop-home.ch\/fr-ch\/p\/ambiente-candle-set-beige","title":{"rendered":"Set de bougies d'ambiance beige"},"content":{"rendered":"<p>Set de bougies pour une utilisation \u00e0 l'int\u00e9rieur et \u00e0 l'ext\u00e9rieur.<\/p>\n<ul>\n<li>Tailles : 9\u00d76.5cm &amp; 9\u00d78.5cm<\/li>\n<li>avec minuterie 6h on 18h off<\/li>\n<li>pour piles AA<\/li>\n<\/ul>","protected":false},"excerpt":{"rendered":"<p>Set de bougies pour une utilisation \u00e0 l'int\u00e9rieur et \u00e0 l'ext\u00e9rieur.<\/p>","protected":false},"featured_media":74208,"template":"","meta":[],"product_brand":[],"product_cat":[103,23,28,34,35],"product_tag":[983],"woo-feed-brand":[],"class_list":{"0":"post-74207","1":"product","2":"type-product","3":"status-publish","4":"has-post-thumbnail","6":"product_cat-kerzen","7":"product_cat-home-living","8":"product_cat-kerzen-lichter","9":"product_cat-garten-balkon","10":"product_cat-gartendeko","11":"product_tag-selection-by-fleurophome","13":"first","14":"instock","15":"taxable","16":"shipping-taxable","17":"purchasable","18":"product-type-simple"},"_links":{"self":[{"href":"https:\/\/www.fleurop-home.ch\/fr-ch\/wp-json\/wp\/v2\/product\/74207","targetHints":{"allow":["GET"]}}],"collection":[{"href":"https:\/\/www.fleurop-home.ch\/fr-ch\/wp-json\/wp\/v2\/product"}],"about":[{"href":"https:\/\/www.fleurop-home.ch\/fr-ch\/wp-json\/wp\/v2\/types\/product"}],"wp:featuredmedia":[{"embeddable":true,"href":"https:\/\/www.fleurop-home.ch\/fr-ch\/wp-json\/wp\/v2\/media\/74208"}],"wp:attachment":[{"href":"https:\/\/www.fleurop-home.ch\/fr-ch\/wp-json\/wp\/v2\/media?parent=74207"}],"wp:term":[{"taxonomy":"product_brand","embeddable":true,"href":"https:\/\/www.fleurop-home.ch\/fr-ch\/wp-json\/wp\/v2\/product_brand?post=74207"},{"taxonomy":"product_cat","embeddable":true,"href":"https:\/\/www.fleurop-home.ch\/fr-ch\/wp-json\/wp\/v2\/product_cat?post=74207"},{"taxonomy":"product_tag","embeddable":true,"href":"https:\/\/www.fleurop-home.ch\/fr-ch\/wp-json\/wp\/v2\/product_tag?post=74207"},{"taxonomy":"woo-feed-brand","embeddable":true,"href":"https:\/\/www.fleurop-home.ch\/fr-ch\/wp-json\/wp\/v2\/woo-feed-brand?post=74207"}],"curies":[{"name":"wp","href":"https:\/\/api.w.org\/{rel}","templated":true}]}}