{"id":74186,"date":"2026-02-06T10:16:17","date_gmt":"2026-02-06T09:16:17","guid":{"rendered":"https:\/\/www.fleurop-home.ch\/de-ch\/?post_type=product&#038;p=74186"},"modified":"2026-04-15T16:30:17","modified_gmt":"2026-04-15T14:30:17","slug":"solar-antic-lamp-farfalla-13x30cm-marron","status":"publish","type":"product","link":"https:\/\/www.fleurop-home.ch\/fr-ch\/p\/solar-antic-lamp-farfalla-13x30cm-braun","title":{"rendered":"Solar Antic Lamp Farfalla 13x30cm brun"},"content":{"rendered":"<p>Apporte une ambiance romantique et une lumi\u00e8re chaleureuse dans ton jardin ou ton espace de vie - avec la lampe solaire Antik Lamp Farfalla. La silhouette d\u00e9licate du papillon et le bo\u00eetier en m\u00e9tal brun antique donnent \u00e0 cette lampe un charmant look vintage qui est d\u00e9coratif pendant la journ\u00e9e et cr\u00e9e un jeu de lumi\u00e8re d'ambiance le soir.<\/p>\n<p>Gr\u00e2ce \u00e0 l'\u00e9nergie solaire et au Twilight-Switch, Farfalla s'allume automatiquement au cr\u00e9puscule et cr\u00e9e une lumi\u00e8re d'ambiance blanche et chaude sans c\u00e2ble ni frais d'\u00e9lectricit\u00e9. Avec sa hauteur \u00e9l\u00e9gante de 30 cm, elle cr\u00e9e des accents d\u00e9coratifs aussi bien individuellement qu'en groupe - id\u00e9ale pour les all\u00e9es de jardin, les terrasses, les balcons ou les espaces int\u00e9rieurs confortables.<\/p>\n<p><strong>Avantages du produit<\/strong><\/p>\n<ul>\n<li>Lumi\u00e8re LED blanche chaude pour une atmosph\u00e8re accueillante<\/li>\n<li>Capteur de cr\u00e9puscule automatique (Twilight Switch)<\/li>\n<li>Fonctionne \u00e0 l'\u00e9nergie solaire - pas de c\u00e2bles, pas de co\u00fbts \u00e9nerg\u00e9tiques<\/li>\n<li>Convient pour l'int\u00e9rieur &amp; l'ext\u00e9rieur<\/li>\n<li>Aspect d\u00e9coratif en forme de papillon<\/li>\n<li>Taille : 13 \u00d7 30 cm<\/li>\n<li>Batterie de 600 mAh (1\u00d7 14500)<\/li>\n<li>Bo\u00eetier m\u00e9tallique robuste en marron antique<\/li>\n<\/ul>","protected":false},"excerpt":{"rendered":"<p>Apporte une ambiance romantique et une lumi\u00e8re chaleureuse dans ton jardin ou ton espace de vie - avec la lampe solaire Antik Lamp Farfalla. La silhouette d\u00e9licate du papillon et le bo\u00eetier en m\u00e9tal brun antique donnent \u00e0 cette lampe un charmant look vintage qui est d\u00e9coratif pendant la journ\u00e9e et cr\u00e9e un jeu de lumi\u00e8re d'ambiance le soir.<\/p>","protected":false},"featured_media":74187,"template":"","meta":[],"product_brand":[],"product_cat":[1190,23,108,30,28,34,35],"product_tag":[983],"woo-feed-brand":[],"class_list":{"0":"post-74186","1":"product","2":"type-product","3":"status-publish","4":"has-post-thumbnail","6":"product_cat-dekoobjekte","7":"product_cat-home-living","8":"product_cat-lichterketten-laternen","9":"product_cat-deko-accessoires","10":"product_cat-kerzen-lichter","11":"product_cat-garten-balkon","12":"product_cat-gartendeko","13":"product_tag-selection-by-fleurophome","15":"first","16":"instock","17":"taxable","18":"shipping-taxable","19":"purchasable","20":"product-type-simple"},"_links":{"self":[{"href":"https:\/\/www.fleurop-home.ch\/fr-ch\/wp-json\/wp\/v2\/product\/74186","targetHints":{"allow":["GET"]}}],"collection":[{"href":"https:\/\/www.fleurop-home.ch\/fr-ch\/wp-json\/wp\/v2\/product"}],"about":[{"href":"https:\/\/www.fleurop-home.ch\/fr-ch\/wp-json\/wp\/v2\/types\/product"}],"wp:featuredmedia":[{"embeddable":true,"href":"https:\/\/www.fleurop-home.ch\/fr-ch\/wp-json\/wp\/v2\/media\/74187"}],"wp:attachment":[{"href":"https:\/\/www.fleurop-home.ch\/fr-ch\/wp-json\/wp\/v2\/media?parent=74186"}],"wp:term":[{"taxonomy":"product_brand","embeddable":true,"href":"https:\/\/www.fleurop-home.ch\/fr-ch\/wp-json\/wp\/v2\/product_brand?post=74186"},{"taxonomy":"product_cat","embeddable":true,"href":"https:\/\/www.fleurop-home.ch\/fr-ch\/wp-json\/wp\/v2\/product_cat?post=74186"},{"taxonomy":"product_tag","embeddable":true,"href":"https:\/\/www.fleurop-home.ch\/fr-ch\/wp-json\/wp\/v2\/product_tag?post=74186"},{"taxonomy":"woo-feed-brand","embeddable":true,"href":"https:\/\/www.fleurop-home.ch\/fr-ch\/wp-json\/wp\/v2\/woo-feed-brand?post=74186"}],"curies":[{"name":"wp","href":"https:\/\/api.w.org\/{rel}","templated":true}]}}