{"id":74081,"date":"2026-02-10T08:08:42","date_gmt":"2026-02-10T07:08:42","guid":{"rendered":"https:\/\/www.fleurop-home.ch\/?post_type=product&#038;p=74081"},"modified":"2026-02-10T08:08:42","modified_gmt":"2026-02-10T07:08:42","slug":"coffret-cadeau-beige-bebe-ours-clair-destonie","status":"publish","type":"product","link":"https:\/\/www.fleurop-home.ch\/fr-ch\/p\/baby-geschenkbox-beige-estland-heller-baer","title":{"rendered":"Bo\u00eete cadeau pour b\u00e9b\u00e9 Beige \u00abEstonie\u00bb ourson clair"},"content":{"rendered":"<p>Nos bo\u00eetes OYKAMI sont plus que des cadeaux - elles r\u00e9unissent de beaux tr\u00e9sors de qualit\u00e9 qui apportent s\u00e9curit\u00e9 et moments de bonheur dans la maison.<\/p>\n<p>Notre coffret cadeau pour b\u00e9b\u00e9 contient<strong><br \/>\n<\/strong>- Tissu mousseline pour b\u00e9b\u00e9 en beige en coton organique 100% de la marque nordique \u00abFilibabba\u00bb.\u00bb<br \/>\n- Plaquette en bois \u00abhello world\u00bb<br \/>\n- Cha\u00eene de t\u00e9tine<br \/>\n- Anneau de dentition crochet\u00e9 \u00abourson mignon\u00bb avec clochette<br \/>\n- \u00e9toile crochet\u00e9e en blanc anneau de dentition<br \/>\n- Carte postale surprise<\/p>\n<p>Tous nos coffrets cadeaux ont \u00e9t\u00e9 cr\u00e9\u00e9s avec beaucoup d'amour et le plus grand soin afin de r\u00e9pondre aux besoins de l'enfant et de donner beaucoup de joie aux parents. Ils sont parfaits pour une naissance, une f\u00eate de b\u00e9b\u00e9 ou simplement pour montrer aux nouveaux parents que l'on pense \u00e0 eux \u2661.<\/p>\n<p>Emball\u00e9e dans une bo\u00eete magn\u00e9tique solide de haute qualit\u00e9 avec un joli n\u0153ud, elle est imm\u00e9diatement pr\u00eate \u00e0 \u00eatre offerte et restera longtemps comme bo\u00eete \u00e0 souvenirs \u2661.<\/p>\n<p>Informations suppl\u00e9mentaires :<br \/>\n- Essence : bois de h\u00eatre de qualit\u00e9 A<br \/>\n- Convient aux b\u00e9b\u00e9s 0+<\/p>","protected":false},"excerpt":{"rendered":"<p>Nos bo\u00eetes OYKAMI sont plus que des cadeaux - elles r\u00e9unissent de beaux tr\u00e9sors de qualit\u00e9 qui apportent s\u00e9curit\u00e9 et moments de bonheur dans la maison.<\/p>","protected":false},"featured_media":74131,"template":"","meta":[],"product_brand":[],"product_cat":[1233,1228,1227],"product_tag":[1222],"woo-feed-brand":[],"class_list":{"0":"post-74081","1":"product","2":"type-product","3":"status-publish","4":"has-post-thumbnail","6":"product_cat-neutral","7":"product_cat-babys","8":"product_cat-geschenkboxen","9":"product_tag-oykami-in-a-box","11":"first","12":"instock","13":"taxable","14":"shipping-taxable","15":"purchasable","16":"product-type-simple"},"_links":{"self":[{"href":"https:\/\/www.fleurop-home.ch\/fr-ch\/wp-json\/wp\/v2\/product\/74081","targetHints":{"allow":["GET"]}}],"collection":[{"href":"https:\/\/www.fleurop-home.ch\/fr-ch\/wp-json\/wp\/v2\/product"}],"about":[{"href":"https:\/\/www.fleurop-home.ch\/fr-ch\/wp-json\/wp\/v2\/types\/product"}],"wp:featuredmedia":[{"embeddable":true,"href":"https:\/\/www.fleurop-home.ch\/fr-ch\/wp-json\/wp\/v2\/media\/74131"}],"wp:attachment":[{"href":"https:\/\/www.fleurop-home.ch\/fr-ch\/wp-json\/wp\/v2\/media?parent=74081"}],"wp:term":[{"taxonomy":"product_brand","embeddable":true,"href":"https:\/\/www.fleurop-home.ch\/fr-ch\/wp-json\/wp\/v2\/product_brand?post=74081"},{"taxonomy":"product_cat","embeddable":true,"href":"https:\/\/www.fleurop-home.ch\/fr-ch\/wp-json\/wp\/v2\/product_cat?post=74081"},{"taxonomy":"product_tag","embeddable":true,"href":"https:\/\/www.fleurop-home.ch\/fr-ch\/wp-json\/wp\/v2\/product_tag?post=74081"},{"taxonomy":"woo-feed-brand","embeddable":true,"href":"https:\/\/www.fleurop-home.ch\/fr-ch\/wp-json\/wp\/v2\/woo-feed-brand?post=74081"}],"curies":[{"name":"wp","href":"https:\/\/api.w.org\/{rel}","templated":true}]}}