{"id":74073,"date":"2026-02-10T08:08:42","date_gmt":"2026-02-10T07:08:42","guid":{"rendered":"https:\/\/www.fleurop-home.ch\/?post_type=product&#038;p=74073"},"modified":"2026-02-10T08:08:42","modified_gmt":"2026-02-10T07:08:42","slug":"home-spray-parfum-r-carlton-30ml","status":"publish","type":"product","link":"https:\/\/www.fleurop-home.ch\/fr-ch\/p\/home-spray-duftrichtung-r-carlton-30ml","title":{"rendered":"Home Spray parfum R. Carlton, 30ml"},"content":{"rendered":"<p>D\u00e9couvre le luxe de notre spray pour la maison dans ta propre maison avec le spray pour la maison OYKAMI au parfum exquis du Ritz Carlton. Ce spray pour la maison de haute qualit\u00e9 est le choix parfait pour donner \u00e0 chaque pi\u00e8ce une atmosph\u00e8re \u00e9l\u00e9gante et accueillante.<\/p>\n<p>Caract\u00e9ristiques sp\u00e9ciales de notre spray OYKAMI Home :<br \/>\n<strong>Parfum noble :<\/strong> Le parfum Ritz Carlton te transporte dans un monde d'\u00e9l\u00e9gance et de raffinement. Inspir\u00e9 par les h\u00f4tels les plus nobles du monde, ce parfum diffuse une atmosph\u00e8re sophistiqu\u00e9e et apaisante, \u00e0 la fois vivifiante et relaxante. Id\u00e9al pour le salon, la chambre \u00e0 coucher ou la salle de bain ainsi que pour ton bureau.<br \/>\n<strong>Une utilisation polyvalente : <\/strong>Le spray OYKAMI Home est simple et polyvalent \u00e0 utiliser. Quelques vaporisations suffisent pour remplir imm\u00e9diatement la pi\u00e8ce d'un parfum luxueux. Il est parfait pour les rafra\u00eechissements rapides de temps en temps ou pour recevoir des invit\u00e9s avec une ambiance particuli\u00e8rement agr\u00e9able.<br \/>\n<strong>Effet durable :<\/strong> Gr\u00e2ce aux ingr\u00e9dients de haute qualit\u00e9, le parfum reste longtemps dans l'air et sur les textiles, ce qui te permet de profiter de l'atmosph\u00e8re \u00e9l\u00e9gante pendant une longue p\u00e9riode.<br \/>\n<strong>Design \u00e9l\u00e9gant :<\/strong> L'\u00e9l\u00e9gante bouteille du spray maison OYKAMI n'est pas seulement fonctionnelle, elle est aussi un point fort esth\u00e9tique. Il s'int\u00e8gre parfaitement dans chaque int\u00e9rieur et apporte une touche de style.<\/p>\n<p>Offre-toi le luxe dans ta propre maison avec le spray OYKAMI Home. Laisse-toi envo\u00fbter par ce parfum raffin\u00e9 et cr\u00e9e une atmosph\u00e8re qui ravira aussi bien toi que tes invit\u00e9s.<\/p>\n<p>D\u00e9tails :<br \/>\n- Bouteille en verre de 30 ml<br \/>\n- Livr\u00e9 dans une bo\u00eete<\/p>\n<p><strong>CONSIGNES DE S\u00c9CURIT\u00c9 ET AVERTISSEMENTS - SPRAY MAISON \/ SPRAY PARFUM\u00c9<\/strong><\/p>\n<p>Mode d'emploi :<br \/>\n- Bien agiter avant utilisation.<br \/>\n- Vaporise le produit dans l'air (1 pulv\u00e9risation) et \u00e9vite le contact direct avec les surfaces, les textiles et la peau.<br \/>\n- Ne pas vaporiser en direction des personnes ou des animaux.<\/p>\n<p>Mesures de s\u00e9curit\u00e9 :<br \/>\n- Ne pas avaler ! En cas d'ingestion, demander imm\u00e9diatement conseil \u00e0 un m\u00e9decin et lui montrer l'emballage.<br \/>\n- Ne pas respirer l'a\u00e9rosol. Utiliser uniquement dans des zones bien ventil\u00e9es.<br \/>\n- \u00c9viter le contact avec les yeux et la peau. En cas de contact, rincer abondamment \u00e0 l'eau et consulter un m\u00e9decin si n\u00e9cessaire.<br \/>\n- Tenir \u00e0 l'\u00e9cart des enfants et des animaux domestiques.<br \/>\n- Ne pas vaporiser \u00e0 proximit\u00e9 de flammes nues ou de surfaces chaudes - Inflammable !<br \/>\n- Prot\u00e9ger le r\u00e9cipient de la lumi\u00e8re directe du soleil et des temp\u00e9ratures sup\u00e9rieures \u00e0 50\u00b0C.<br \/>\n- Ne pas vaporiser sur les surfaces peintes ou sensibles - risque de formation de taches.<\/p>\n<p>Danger : Peut provoquer des r\u00e9actions allergiques. En cas de doute, cesser l'utilisation.<\/p>\n<p>\u00c9limination des d\u00e9chets :<br \/>\n- \u00c9liminer les r\u00e9cipients vides conform\u00e9ment aux r\u00e9glementations locales.<br \/>\n- Utilise-le de mani\u00e8re responsable.<\/p>\n<p>&nbsp;<\/p>","protected":false},"excerpt":{"rendered":"<p>D\u00e9couvre le luxe de notre spray pour la maison dans ta propre maison avec le spray pour la maison OYKAMI au parfum exquis du Ritz Carlton. Ce spray pour la maison de haute qualit\u00e9 est le choix parfait pour donner \u00e0 chaque pi\u00e8ce une atmosph\u00e8re \u00e9l\u00e9gante et accueillante.<\/p>","protected":false},"featured_media":74175,"template":"","meta":[],"product_brand":[],"product_cat":[51,48],"product_tag":[1222],"woo-feed-brand":[],"class_list":{"0":"post-74073","1":"product","2":"type-product","3":"status-publish","4":"has-post-thumbnail","6":"product_cat-raumduefte","7":"product_cat-bad-wellness","8":"product_tag-oykami-in-a-box","10":"first","11":"instock","12":"taxable","13":"shipping-taxable","14":"purchasable","15":"product-type-simple"},"_links":{"self":[{"href":"https:\/\/www.fleurop-home.ch\/fr-ch\/wp-json\/wp\/v2\/product\/74073","targetHints":{"allow":["GET"]}}],"collection":[{"href":"https:\/\/www.fleurop-home.ch\/fr-ch\/wp-json\/wp\/v2\/product"}],"about":[{"href":"https:\/\/www.fleurop-home.ch\/fr-ch\/wp-json\/wp\/v2\/types\/product"}],"wp:featuredmedia":[{"embeddable":true,"href":"https:\/\/www.fleurop-home.ch\/fr-ch\/wp-json\/wp\/v2\/media\/74175"}],"wp:attachment":[{"href":"https:\/\/www.fleurop-home.ch\/fr-ch\/wp-json\/wp\/v2\/media?parent=74073"}],"wp:term":[{"taxonomy":"product_brand","embeddable":true,"href":"https:\/\/www.fleurop-home.ch\/fr-ch\/wp-json\/wp\/v2\/product_brand?post=74073"},{"taxonomy":"product_cat","embeddable":true,"href":"https:\/\/www.fleurop-home.ch\/fr-ch\/wp-json\/wp\/v2\/product_cat?post=74073"},{"taxonomy":"product_tag","embeddable":true,"href":"https:\/\/www.fleurop-home.ch\/fr-ch\/wp-json\/wp\/v2\/product_tag?post=74073"},{"taxonomy":"woo-feed-brand","embeddable":true,"href":"https:\/\/www.fleurop-home.ch\/fr-ch\/wp-json\/wp\/v2\/woo-feed-brand?post=74073"}],"curies":[{"name":"wp","href":"https:\/\/api.w.org\/{rel}","templated":true}]}}