{"id":73597,"date":"2026-01-23T14:15:19","date_gmt":"2026-01-23T13:15:19","guid":{"rendered":"https:\/\/www.fleurop-home.ch\/de-ch\/?post_type=product&#038;p=73597"},"modified":"2026-04-15T16:24:54","modified_gmt":"2026-04-15T14:24:54","slug":"routine-de-defilement","status":"publish","type":"product","link":"https:\/\/www.fleurop-home.ch\/fr-ch\/p\/scroll-routine","title":{"rendered":"SCROLL ROUTINE"},"content":{"rendered":"<p>Dans un monde o\u00f9 tout le monde a un pouce d'athl\u00e8te et o\u00f9 l'\u00e9cran brille plus fort que le soleil, il est difficile de s'arr\u00eater \u00e0 un seul d\u00e9filement. Les notifications clignotent et tu te dis que c'est la derni\u00e8re - avant d'aller dormir, avant d'aller travailler... ou avant le petit d\u00e9jeuner. Parfois, le monde peut vraiment s'\u00e9chapper entre tes doigts, mais au moins tes pieds ont un lien stable avec la r\u00e9alit\u00e9. Fais une petite mise \u00e0 jour de ta tenue avant de continuer \u00e0 faire d\u00e9filer - apr\u00e8s tout, ton tiroir n'a pas besoin de Wi-Fi.<\/p>","protected":false},"excerpt":{"rendered":"<p>SCROLL ROUTINE Chaussettes de sport par Many Mornings<\/p>","protected":false},"featured_media":73603,"template":"","meta":[],"product_brand":[],"product_cat":[56,52],"product_tag":[298],"woo-feed-brand":[],"class_list":{"0":"post-73597","1":"product","2":"type-product","3":"status-publish","4":"has-post-thumbnail","6":"product_cat-bunte-socken","7":"product_cat-geschenke","8":"product_tag-sportagon-gmbh","10":"first","11":"instock","12":"taxable","13":"shipping-taxable","14":"purchasable","15":"product-type-variable"},"_links":{"self":[{"href":"https:\/\/www.fleurop-home.ch\/fr-ch\/wp-json\/wp\/v2\/product\/73597","targetHints":{"allow":["GET"]}}],"collection":[{"href":"https:\/\/www.fleurop-home.ch\/fr-ch\/wp-json\/wp\/v2\/product"}],"about":[{"href":"https:\/\/www.fleurop-home.ch\/fr-ch\/wp-json\/wp\/v2\/types\/product"}],"wp:featuredmedia":[{"embeddable":true,"href":"https:\/\/www.fleurop-home.ch\/fr-ch\/wp-json\/wp\/v2\/media\/73603"}],"wp:attachment":[{"href":"https:\/\/www.fleurop-home.ch\/fr-ch\/wp-json\/wp\/v2\/media?parent=73597"}],"wp:term":[{"taxonomy":"product_brand","embeddable":true,"href":"https:\/\/www.fleurop-home.ch\/fr-ch\/wp-json\/wp\/v2\/product_brand?post=73597"},{"taxonomy":"product_cat","embeddable":true,"href":"https:\/\/www.fleurop-home.ch\/fr-ch\/wp-json\/wp\/v2\/product_cat?post=73597"},{"taxonomy":"product_tag","embeddable":true,"href":"https:\/\/www.fleurop-home.ch\/fr-ch\/wp-json\/wp\/v2\/product_tag?post=73597"},{"taxonomy":"woo-feed-brand","embeddable":true,"href":"https:\/\/www.fleurop-home.ch\/fr-ch\/wp-json\/wp\/v2\/woo-feed-brand?post=73597"}],"curies":[{"name":"wp","href":"https:\/\/api.w.org\/{rel}","templated":true}]}}