{"id":73588,"date":"2026-01-23T14:12:29","date_gmt":"2026-01-23T13:12:29","guid":{"rendered":"https:\/\/www.fleurop-home.ch\/de-ch\/?post_type=product&#038;p=73588"},"modified":"2026-04-15T16:25:01","modified_gmt":"2026-04-15T14:25:01","slug":"rush-routine","status":"publish","type":"product","link":"https:\/\/www.fleurop-home.ch\/fr-ch\/p\/rush-routine","title":{"rendered":"RUSH ROUTINE"},"content":{"rendered":"<p>Ici, il n'y a pas de place pour la slow life. C'est le caf\u00e9 rapide, les d\u00e9cisions rapides - ton propre rythme dans le chaos quotidien. M\u00eame si le caf\u00e9 est renvers\u00e9, il reste ta routine de rush. Le r\u00e9veil sonne, la machine n'est pas encore en marche, et dehors, le monde frappe d\u00e9j\u00e0 \u00e0 ta fen\u00eatre. Bienvenue dans un matin qui a le go\u00fbt de l'espresso et qui ressemble \u00e0 une course contre la montre. Ces chaussettes capturent exactement ce moment - plein d'\u00e9nergie, spontan\u00e9 et sans compromis.<\/p>","protected":false},"excerpt":{"rendered":"<p>Chaussettes RUSH ROUTINE par Many Mornings<\/p>","protected":false},"featured_media":73594,"template":"","meta":[],"product_brand":[],"product_cat":[56,1002,999,52],"product_tag":[298],"woo-feed-brand":[],"class_list":{"0":"post-73588","1":"product","2":"type-product","3":"status-publish","4":"has-post-thumbnail","6":"product_cat-bunte-socken","7":"product_cat-fuer-ihn","8":"product_cat-valentinstag","9":"product_cat-geschenke","10":"product_tag-sportagon-gmbh","12":"first","13":"instock","14":"taxable","15":"shipping-taxable","16":"purchasable","17":"product-type-variable"},"_links":{"self":[{"href":"https:\/\/www.fleurop-home.ch\/fr-ch\/wp-json\/wp\/v2\/product\/73588","targetHints":{"allow":["GET"]}}],"collection":[{"href":"https:\/\/www.fleurop-home.ch\/fr-ch\/wp-json\/wp\/v2\/product"}],"about":[{"href":"https:\/\/www.fleurop-home.ch\/fr-ch\/wp-json\/wp\/v2\/types\/product"}],"wp:featuredmedia":[{"embeddable":true,"href":"https:\/\/www.fleurop-home.ch\/fr-ch\/wp-json\/wp\/v2\/media\/73594"}],"wp:attachment":[{"href":"https:\/\/www.fleurop-home.ch\/fr-ch\/wp-json\/wp\/v2\/media?parent=73588"}],"wp:term":[{"taxonomy":"product_brand","embeddable":true,"href":"https:\/\/www.fleurop-home.ch\/fr-ch\/wp-json\/wp\/v2\/product_brand?post=73588"},{"taxonomy":"product_cat","embeddable":true,"href":"https:\/\/www.fleurop-home.ch\/fr-ch\/wp-json\/wp\/v2\/product_cat?post=73588"},{"taxonomy":"product_tag","embeddable":true,"href":"https:\/\/www.fleurop-home.ch\/fr-ch\/wp-json\/wp\/v2\/product_tag?post=73588"},{"taxonomy":"woo-feed-brand","embeddable":true,"href":"https:\/\/www.fleurop-home.ch\/fr-ch\/wp-json\/wp\/v2\/woo-feed-brand?post=73588"}],"curies":[{"name":"wp","href":"https:\/\/api.w.org\/{rel}","templated":true}]}}