{"id":73534,"date":"2026-01-23T13:58:01","date_gmt":"2026-01-23T12:58:01","guid":{"rendered":"https:\/\/www.fleurop-home.ch\/de-ch\/?post_type=product&#038;p=73534"},"modified":"2026-04-15T16:25:33","modified_gmt":"2026-04-15T14:25:33","slug":"club-de-latte","status":"publish","type":"product","link":"https:\/\/www.fleurop-home.ch\/fr-ch\/p\/latte-club","title":{"rendered":"LATTE CLUB"},"content":{"rendered":"<p style=\"text-align: left;\">Tout commence de mani\u00e8re inoffensive : un b\u00e2illement, quelques pas sur le sol froid et le bruit familier du caf\u00e9 qui s'\u00e9coule dans la tasse vide. Une gorg\u00e9e - et soudain le monde reprend son sens. Latte Club est un hommage \u00e0 l'ar\u00f4me, \u00e0 la mousse de lait et \u00e0 l'art d'infuser la vie \u00e0 ta propre mani\u00e8re. Car m\u00eame si c'est lundi, avec le bon remplissage, chaque jour peut ressembler un peu \u00e0 dimanche. Ces chaussettes capturent exactement cette sensation chaleureuse et famili\u00e8re.<\/p>","protected":false},"excerpt":{"rendered":"<p>Chaussettes de sport LATTE CLUB par Many Mornings<\/p>","protected":false},"featured_media":73539,"template":"","meta":[],"product_brand":[],"product_cat":[56,52],"product_tag":[298],"woo-feed-brand":[],"class_list":{"0":"post-73534","1":"product","2":"type-product","3":"status-publish","4":"has-post-thumbnail","6":"product_cat-bunte-socken","7":"product_cat-geschenke","8":"product_tag-sportagon-gmbh","10":"first","11":"instock","12":"taxable","13":"shipping-taxable","14":"purchasable","15":"product-type-variable"},"_links":{"self":[{"href":"https:\/\/www.fleurop-home.ch\/fr-ch\/wp-json\/wp\/v2\/product\/73534","targetHints":{"allow":["GET"]}}],"collection":[{"href":"https:\/\/www.fleurop-home.ch\/fr-ch\/wp-json\/wp\/v2\/product"}],"about":[{"href":"https:\/\/www.fleurop-home.ch\/fr-ch\/wp-json\/wp\/v2\/types\/product"}],"wp:featuredmedia":[{"embeddable":true,"href":"https:\/\/www.fleurop-home.ch\/fr-ch\/wp-json\/wp\/v2\/media\/73539"}],"wp:attachment":[{"href":"https:\/\/www.fleurop-home.ch\/fr-ch\/wp-json\/wp\/v2\/media?parent=73534"}],"wp:term":[{"taxonomy":"product_brand","embeddable":true,"href":"https:\/\/www.fleurop-home.ch\/fr-ch\/wp-json\/wp\/v2\/product_brand?post=73534"},{"taxonomy":"product_cat","embeddable":true,"href":"https:\/\/www.fleurop-home.ch\/fr-ch\/wp-json\/wp\/v2\/product_cat?post=73534"},{"taxonomy":"product_tag","embeddable":true,"href":"https:\/\/www.fleurop-home.ch\/fr-ch\/wp-json\/wp\/v2\/product_tag?post=73534"},{"taxonomy":"woo-feed-brand","embeddable":true,"href":"https:\/\/www.fleurop-home.ch\/fr-ch\/wp-json\/wp\/v2\/woo-feed-brand?post=73534"}],"curies":[{"name":"wp","href":"https:\/\/api.w.org\/{rel}","templated":true}]}}