{"id":73527,"date":"2026-01-23T13:48:13","date_gmt":"2026-01-23T12:48:13","guid":{"rendered":"https:\/\/www.fleurop-home.ch\/de-ch\/?post_type=product&#038;p=73527"},"modified":"2026-04-15T16:25:40","modified_gmt":"2026-04-15T14:25:40","slug":"kind-routine","status":"publish","type":"product","link":"https:\/\/www.fleurop-home.ch\/fr-ch\/p\/kind-routine","title":{"rendered":"ROUTINE ENFANT"},"content":{"rendered":"<p style=\"text-align: left;\">Tous les matins ne sont pas une course contre la montre. Parfois, tu ouvres simplement les yeux, tu souris au monde ou tu te tournes vers ta personne pr\u00e9f\u00e9r\u00e9e pour un doux baiser. C'est un petit rituel de chaleur et de calme - quand le caf\u00e9 ne refroidit pas trop vite et que les pens\u00e9es tombent d'elles-m\u00eames \u00e0 leur place. Cette routine, la plus douce de toutes, t'offre un d\u00e9but de journ\u00e9e parfait - et c'est exactement ce sentiment que l'on retrouve dans nos chaussettes de routine enfant.<\/p>","protected":false},"excerpt":{"rendered":"<p>Chaussettes de sport ROUTINE ENFANT par Many Mornings<\/p>","protected":false},"featured_media":73531,"template":"","meta":[],"product_brand":[],"product_cat":[56,1002,999,52],"product_tag":[298],"woo-feed-brand":[],"class_list":{"0":"post-73527","1":"product","2":"type-product","3":"status-publish","4":"has-post-thumbnail","6":"product_cat-bunte-socken","7":"product_cat-fuer-ihn","8":"product_cat-valentinstag","9":"product_cat-geschenke","10":"product_tag-sportagon-gmbh","12":"first","13":"instock","14":"taxable","15":"shipping-taxable","16":"purchasable","17":"product-type-variable"},"_links":{"self":[{"href":"https:\/\/www.fleurop-home.ch\/fr-ch\/wp-json\/wp\/v2\/product\/73527","targetHints":{"allow":["GET"]}}],"collection":[{"href":"https:\/\/www.fleurop-home.ch\/fr-ch\/wp-json\/wp\/v2\/product"}],"about":[{"href":"https:\/\/www.fleurop-home.ch\/fr-ch\/wp-json\/wp\/v2\/types\/product"}],"wp:featuredmedia":[{"embeddable":true,"href":"https:\/\/www.fleurop-home.ch\/fr-ch\/wp-json\/wp\/v2\/media\/73531"}],"wp:attachment":[{"href":"https:\/\/www.fleurop-home.ch\/fr-ch\/wp-json\/wp\/v2\/media?parent=73527"}],"wp:term":[{"taxonomy":"product_brand","embeddable":true,"href":"https:\/\/www.fleurop-home.ch\/fr-ch\/wp-json\/wp\/v2\/product_brand?post=73527"},{"taxonomy":"product_cat","embeddable":true,"href":"https:\/\/www.fleurop-home.ch\/fr-ch\/wp-json\/wp\/v2\/product_cat?post=73527"},{"taxonomy":"product_tag","embeddable":true,"href":"https:\/\/www.fleurop-home.ch\/fr-ch\/wp-json\/wp\/v2\/product_tag?post=73527"},{"taxonomy":"woo-feed-brand","embeddable":true,"href":"https:\/\/www.fleurop-home.ch\/fr-ch\/wp-json\/wp\/v2\/woo-feed-brand?post=73527"}],"curies":[{"name":"wp","href":"https:\/\/api.w.org\/{rel}","templated":true}]}}