{"id":73519,"date":"2026-01-23T13:43:49","date_gmt":"2026-01-23T12:43:49","guid":{"rendered":"https:\/\/www.fleurop-home.ch\/de-ch\/?post_type=product&#038;p=73519"},"modified":"2026-04-15T16:25:48","modified_gmt":"2026-04-15T14:25:48","slug":"green-groove","status":"publish","type":"product","link":"https:\/\/www.fleurop-home.ch\/fr-ch\/p\/green-groove","title":{"rendered":"GREEN GROOVE"},"content":{"rendered":"<p style=\"text-align: left;\">Green Groove est la pause entre deux pens\u00e9es - un matin qui se d\u00e9place tout seul. Tu ne dois pas courir apr\u00e8s tout. Certaines choses te trouvent si tu es assez calme pour les remarquer. Plus que des chaussettes !<br \/>\nLa verdure autour de toi murmure le calme. Ici, rien ne presse et chaque moment se d\u00e9roule \u00e0 son propre rythme. Le monde passe \u00e0 toute vitesse - et tu respires simplement.<\/p>","protected":false},"excerpt":{"rendered":"<p>GREEN GROOVE Chaussettes de sport par Many Mornings<\/p>","protected":false},"featured_media":73524,"template":"","meta":[],"product_brand":[],"product_cat":[56,52],"product_tag":[298],"woo-feed-brand":[],"class_list":{"0":"post-73519","1":"product","2":"type-product","3":"status-publish","4":"has-post-thumbnail","6":"product_cat-bunte-socken","7":"product_cat-geschenke","8":"product_tag-sportagon-gmbh","10":"first","11":"instock","12":"taxable","13":"shipping-taxable","14":"purchasable","15":"product-type-variable"},"_links":{"self":[{"href":"https:\/\/www.fleurop-home.ch\/fr-ch\/wp-json\/wp\/v2\/product\/73519","targetHints":{"allow":["GET"]}}],"collection":[{"href":"https:\/\/www.fleurop-home.ch\/fr-ch\/wp-json\/wp\/v2\/product"}],"about":[{"href":"https:\/\/www.fleurop-home.ch\/fr-ch\/wp-json\/wp\/v2\/types\/product"}],"wp:featuredmedia":[{"embeddable":true,"href":"https:\/\/www.fleurop-home.ch\/fr-ch\/wp-json\/wp\/v2\/media\/73524"}],"wp:attachment":[{"href":"https:\/\/www.fleurop-home.ch\/fr-ch\/wp-json\/wp\/v2\/media?parent=73519"}],"wp:term":[{"taxonomy":"product_brand","embeddable":true,"href":"https:\/\/www.fleurop-home.ch\/fr-ch\/wp-json\/wp\/v2\/product_brand?post=73519"},{"taxonomy":"product_cat","embeddable":true,"href":"https:\/\/www.fleurop-home.ch\/fr-ch\/wp-json\/wp\/v2\/product_cat?post=73519"},{"taxonomy":"product_tag","embeddable":true,"href":"https:\/\/www.fleurop-home.ch\/fr-ch\/wp-json\/wp\/v2\/product_tag?post=73519"},{"taxonomy":"woo-feed-brand","embeddable":true,"href":"https:\/\/www.fleurop-home.ch\/fr-ch\/wp-json\/wp\/v2\/woo-feed-brand?post=73519"}],"curies":[{"name":"wp","href":"https:\/\/api.w.org\/{rel}","templated":true}]}}