{"id":73509,"date":"2026-01-23T13:28:51","date_gmt":"2026-01-23T12:28:51","guid":{"rendered":"https:\/\/www.fleurop-home.ch\/de-ch\/?post_type=product&#038;p=73509"},"modified":"2026-04-15T16:25:54","modified_gmt":"2026-04-15T14:25:54","slug":"busy-bee","status":"publish","type":"product","link":"https:\/\/www.fleurop-home.ch\/fr-ch\/p\/busy-bee","title":{"rendered":"BUSY BEE"},"content":{"rendered":"<p style=\"text-align: left;\">On dit que les oppos\u00e9s s'attirent - mais sont-ils vraiment oppos\u00e9s ? Ce qui est s\u00fbr, c'est que ce couple ne peut pas se passer l'un de l'autre. Comme le miel sans la ruche ou Many sans Mornings. Ensemble, ils trouvent l'\u00e9quilibre parfait : un peu de douceur, un peu de bourdonnement et beaucoup de bonne \u00e9nergie. C'est peut-\u00eatre de cela qu'il s'agit : trouver un endroit o\u00f9 tu peux \u00eatre \u00e0 la fois doux et courageux, occup\u00e9 et serein.<\/p>","protected":false},"excerpt":{"rendered":"<p>Chaussettes de sport BUSY BEE par Many Mornings<\/p>","protected":false},"featured_media":73517,"template":"","meta":[],"product_brand":[],"product_cat":[56,1023,1003,797,999,52],"product_tag":[298],"woo-feed-brand":[],"class_list":{"0":"post-73509","1":"product","2":"type-product","3":"status-publish","4":"has-post-thumbnail","6":"product_cat-bunte-socken","7":"product_cat-fuer-mama","8":"product_cat-fuer-sie","9":"product_cat-muttertag","10":"product_cat-valentinstag","11":"product_cat-geschenke","12":"product_tag-sportagon-gmbh","14":"first","15":"instock","16":"taxable","17":"shipping-taxable","18":"purchasable","19":"product-type-variable"},"_links":{"self":[{"href":"https:\/\/www.fleurop-home.ch\/fr-ch\/wp-json\/wp\/v2\/product\/73509","targetHints":{"allow":["GET"]}}],"collection":[{"href":"https:\/\/www.fleurop-home.ch\/fr-ch\/wp-json\/wp\/v2\/product"}],"about":[{"href":"https:\/\/www.fleurop-home.ch\/fr-ch\/wp-json\/wp\/v2\/types\/product"}],"wp:featuredmedia":[{"embeddable":true,"href":"https:\/\/www.fleurop-home.ch\/fr-ch\/wp-json\/wp\/v2\/media\/73517"}],"wp:attachment":[{"href":"https:\/\/www.fleurop-home.ch\/fr-ch\/wp-json\/wp\/v2\/media?parent=73509"}],"wp:term":[{"taxonomy":"product_brand","embeddable":true,"href":"https:\/\/www.fleurop-home.ch\/fr-ch\/wp-json\/wp\/v2\/product_brand?post=73509"},{"taxonomy":"product_cat","embeddable":true,"href":"https:\/\/www.fleurop-home.ch\/fr-ch\/wp-json\/wp\/v2\/product_cat?post=73509"},{"taxonomy":"product_tag","embeddable":true,"href":"https:\/\/www.fleurop-home.ch\/fr-ch\/wp-json\/wp\/v2\/product_tag?post=73509"},{"taxonomy":"woo-feed-brand","embeddable":true,"href":"https:\/\/www.fleurop-home.ch\/fr-ch\/wp-json\/wp\/v2\/woo-feed-brand?post=73509"}],"curies":[{"name":"wp","href":"https:\/\/api.w.org\/{rel}","templated":true}]}}