{"id":73504,"date":"2026-01-23T13:26:24","date_gmt":"2026-01-23T12:26:24","guid":{"rendered":"https:\/\/www.fleurop-home.ch\/de-ch\/?post_type=product&#038;p=73504"},"modified":"2026-04-15T16:26:01","modified_gmt":"2026-04-15T14:26:01","slug":"blue-blues","status":"publish","type":"product","link":"https:\/\/www.fleurop-home.ch\/fr-ch\/p\/blue-blues","title":{"rendered":"BLUE BLUES"},"content":{"rendered":"<p style=\"text-align: left;\">Le ciel et la mer se touchent rarement - et pourtant ils d\u00e9rivent ici ensemble, calmement, profond\u00e9ment et en parfaite harmonie. Blue Blues trouve l'\u00e9quilibre entre nostalgie et s\u00e9r\u00e9nit\u00e9 et cr\u00e9e de l'espace pour ce qui a \u00e9t\u00e9 et ce qui est \u00e0 venir. Parfois, il suffit de regarder le ciel pour se rappeler que le calme t'attend juste sous tes pieds.<\/p>","protected":false},"excerpt":{"rendered":"<p>BLUE BLUES Chaussettes de sport par Many Mornings<\/p>","protected":false},"featured_media":73507,"template":"","meta":[],"product_brand":[],"product_cat":[56,52],"product_tag":[298],"woo-feed-brand":[],"class_list":{"0":"post-73504","1":"product","2":"type-product","3":"status-publish","4":"has-post-thumbnail","6":"product_cat-bunte-socken","7":"product_cat-geschenke","8":"product_tag-sportagon-gmbh","10":"first","11":"instock","12":"taxable","13":"shipping-taxable","14":"purchasable","15":"product-type-variable"},"_links":{"self":[{"href":"https:\/\/www.fleurop-home.ch\/fr-ch\/wp-json\/wp\/v2\/product\/73504","targetHints":{"allow":["GET"]}}],"collection":[{"href":"https:\/\/www.fleurop-home.ch\/fr-ch\/wp-json\/wp\/v2\/product"}],"about":[{"href":"https:\/\/www.fleurop-home.ch\/fr-ch\/wp-json\/wp\/v2\/types\/product"}],"wp:featuredmedia":[{"embeddable":true,"href":"https:\/\/www.fleurop-home.ch\/fr-ch\/wp-json\/wp\/v2\/media\/73507"}],"wp:attachment":[{"href":"https:\/\/www.fleurop-home.ch\/fr-ch\/wp-json\/wp\/v2\/media?parent=73504"}],"wp:term":[{"taxonomy":"product_brand","embeddable":true,"href":"https:\/\/www.fleurop-home.ch\/fr-ch\/wp-json\/wp\/v2\/product_brand?post=73504"},{"taxonomy":"product_cat","embeddable":true,"href":"https:\/\/www.fleurop-home.ch\/fr-ch\/wp-json\/wp\/v2\/product_cat?post=73504"},{"taxonomy":"product_tag","embeddable":true,"href":"https:\/\/www.fleurop-home.ch\/fr-ch\/wp-json\/wp\/v2\/product_tag?post=73504"},{"taxonomy":"woo-feed-brand","embeddable":true,"href":"https:\/\/www.fleurop-home.ch\/fr-ch\/wp-json\/wp\/v2\/woo-feed-brand?post=73504"}],"curies":[{"name":"wp","href":"https:\/\/api.w.org\/{rel}","templated":true}]}}