{"id":73497,"date":"2026-01-23T13:16:55","date_gmt":"2026-01-23T12:16:55","guid":{"rendered":"https:\/\/www.fleurop-home.ch\/de-ch\/?post_type=product&#038;p=73497"},"modified":"2026-04-15T16:26:10","modified_gmt":"2026-04-15T14:26:10","slug":"mords-moi","status":"publish","type":"product","link":"https:\/\/www.fleurop-home.ch\/fr-ch\/p\/bite-me","title":{"rendered":"BITE ME"},"content":{"rendered":"<p style=\"text-align: left;\">Au d\u00e9but \u00e9tait la pomme - et puis la tentation de croquer dedans. C'est ainsi que commencent les histoires : quand la curiosit\u00e9 l'emporte sur la raison. Parfois, il faut oser la premi\u00e8re bouch\u00e9e avant que quelqu'un d'autre ne le fasse. Finalement, les souvenirs ne sont pas cr\u00e9\u00e9s par des r\u00e8gles, mais par une touche de spontan\u00e9it\u00e9 et de bon go\u00fbt. Les chaussettes Bite Me capturent exactement ce sentiment - insolent, courageux et inoubliable.<\/p>","protected":false},"excerpt":{"rendered":"<p>Chaussettes de sport BITE ME par Many Mornings<\/p>","protected":false},"featured_media":73502,"template":"","meta":[],"product_brand":[],"product_cat":[56,1002,999,52],"product_tag":[298],"woo-feed-brand":[],"class_list":{"0":"post-73497","1":"product","2":"type-product","3":"status-publish","4":"has-post-thumbnail","6":"product_cat-bunte-socken","7":"product_cat-fuer-ihn","8":"product_cat-valentinstag","9":"product_cat-geschenke","10":"product_tag-sportagon-gmbh","12":"first","13":"instock","14":"taxable","15":"shipping-taxable","16":"purchasable","17":"product-type-variable"},"_links":{"self":[{"href":"https:\/\/www.fleurop-home.ch\/fr-ch\/wp-json\/wp\/v2\/product\/73497","targetHints":{"allow":["GET"]}}],"collection":[{"href":"https:\/\/www.fleurop-home.ch\/fr-ch\/wp-json\/wp\/v2\/product"}],"about":[{"href":"https:\/\/www.fleurop-home.ch\/fr-ch\/wp-json\/wp\/v2\/types\/product"}],"wp:featuredmedia":[{"embeddable":true,"href":"https:\/\/www.fleurop-home.ch\/fr-ch\/wp-json\/wp\/v2\/media\/73502"}],"wp:attachment":[{"href":"https:\/\/www.fleurop-home.ch\/fr-ch\/wp-json\/wp\/v2\/media?parent=73497"}],"wp:term":[{"taxonomy":"product_brand","embeddable":true,"href":"https:\/\/www.fleurop-home.ch\/fr-ch\/wp-json\/wp\/v2\/product_brand?post=73497"},{"taxonomy":"product_cat","embeddable":true,"href":"https:\/\/www.fleurop-home.ch\/fr-ch\/wp-json\/wp\/v2\/product_cat?post=73497"},{"taxonomy":"product_tag","embeddable":true,"href":"https:\/\/www.fleurop-home.ch\/fr-ch\/wp-json\/wp\/v2\/product_tag?post=73497"},{"taxonomy":"woo-feed-brand","embeddable":true,"href":"https:\/\/www.fleurop-home.ch\/fr-ch\/wp-json\/wp\/v2\/woo-feed-brand?post=73497"}],"curies":[{"name":"wp","href":"https:\/\/api.w.org\/{rel}","templated":true}]}}