{"id":73465,"date":"2026-02-10T08:08:43","date_gmt":"2026-02-10T07:08:43","guid":{"rendered":"https:\/\/www.fleurop-home.ch\/de-ch\/p\/tee-geschenkbox-london"},"modified":"2026-02-10T08:08:44","modified_gmt":"2026-02-10T07:08:44","slug":"coffret-cadeau-the-londres","status":"publish","type":"product","link":"https:\/\/www.fleurop-home.ch\/fr-ch\/p\/tee-geschenkbox-london","title":{"rendered":"Bo\u00eete \u00e0 th\u00e9 cadeau \u00abLondres\u00bb"},"content":{"rendered":"<p>D\u00e9couvre le monde du th\u00e9 avec notre coffret cadeau de th\u00e9 \u00abLondres\u00bb !<\/p>\n<p>D\u00e9couvre la riche diversit\u00e9 des ar\u00f4mes et l'effet apaisant du th\u00e9 de premi\u00e8re qualit\u00e9, de la lueur des bougies et des accessoires assortis dans un coffret cadeau de th\u00e9 exquis, sp\u00e9cialement con\u00e7u pour tous les amateurs de th\u00e9 et les connaisseurs.<\/p>\n<p>Dans notre bo\u00eete soigneusement compos\u00e9e, tu trouveras \u00e0 la fois un th\u00e9 d\u00e9licieux et une belle bouteille de th\u00e9 en verre qui te procurera une chaleur agr\u00e9able pendant les jours froids et t'accompagnera tout au long de la journ\u00e9e.<\/p>\n<p>Notre coffret cadeau de th\u00e9 contient<br \/>\n- Th\u00e9 biologique<br \/>\n- Porte-bougie pour bougies sur tige en rose<br \/>\n- C\u0153ur de th\u00e9 pour remplir le th\u00e9<br \/>\n- Tasse \u00e0 th\u00e9 beige\/gris de IB Laursen<br \/>\n- Set de 5 bougies roses poussi\u00e9reuses<\/p>\n<p>Notre coffret cadeau de th\u00e9 est parfait pour les anniversaires, les f\u00eates de fin d'ann\u00e9e, les f\u00eates des m\u00e8res ou tout simplement pour montrer \u00e0 quelqu'un de sp\u00e9cial \u00e0 quel point tu l'appr\u00e9cies. Offre le pur plaisir du th\u00e9 et fais d\u00e9couvrir \u00e0 ceux que tu aimes la diversit\u00e9 et la fascination de la consommation de th\u00e9.<\/p>\n<p>Pr\u00e9pare-toi \u00e0 faire un voyage aromatique autour du monde et \u00e0 explorer le monde fascinant du th\u00e9 gr\u00e2ce \u00e0 notre panier-cadeau de th\u00e9 qui t'offrira des moments de plaisir inoubliables.<\/p>\n<p>Le cadeau est livr\u00e9 dans un carton blanc de haute qualit\u00e9 et peut \u00eatre offert imm\u00e9diatement. Le carton blanc contient un aimant pour le maintenir ensemble, il est extr\u00eamement stable et peut \u00eatre r\u00e9utilis\u00e9. Il est accompagn\u00e9 d'un joli n\u0153ud cadeau.<\/p>","protected":false},"excerpt":{"rendered":"<p>D\u00e9couvre le monde du plaisir du th\u00e9 avec notre coffret cadeau de th\u00e9 \u00abLondres\u00bb ! D\u00e9couvre la riche diversit\u00e9 des ar\u00f4mes et l'effet apaisant du th\u00e9 de premi\u00e8re qualit\u00e9, de la lueur des bougies et des accessoires assortis dans un coffret-cadeau \u00e0 th\u00e9 exquis, sp\u00e9cialement con\u00e7u pour tous les amateurs de th\u00e9 et les gourmands.<\/p>","protected":false},"featured_media":73464,"template":"","meta":[],"product_brand":[],"product_cat":[53,42,956,885,52,1225],"product_tag":[1222],"woo-feed-brand":[],"class_list":{"0":"post-73465","1":"product","2":"type-product","3":"status-publish","4":"has-post-thumbnail","6":"product_cat-geschenksets","7":"product_cat-kueche","8":"product_cat-tee","9":"product_cat-koestlichkeiten","10":"product_cat-geschenke","11":"product_cat-genuss","12":"product_tag-oykami-in-a-box","14":"first","15":"instock","16":"taxable","17":"shipping-taxable","18":"purchasable","19":"product-type-simple"},"_links":{"self":[{"href":"https:\/\/www.fleurop-home.ch\/fr-ch\/wp-json\/wp\/v2\/product\/73465","targetHints":{"allow":["GET"]}}],"collection":[{"href":"https:\/\/www.fleurop-home.ch\/fr-ch\/wp-json\/wp\/v2\/product"}],"about":[{"href":"https:\/\/www.fleurop-home.ch\/fr-ch\/wp-json\/wp\/v2\/types\/product"}],"wp:featuredmedia":[{"embeddable":true,"href":"https:\/\/www.fleurop-home.ch\/fr-ch\/wp-json\/wp\/v2\/media\/73464"}],"wp:attachment":[{"href":"https:\/\/www.fleurop-home.ch\/fr-ch\/wp-json\/wp\/v2\/media?parent=73465"}],"wp:term":[{"taxonomy":"product_brand","embeddable":true,"href":"https:\/\/www.fleurop-home.ch\/fr-ch\/wp-json\/wp\/v2\/product_brand?post=73465"},{"taxonomy":"product_cat","embeddable":true,"href":"https:\/\/www.fleurop-home.ch\/fr-ch\/wp-json\/wp\/v2\/product_cat?post=73465"},{"taxonomy":"product_tag","embeddable":true,"href":"https:\/\/www.fleurop-home.ch\/fr-ch\/wp-json\/wp\/v2\/product_tag?post=73465"},{"taxonomy":"woo-feed-brand","embeddable":true,"href":"https:\/\/www.fleurop-home.ch\/fr-ch\/wp-json\/wp\/v2\/woo-feed-brand?post=73465"}],"curies":[{"name":"wp","href":"https:\/\/api.w.org\/{rel}","templated":true}]}}