{"id":73438,"date":"2026-02-10T08:08:45","date_gmt":"2026-02-10T07:08:45","guid":{"rendered":"https:\/\/www.fleurop-home.ch\/de-ch\/p\/kuechen-geschenkbox-mailand"},"modified":"2026-04-01T13:29:55","modified_gmt":"2026-04-01T11:29:55","slug":"coffret-cadeau-de-cuisine-milan","status":"publish","type":"product","link":"https:\/\/www.fleurop-home.ch\/fr-ch\/p\/kuechen-geschenkbox-mailand","title":{"rendered":"Coffret cadeau de cuisine \u00abMilan\u00bb"},"content":{"rendered":"<p>D\u00e9couvre le monde de l'amour de la cuisine avec notre coffret cadeau de cuisine \u00abMilan\u00bb !<\/p>\n<p>Cette bo\u00eete de cuisine est une mani\u00e8re r\u00e9fl\u00e9chie et pratique de faire plaisir \u00e0 quelqu'un qui aime cuisiner, faire de la p\u00e2tisserie ou simplement passer du temps dans la cuisine. Dans notre bo\u00eete soigneusement compos\u00e9e, tu trouveras des accessoires pour la cuisine amoureusement assembl\u00e9s.<\/p>\n<p>Notre coffret cadeau de cuisine contient<br \/>\n- OYKAMI Bougie de cire de soja \u00abSandalwood, Cedar, Oud\u00bb<br \/>\n- Linge de cuisine nervur\u00e9 en blanc<br \/>\n- Moulin \u00e0 sel et \u00e0 poivre en bois blanc<br \/>\n- petite brosse<br \/>\n- petite planche de cuisine<br \/>\n- Serviettes \u00e0 motif<br \/>\n- Sel de mer gros<br \/>\n- petite cuill\u00e8re \u00e0 sel<\/p>\n<p>Notre bo\u00eete cadeau de cuisine est parfaite pour les anniversaires, les anniversaires, les f\u00eates des m\u00e8res ou tout simplement pour montrer \u00e0 quelqu'un de sp\u00e9cial combien tu l'appr\u00e9cies. Offre de beaux accessoires de cuisine et fais plaisir \u00e0 quelqu'un.<\/p>\n<p>Le cadeau est livr\u00e9 dans un carton blanc de haute qualit\u00e9 et peut \u00eatre offert imm\u00e9diatement. Le carton blanc contient un aimant pour le maintenir ensemble, il est extr\u00eamement stable et peut \u00eatre r\u00e9utilis\u00e9. Il est accompagn\u00e9 d'un joli n\u0153ud cadeau.<\/p>","protected":false},"excerpt":{"rendered":"<p>D\u00e9couvre le monde de l'amour de la cuisine avec notre coffret cadeau de cuisine \u00abBarcelona\u00bb ! Cette bo\u00eete de cuisine est une mani\u00e8re r\u00e9fl\u00e9chie et pratique de faire plaisir \u00e0 quelqu'un qui aime cuisiner, faire de la p\u00e2tisserie ou simplement passer du temps dans la cuisine.<\/p>","protected":false},"featured_media":73437,"template":"","meta":[],"product_brand":[],"product_cat":[53,1023,797,42,44,52,1223],"product_tag":[1222],"woo-feed-brand":[],"class_list":{"0":"post-73438","1":"product","2":"type-product","3":"status-publish","4":"has-post-thumbnail","6":"product_cat-geschenksets","7":"product_cat-fuer-mama","8":"product_cat-muttertag","9":"product_cat-kueche","10":"product_cat-kuechenhelfer","11":"product_cat-geschenke","12":"product_cat-anlaesse","13":"product_tag-oykami-in-a-box","15":"first","16":"instock","17":"taxable","18":"shipping-taxable","19":"purchasable","20":"product-type-simple"},"_links":{"self":[{"href":"https:\/\/www.fleurop-home.ch\/fr-ch\/wp-json\/wp\/v2\/product\/73438","targetHints":{"allow":["GET"]}}],"collection":[{"href":"https:\/\/www.fleurop-home.ch\/fr-ch\/wp-json\/wp\/v2\/product"}],"about":[{"href":"https:\/\/www.fleurop-home.ch\/fr-ch\/wp-json\/wp\/v2\/types\/product"}],"wp:featuredmedia":[{"embeddable":true,"href":"https:\/\/www.fleurop-home.ch\/fr-ch\/wp-json\/wp\/v2\/media\/73437"}],"wp:attachment":[{"href":"https:\/\/www.fleurop-home.ch\/fr-ch\/wp-json\/wp\/v2\/media?parent=73438"}],"wp:term":[{"taxonomy":"product_brand","embeddable":true,"href":"https:\/\/www.fleurop-home.ch\/fr-ch\/wp-json\/wp\/v2\/product_brand?post=73438"},{"taxonomy":"product_cat","embeddable":true,"href":"https:\/\/www.fleurop-home.ch\/fr-ch\/wp-json\/wp\/v2\/product_cat?post=73438"},{"taxonomy":"product_tag","embeddable":true,"href":"https:\/\/www.fleurop-home.ch\/fr-ch\/wp-json\/wp\/v2\/product_tag?post=73438"},{"taxonomy":"woo-feed-brand","embeddable":true,"href":"https:\/\/www.fleurop-home.ch\/fr-ch\/wp-json\/wp\/v2\/woo-feed-brand?post=73438"}],"curies":[{"name":"wp","href":"https:\/\/api.w.org\/{rel}","templated":true}]}}