{"id":73429,"date":"2026-02-10T08:08:45","date_gmt":"2026-02-10T07:08:45","guid":{"rendered":"https:\/\/www.fleurop-home.ch\/de-ch\/p\/beauty-geschenkbox-tokyo-gruener-jadestein"},"modified":"2026-03-05T08:15:52","modified_gmt":"2026-03-05T07:15:52","slug":"coffret-cadeau-beaute-tokyo-pierre-de-jade-verte","status":"publish","type":"product","link":"https:\/\/www.fleurop-home.ch\/fr-ch\/p\/beauty-geschenkbox-tokyo-gruener-jadestein","title":{"rendered":"Coffret cadeau beaut\u00e9 \u00abTokyo\u00bb pierre de jade verte"},"content":{"rendered":"<p>Fais l'exp\u00e9rience de la vraie beaut\u00e9 avec notre coffret cadeau beaut\u00e9 \u00abTokyo\u00bb !<\/p>\n<p>Plonge dans un monde d'\u00e9l\u00e9gance et de s\u00e9duction avec notre exquis coffret cadeau beaut\u00e9, sp\u00e9cialement con\u00e7u pour choyer tes sens et mettre en valeur ta beaut\u00e9 naturelle.<\/p>\n<p>Tu trouveras dans notre coffret, compos\u00e9 avec amour, une s\u00e9lection de produits de beaut\u00e9 et de produits pour la maison de grande qualit\u00e9 qui feront rayonner ta peau et apaiseront ton esprit. Notre coffret cadeau beaut\u00e9 contient tout ce dont tu as besoin pour prendre soin de toi de la t\u00eate aux pieds. Chaque produit a \u00e9t\u00e9 soigneusement s\u00e9lectionn\u00e9 pour t'offrir un maximum de soins et de glamour.<\/p>\n<p>Notre coffret cadeau beaut\u00e9 contient<br \/>\n- OYKAMI Bougie de cire de soja \u00abLavender, Chamomile, Lemon\u00bb (lavande, camomille, citron)\u00bb<br \/>\n- Set de 5 bougies blanches<br \/>\n- 2x \u00e9ponges de douche exfoliantes<br \/>\n- Brosse \u00e0 ongles<br \/>\n- Faceroller pierre de jade verte<\/p>\n<p>Notre coffret cadeau de beaut\u00e9 est parfait pour les anniversaires, les jubil\u00e9s, les f\u00eates des m\u00e8res ou tout simplement pour montrer \u00e0 quelqu'un de sp\u00e9cial combien tu l'appr\u00e9cies. Offre la beaut\u00e9 pure et fais d\u00e9couvrir \u00e0 ceux que tu aimes la magie des produits de beaut\u00e9 de qualit\u00e9. Pr\u00e9pare-toi \u00e0 r\u00e9v\u00e9ler ta beaut\u00e9 naturelle et \u00e0 c\u00e9l\u00e9brer ton propre style gr\u00e2ce \u00e0 notre coffret cadeau beaut\u00e9 qui te donnera une allure radieuse et confiante.<\/p>\n<p>Le cadeau est livr\u00e9 dans un carton blanc de haute qualit\u00e9 et peut \u00eatre offert imm\u00e9diatement. Le carton blanc contient un aimant pour le maintenir ensemble, il est extr\u00eamement stable et peut \u00eatre r\u00e9utilis\u00e9. Il est accompagn\u00e9 d'un joli n\u0153ud cadeau.<\/p>","protected":false},"excerpt":{"rendered":"<p>D\u00e9couvre la vraie beaut\u00e9 avec notre coffret cadeau de beaut\u00e9 \u00abTokyo\u00bb ! Plonge dans un monde d'\u00e9l\u00e9gance et de s\u00e9duction avec notre exquise bo\u00eete-cadeau de beaut\u00e9, sp\u00e9cialement con\u00e7ue pour choyer tes sens et mettre en valeur ta beaut\u00e9 naturelle.<\/p>","protected":false},"featured_media":73428,"template":"","meta":[],"product_brand":[],"product_cat":[53,48,1176,52,1224],"product_tag":[1222],"woo-feed-brand":[],"class_list":{"0":"post-73429","1":"product","2":"type-product","3":"status-publish","4":"has-post-thumbnail","6":"product_cat-geschenksets","7":"product_cat-bad-wellness","8":"product_cat-wohlbefinden","9":"product_cat-geschenke","10":"product_cat-beauty-wellness","11":"product_tag-oykami-in-a-box","13":"first","14":"instock","15":"taxable","16":"shipping-taxable","17":"purchasable","18":"product-type-simple"},"_links":{"self":[{"href":"https:\/\/www.fleurop-home.ch\/fr-ch\/wp-json\/wp\/v2\/product\/73429","targetHints":{"allow":["GET"]}}],"collection":[{"href":"https:\/\/www.fleurop-home.ch\/fr-ch\/wp-json\/wp\/v2\/product"}],"about":[{"href":"https:\/\/www.fleurop-home.ch\/fr-ch\/wp-json\/wp\/v2\/types\/product"}],"wp:featuredmedia":[{"embeddable":true,"href":"https:\/\/www.fleurop-home.ch\/fr-ch\/wp-json\/wp\/v2\/media\/73428"}],"wp:attachment":[{"href":"https:\/\/www.fleurop-home.ch\/fr-ch\/wp-json\/wp\/v2\/media?parent=73429"}],"wp:term":[{"taxonomy":"product_brand","embeddable":true,"href":"https:\/\/www.fleurop-home.ch\/fr-ch\/wp-json\/wp\/v2\/product_brand?post=73429"},{"taxonomy":"product_cat","embeddable":true,"href":"https:\/\/www.fleurop-home.ch\/fr-ch\/wp-json\/wp\/v2\/product_cat?post=73429"},{"taxonomy":"product_tag","embeddable":true,"href":"https:\/\/www.fleurop-home.ch\/fr-ch\/wp-json\/wp\/v2\/product_tag?post=73429"},{"taxonomy":"woo-feed-brand","embeddable":true,"href":"https:\/\/www.fleurop-home.ch\/fr-ch\/wp-json\/wp\/v2\/woo-feed-brand?post=73429"}],"curies":[{"name":"wp","href":"https:\/\/api.w.org\/{rel}","templated":true}]}}