{"id":73305,"date":"2026-02-10T08:08:53","date_gmt":"2026-02-10T07:08:53","guid":{"rendered":"https:\/\/www.fleurop-home.ch\/de-ch\/p\/duftstaebchen-ritz-c-60ml"},"modified":"2026-02-10T08:08:53","modified_gmt":"2026-02-10T07:08:53","slug":"batonnets-parfumes-ritz-c-60ml","status":"publish","type":"product","link":"https:\/\/www.fleurop-home.ch\/fr-ch\/p\/duftstaebchen-ritz-c-60ml","title":{"rendered":"B\u00e2tons \u00e0 parfum Ritz C, 60ml"},"content":{"rendered":"<p>L'id\u00e9e de cadeau parfaite - pour toi ou pour quelqu'un que tu aimes. Avec les b\u00e2tons de parfum OYKAMI \u201eRitz Carlton\u201c, tu transformes ta maison en une oasis d'\u00e9l\u00e9gance et de tranquillit\u00e9. Inspir\u00e9 par les h\u00f4tels les plus raffin\u00e9s du monde, ce parfum allie luxe et s\u00e9r\u00e9nit\u00e9 - parfait pour le salon, la chambre ou la salle de bain.<\/p>\n<p>Les fins b\u00e2tonnets en bois diffusent leur parfum de mani\u00e8re r\u00e9guli\u00e8re pendant des semaines et cr\u00e9ent une atmosph\u00e8re \u00e9l\u00e9gante et accueillante. Emball\u00e9 dans une jolie bo\u00eete en carton, livr\u00e9e en plus dans un sac en coton - directement pr\u00eat \u00e0 \u00eatre offert ou \u00e0 garder pour soi.<\/p>\n<p>- Parfum : Ritz Carlton - \u00e9l\u00e9gant, noble et apaisant<br \/>\n- Dur\u00e9e du parfum : plusieurs semaines<br \/>\n- Contenu : flacon en verre de 60 ml, b\u00e2tonnets de parfum inclus<br \/>\n- Composition : 15 % d'essence, 85 % de solvant volatil<br \/>\n- Origine : fabriqu\u00e9 en Chine pour OYKAMI Switzerland, Oetwil<\/p>\n<p>Des indices :<br \/>\n- Pour un usage ext\u00e9rieur uniquement.<br \/>\n- Tenir \u00e0 l'\u00e9cart des flammes nues et des sources de chaleur.<br \/>\n- Conserver hors de port\u00e9e des enfants.<\/p>\n<p>Avec les b\u00e2tons de parfum OYKAMI \u201eRitz Carlton\u201c, d\u00e9couvre le parfum du luxe \u00e0 l'\u00e9tat pur - doux, noble et parfait pour se d\u00e9tendre.<\/p>","protected":false},"excerpt":{"rendered":"<p>L'id\u00e9e de cadeau parfaite - pour toi ou pour quelqu'un que tu aimes. Avec les b\u00e2tons de parfum OYKAMI \u201eRitz Carlton\u201c, tu transformes ta maison en une oasis d'\u00e9l\u00e9gance et de tranquillit\u00e9. Inspir\u00e9 par les h\u00f4tels les plus raffin\u00e9s du monde, ce parfum allie luxe et s\u00e9r\u00e9nit\u00e9 - parfait pour le salon, la chambre ou la salle de bain.<\/p>","protected":false},"featured_media":73304,"template":"","meta":[],"product_brand":[],"product_cat":[51,48,52,1224,53],"product_tag":[1222],"woo-feed-brand":[],"class_list":{"0":"post-73305","1":"product","2":"type-product","3":"status-publish","4":"has-post-thumbnail","6":"product_cat-raumduefte","7":"product_cat-bad-wellness","8":"product_cat-geschenke","9":"product_cat-beauty-wellness","10":"product_cat-geschenksets","11":"product_tag-oykami-in-a-box","13":"first","14":"instock","15":"taxable","16":"shipping-taxable","17":"purchasable","18":"product-type-simple"},"_links":{"self":[{"href":"https:\/\/www.fleurop-home.ch\/fr-ch\/wp-json\/wp\/v2\/product\/73305","targetHints":{"allow":["GET"]}}],"collection":[{"href":"https:\/\/www.fleurop-home.ch\/fr-ch\/wp-json\/wp\/v2\/product"}],"about":[{"href":"https:\/\/www.fleurop-home.ch\/fr-ch\/wp-json\/wp\/v2\/types\/product"}],"wp:featuredmedia":[{"embeddable":true,"href":"https:\/\/www.fleurop-home.ch\/fr-ch\/wp-json\/wp\/v2\/media\/73304"}],"wp:attachment":[{"href":"https:\/\/www.fleurop-home.ch\/fr-ch\/wp-json\/wp\/v2\/media?parent=73305"}],"wp:term":[{"taxonomy":"product_brand","embeddable":true,"href":"https:\/\/www.fleurop-home.ch\/fr-ch\/wp-json\/wp\/v2\/product_brand?post=73305"},{"taxonomy":"product_cat","embeddable":true,"href":"https:\/\/www.fleurop-home.ch\/fr-ch\/wp-json\/wp\/v2\/product_cat?post=73305"},{"taxonomy":"product_tag","embeddable":true,"href":"https:\/\/www.fleurop-home.ch\/fr-ch\/wp-json\/wp\/v2\/product_tag?post=73305"},{"taxonomy":"woo-feed-brand","embeddable":true,"href":"https:\/\/www.fleurop-home.ch\/fr-ch\/wp-json\/wp\/v2\/woo-feed-brand?post=73305"}],"curies":[{"name":"wp","href":"https:\/\/api.w.org\/{rel}","templated":true}]}}