{"id":73286,"date":"2026-02-10T08:08:54","date_gmt":"2026-02-10T07:08:54","guid":{"rendered":"https:\/\/www.fleurop-home.ch\/de-ch\/p\/geschenkset-kristall-diffuser-mit-oel-und-steinen"},"modified":"2026-02-10T08:08:54","modified_gmt":"2026-02-10T07:08:54","slug":"set-cadeau-diffuseur-en-cristal-avec-huile-et-pierres","status":"publish","type":"product","link":"https:\/\/www.fleurop-home.ch\/fr-ch\/p\/geschenkset-kristall-diffuser-mit-oel-und-steinen","title":{"rendered":"Set cadeau - Diffuseur en cristal avec huile et pierres"},"content":{"rendered":"<p>Ajoute une touche sp\u00e9ciale \u00e0 ta maison avec le luxueux set cadeau de diffuseurs en cristal OYKAMI. Ce set unique combine la beaut\u00e9 de beaux cristaux avec une huile exquise pour cr\u00e9er une atmosph\u00e8re enchanteresse et parfum\u00e9e.<br \/>\nCaract\u00e9ristiques sp\u00e9ciales de notre set cadeau de diffuseurs en cristal OYKAMI :<\/p>\n<p>\u00c9l\u00e9gant diffuseur en cristal : le diffuseur est compos\u00e9 de magnifiques cristaux qui ne sont pas seulement d\u00e9coratifs, mais qui ont aussi la capacit\u00e9 de diffuser les huiles parfum\u00e9es de mani\u00e8re homog\u00e8ne. Ces cristaux attirent l'attention et s'int\u00e8grent harmonieusement dans chaque int\u00e9rieur.<\/p>\n<p>Huile parfum\u00e9e exquise : le kit contient une huile parfum\u00e9e de haute qualit\u00e9, sp\u00e9cialement con\u00e7ue pour diffuser un parfum agr\u00e9able et durable. Quelques gouttes d'huile sur les cristaux suffisent pour remplir la pi\u00e8ce d'un ar\u00f4me luxueux.<\/p>\n<p>Facile \u00e0 utiliser : L'utilisation du diffuseur en cristal est tr\u00e8s simple. Verse quelques gouttes d'huile parfum\u00e9e sur les cristaux et laisse le parfum se diffuser lentement et uniform\u00e9ment dans la pi\u00e8ce. Les cristaux stockent l'huile et lib\u00e8rent le parfum pendant une p\u00e9riode prolong\u00e9e.<\/p>\n<p>De nombreuses possibilit\u00e9s d'utilisation : Le set cadeau de diffuseurs en cristal OYKAMI est parfait pour toutes les pi\u00e8ces de ta maison - que ce soit le salon, la chambre, la salle de bain ou le bureau. C'est aussi un cadeau id\u00e9al pour les amis et la famille qui attachent de l'importance \u00e0 une atmosph\u00e8re de vie \u00e9l\u00e9gante et parfum\u00e9e.<\/p>\n<p>Cadeau \u00e9l\u00e9gant : ce set est livr\u00e9 dans un emballage \u00e9l\u00e9gant qui en fait un cadeau parfait pour les occasions sp\u00e9ciales. Que ce soit un cadeau d'anniversaire, un cadeau de mariage ou simplement pour faire plaisir \u00e0 quelqu'un, le diffuseur en cristal OYKAMI laissera une impression durable.<\/p>\n<p>D\u00e9couvre la combinaison parfaite de l'esth\u00e9tique et du parfum avec le set cadeau Diffuseur de cristal OYKAMI. Cr\u00e9e une atmosph\u00e8re harmonieuse et accueillante dans ta maison et profite du parfum luxueux qui enchantera tes sens.<\/p>","protected":false},"excerpt":{"rendered":"<p>Ajoute une touche sp\u00e9ciale \u00e0 ta maison avec le luxueux set cadeau diffuseur de cristaux OYKAMI. Ce set unique combine la beaut\u00e9 de beaux cristaux avec une huile exquise pour cr\u00e9er une atmosph\u00e8re enchanteresse et parfum\u00e9e.<\/p>","protected":false},"featured_media":73285,"template":"","meta":[],"product_brand":[],"product_cat":[51,48,52,1224,53],"product_tag":[1222],"woo-feed-brand":[],"class_list":{"0":"post-73286","1":"product","2":"type-product","3":"status-publish","4":"has-post-thumbnail","6":"product_cat-raumduefte","7":"product_cat-bad-wellness","8":"product_cat-geschenke","9":"product_cat-beauty-wellness","10":"product_cat-geschenksets","11":"product_tag-oykami-in-a-box","13":"first","14":"instock","15":"taxable","16":"shipping-taxable","17":"purchasable","18":"product-type-simple"},"_links":{"self":[{"href":"https:\/\/www.fleurop-home.ch\/fr-ch\/wp-json\/wp\/v2\/product\/73286","targetHints":{"allow":["GET"]}}],"collection":[{"href":"https:\/\/www.fleurop-home.ch\/fr-ch\/wp-json\/wp\/v2\/product"}],"about":[{"href":"https:\/\/www.fleurop-home.ch\/fr-ch\/wp-json\/wp\/v2\/types\/product"}],"wp:featuredmedia":[{"embeddable":true,"href":"https:\/\/www.fleurop-home.ch\/fr-ch\/wp-json\/wp\/v2\/media\/73285"}],"wp:attachment":[{"href":"https:\/\/www.fleurop-home.ch\/fr-ch\/wp-json\/wp\/v2\/media?parent=73286"}],"wp:term":[{"taxonomy":"product_brand","embeddable":true,"href":"https:\/\/www.fleurop-home.ch\/fr-ch\/wp-json\/wp\/v2\/product_brand?post=73286"},{"taxonomy":"product_cat","embeddable":true,"href":"https:\/\/www.fleurop-home.ch\/fr-ch\/wp-json\/wp\/v2\/product_cat?post=73286"},{"taxonomy":"product_tag","embeddable":true,"href":"https:\/\/www.fleurop-home.ch\/fr-ch\/wp-json\/wp\/v2\/product_tag?post=73286"},{"taxonomy":"woo-feed-brand","embeddable":true,"href":"https:\/\/www.fleurop-home.ch\/fr-ch\/wp-json\/wp\/v2\/woo-feed-brand?post=73286"}],"curies":[{"name":"wp","href":"https:\/\/api.w.org\/{rel}","templated":true}]}}