{"id":73282,"date":"2026-02-10T08:08:54","date_gmt":"2026-02-10T07:08:54","guid":{"rendered":"https:\/\/www.fleurop-home.ch\/de-ch\/p\/baby-geschenkbox-maedchen-florenz"},"modified":"2026-02-17T10:37:58","modified_gmt":"2026-02-17T09:37:58","slug":"coffret-cadeau-bebe-fille-florence","status":"publish","type":"product","link":"https:\/\/www.fleurop-home.ch\/fr-ch\/p\/baby-geschenkbox-maedchen-florenz","title":{"rendered":"Coffret cadeau b\u00e9b\u00e9 fille Florence"},"content":{"rendered":"<p>La naissance d'un b\u00e9b\u00e9 est un \u00e9v\u00e9nement merveilleux qui doit \u00eatre c\u00e9l\u00e9br\u00e9 avec joie et amour. Notre coffret cadeau pour b\u00e9b\u00e9 est un geste affectueux pour f\u00e9liciter les parents et souhaiter la bienvenue au nouveau-n\u00e9.<\/p>\n<p>Dans notre bo\u00eete soigneusement compos\u00e9e, tu trouveras une multitude de cadeaux affectueux pour le b\u00e9b\u00e9 et ses fiers parents. Notre bo\u00eete \u00e0 cadeaux pour b\u00e9b\u00e9 est remplie de tout ce que le c\u0153ur d\u00e9sire pour adoucir le d\u00e9but de la vie.<\/p>\n<p>Notre bo\u00eete cadeau pour b\u00e9b\u00e9 aux couleurs neutres contient<br \/>\n- Linge en mousseline pour b\u00e9b\u00e9 rose en coton bio 100% de la marque Filibabba<br \/>\n- Plaquette en bois \u00abhello world\u00bb<br \/>\n- Attache-sucette rose en bois<br \/>\n- Petits chaussons tricot\u00e9s<br \/>\n- Bonnet tricot\u00e9 en blanc<br \/>\n- Carte postale surprise<\/p>\n<p>Chaque produit a \u00e9t\u00e9 s\u00e9lectionn\u00e9 avec le plus grand soin afin de r\u00e9pondre aux besoins d\u00e9licats du nouveau-n\u00e9 et d'offrir aux parents joie et soutien. Nous avons pens\u00e9 \u00e0 tout pour que les premiers jours et semaines avec le b\u00e9b\u00e9 soient remplis de s\u00e9curit\u00e9 et de bonheur.<\/p>\n<p>Notre coffret cadeau pour b\u00e9b\u00e9 est parfait pour les f\u00eates de b\u00e9b\u00e9, les naissances ou tout simplement pour montrer aux parents que tu penses \u00e0 eux et que tu te r\u00e9jouis avec eux de l'arriv\u00e9e d'un nouveau membre dans la famille. Pr\u00e9pare-toi \u00e0 vivre le doux sourire d'un b\u00e9b\u00e9 et \u00e0 ressentir l'amour d'une famille gr\u00e2ce \u00e0 notre coffret cadeau pour b\u00e9b\u00e9 qui rendra les premiers instants de la vie inoubliables.<\/p>\n<p>Le cadeau est livr\u00e9 dans un carton blanc de haute qualit\u00e9 et peut \u00eatre offert imm\u00e9diatement. Le carton blanc contient un aimant pour le maintenir ensemble, il est extr\u00eamement stable et peut \u00eatre r\u00e9utilis\u00e9. Il est accompagn\u00e9 d'un joli n\u0153ud cadeau.<\/p>\n<p>Informations suppl\u00e9mentaires :<br \/>\n- Essence : bois de h\u00eatre de qualit\u00e9 A<br \/>\n- Dimensions de la bo\u00eete cadeau : P : 26cm \/ L : 17cm \/ H : 11cm<br \/>\n- Convient aux b\u00e9b\u00e9s<\/p>","protected":false},"excerpt":{"rendered":"<p>La naissance d'un b\u00e9b\u00e9 est un \u00e9v\u00e9nement merveilleux qui doit \u00eatre c\u00e9l\u00e9br\u00e9 avec joie et amour. Notre coffret cadeau pour b\u00e9b\u00e9 est un geste affectueux pour f\u00e9liciter les parents et souhaiter la bienvenue au nouveau-n\u00e9.<\/p>","protected":false},"featured_media":73281,"template":"","meta":[],"product_brand":[],"product_cat":[1234,59,1228,1227,52,53],"product_tag":[1222],"woo-feed-brand":[],"class_list":{"0":"post-73282","1":"product","2":"type-product","3":"status-publish","4":"has-post-thumbnail","6":"product_cat-baby-girls","7":"product_cat-kids","8":"product_cat-babys","9":"product_cat-geschenkboxen","10":"product_cat-geschenke","11":"product_cat-geschenksets","12":"product_tag-oykami-in-a-box","14":"first","15":"instock","16":"taxable","17":"shipping-taxable","18":"purchasable","19":"product-type-simple"},"_links":{"self":[{"href":"https:\/\/www.fleurop-home.ch\/fr-ch\/wp-json\/wp\/v2\/product\/73282","targetHints":{"allow":["GET"]}}],"collection":[{"href":"https:\/\/www.fleurop-home.ch\/fr-ch\/wp-json\/wp\/v2\/product"}],"about":[{"href":"https:\/\/www.fleurop-home.ch\/fr-ch\/wp-json\/wp\/v2\/types\/product"}],"wp:featuredmedia":[{"embeddable":true,"href":"https:\/\/www.fleurop-home.ch\/fr-ch\/wp-json\/wp\/v2\/media\/73281"}],"wp:attachment":[{"href":"https:\/\/www.fleurop-home.ch\/fr-ch\/wp-json\/wp\/v2\/media?parent=73282"}],"wp:term":[{"taxonomy":"product_brand","embeddable":true,"href":"https:\/\/www.fleurop-home.ch\/fr-ch\/wp-json\/wp\/v2\/product_brand?post=73282"},{"taxonomy":"product_cat","embeddable":true,"href":"https:\/\/www.fleurop-home.ch\/fr-ch\/wp-json\/wp\/v2\/product_cat?post=73282"},{"taxonomy":"product_tag","embeddable":true,"href":"https:\/\/www.fleurop-home.ch\/fr-ch\/wp-json\/wp\/v2\/product_tag?post=73282"},{"taxonomy":"woo-feed-brand","embeddable":true,"href":"https:\/\/www.fleurop-home.ch\/fr-ch\/wp-json\/wp\/v2\/woo-feed-brand?post=73282"}],"curies":[{"name":"wp","href":"https:\/\/api.w.org\/{rel}","templated":true}]}}