{"id":73275,"date":"2026-02-10T08:08:55","date_gmt":"2026-02-10T07:08:55","guid":{"rendered":"https:\/\/www.fleurop-home.ch\/de-ch\/p\/wellness-geschenkbox-rc-johannesburg"},"modified":"2026-02-10T08:08:55","modified_gmt":"2026-02-10T07:08:55","slug":"coffret-cadeau-bien-etre-rc-johannesburg","status":"publish","type":"product","link":"https:\/\/www.fleurop-home.ch\/fr-ch\/p\/wellness-geschenkbox-rc-johannesburg","title":{"rendered":"Coffret cadeau bien-\u00eatre RC \u00abJohannesburg\u00bb"},"content":{"rendered":"<p>D\u00e9couvre la pure d\u00e9tente avec notre coffret cadeau bien-\u00eatre !<\/p>\n<p>Offre \u00e0 toi-m\u00eame ou \u00e0 ceux que tu aimes une pause dans le rythme effr\u00e9n\u00e9 de la vie quotidienne et plonge dans un monde de calme et de d\u00e9tente gr\u00e2ce \u00e0 notre coffret cadeau bien-\u00eatre.<\/p>\n<p>Dans notre bo\u00eete soigneusement compos\u00e9e, tu trouveras une s\u00e9lection de beaux produits qui contribuent \u00e0 d\u00e9tendre le corps et l'esprit. Notre coffret cadeau bien-\u00eatre contient tout ce dont tu as besoin pour te faire plaisir et apporter une chaleur r\u00e9confortante \u00e0 ta maison.<\/p>\n<p>Notre bo\u00eete cadeau est parfaite pour les anniversaires, les anniversaires, les f\u00eates des m\u00e8res ou tout simplement pour montrer \u00e0 quelqu'un de sp\u00e9cial combien tu l'appr\u00e9cies. Offre une pure d\u00e9tente et fais oublier \u00e0 ton bien-aim\u00e9 les soucis du quotidien.<\/p>\n<p>Notre coffret cadeau bien-\u00eatre HL \u00abJohannesburg\u00bb contient les produits suivants :<br \/>\n- OYKAMI b\u00e2tons de parfum grands et petits<br \/>\n- OYKAMI Bougie parfum\u00e9e au soja<br \/>\n- Bo\u00eete cadeau en bambou<br \/>\n- OYKAMI Bo\u00eete d'allumettes<\/p>\n<p>Le cadeau est livr\u00e9 dans un carton blanc de haute qualit\u00e9 et peut \u00eatre offert imm\u00e9diatement. Le carton blanc contient un aimant pour le maintenir ensemble, il est extr\u00eamement stable et peut \u00eatre r\u00e9utilis\u00e9. Il est accompagn\u00e9 d'un joli n\u0153ud cadeau.<\/p>\n<p>Pr\u00e9pare-toi \u00e0 te reposer, \u00e0 te r\u00e9g\u00e9n\u00e9rer et \u00e0 te rafra\u00eechir gr\u00e2ce \u00e0 notre coffret cadeau bien-\u00eatre qui apportera une oasis de calme et de s\u00e9r\u00e9nit\u00e9 dans ta maison.<\/p>","protected":false},"excerpt":{"rendered":"<p>D\u00e9couvre la pure d\u00e9tente avec notre coffret cadeau bien-\u00eatre ! Offre \u00e0 toi-m\u00eame ou \u00e0 ceux que tu aimes une pause dans le rythme effr\u00e9n\u00e9 de la vie quotidienne et plonge dans un monde de calme et de d\u00e9tente avec notre coffret cadeau bien-\u00eatre.<\/p>","protected":false},"featured_media":73274,"template":"","meta":[],"product_brand":[],"product_cat":[53,48,1176,52,1224],"product_tag":[1222],"woo-feed-brand":[],"class_list":{"0":"post-73275","1":"product","2":"type-product","3":"status-publish","4":"has-post-thumbnail","6":"product_cat-geschenksets","7":"product_cat-bad-wellness","8":"product_cat-wohlbefinden","9":"product_cat-geschenke","10":"product_cat-beauty-wellness","11":"product_tag-oykami-in-a-box","13":"first","14":"instock","15":"taxable","16":"shipping-taxable","17":"purchasable","18":"product-type-simple"},"_links":{"self":[{"href":"https:\/\/www.fleurop-home.ch\/fr-ch\/wp-json\/wp\/v2\/product\/73275","targetHints":{"allow":["GET"]}}],"collection":[{"href":"https:\/\/www.fleurop-home.ch\/fr-ch\/wp-json\/wp\/v2\/product"}],"about":[{"href":"https:\/\/www.fleurop-home.ch\/fr-ch\/wp-json\/wp\/v2\/types\/product"}],"wp:featuredmedia":[{"embeddable":true,"href":"https:\/\/www.fleurop-home.ch\/fr-ch\/wp-json\/wp\/v2\/media\/73274"}],"wp:attachment":[{"href":"https:\/\/www.fleurop-home.ch\/fr-ch\/wp-json\/wp\/v2\/media?parent=73275"}],"wp:term":[{"taxonomy":"product_brand","embeddable":true,"href":"https:\/\/www.fleurop-home.ch\/fr-ch\/wp-json\/wp\/v2\/product_brand?post=73275"},{"taxonomy":"product_cat","embeddable":true,"href":"https:\/\/www.fleurop-home.ch\/fr-ch\/wp-json\/wp\/v2\/product_cat?post=73275"},{"taxonomy":"product_tag","embeddable":true,"href":"https:\/\/www.fleurop-home.ch\/fr-ch\/wp-json\/wp\/v2\/product_tag?post=73275"},{"taxonomy":"woo-feed-brand","embeddable":true,"href":"https:\/\/www.fleurop-home.ch\/fr-ch\/wp-json\/wp\/v2\/woo-feed-brand?post=73275"}],"curies":[{"name":"wp","href":"https:\/\/api.w.org\/{rel}","templated":true}]}}