{"id":73204,"date":"2026-02-10T08:09:00","date_gmt":"2026-02-10T07:09:00","guid":{"rendered":"https:\/\/www.fleurop-home.ch\/de-ch\/p\/baby-geschenkbox-junge-madrit-mit-boris-und-elch"},"modified":"2026-02-17T10:33:12","modified_gmt":"2026-02-17T09:33:12","slug":"coffret-cadeau-bebe-garcon-madrit-avec-boris-et-lelan","status":"publish","type":"product","link":"https:\/\/www.fleurop-home.ch\/fr-ch\/p\/baby-geschenkbox-junge-madrit-mit-boris-und-elch","title":{"rendered":"Bo\u00eete cadeau b\u00e9b\u00e9 gar\u00e7on \u00abMadrit\u00bb avec Boris et l'\u00e9lan"},"content":{"rendered":"<p>Bienvenue dans le monde, petit tr\u00e9sor ! C\u00e9l\u00e8bre l'arriv\u00e9e d'une nouvelle vie avec notre coffret cadeau pour b\u00e9b\u00e9.<\/p>\n<p>La naissance d'un b\u00e9b\u00e9 est un \u00e9v\u00e9nement merveilleux qui doit \u00eatre c\u00e9l\u00e9br\u00e9 avec joie et amour. Notre coffret cadeau pour b\u00e9b\u00e9 est un geste affectueux pour f\u00e9liciter les parents et souhaiter la bienvenue au nouveau-n\u00e9.<\/p>\n<p>Dans notre bo\u00eete soigneusement compos\u00e9e, tu trouveras une multitude de cadeaux affectueux pour le b\u00e9b\u00e9 et ses fiers parents. Notre bo\u00eete \u00e0 cadeaux pour b\u00e9b\u00e9 est remplie de tout ce que le c\u0153ur d\u00e9sire pour adoucir le d\u00e9but de la vie.<\/p>\n<p>Notre coffret cadeau pour b\u00e9b\u00e9 contient<br \/>\n- Tissu mousseline bleu pour b\u00e9b\u00e9 en coton organique 100% de la marque \u00abFilibabba\u00bb.\u00bb<br \/>\n- Plaquette en bois \u00abhello World\u00bb<br \/>\n- Set de 2 brosses \u00e0 cheveux et peigne en bois de haute qualit\u00e9<br \/>\n- Anneau de dentition crochet\u00e9 \u00abmignon \u00e9lan\u00bb avec clochette<br \/>\n- Attache-sucette en bois bleu<br \/>\n- Mini veilleuse Boris en silicone souple de la marque Mr. Maria<br \/>\n- Carte postale surprise<\/p>\n<p>Tous nos coffrets cadeaux ont \u00e9t\u00e9 cr\u00e9\u00e9s avec beaucoup d'amour et le plus grand soin pour r\u00e9pondre aux besoins de l'enfant et offrir beaucoup de joie aux parents. Ils sont parfaits pour une naissance, une f\u00eate de b\u00e9b\u00e9 ou simplement pour montrer aux nouveaux parents que l'on pense \u00e0 eux \u2661.<\/p>\n<p>Emball\u00e9e dans une bo\u00eete magn\u00e9tique solide de haute qualit\u00e9 avec un joli n\u0153ud, elle est imm\u00e9diatement pr\u00eate \u00e0 \u00eatre offerte et restera longtemps comme bo\u00eete \u00e0 souvenirs \u2661.<\/p>\n<p>Informations suppl\u00e9mentaires :<br \/>\n- Essence : bois de h\u00eatre de qualit\u00e9 A<br \/>\n- Dimensions de la bo\u00eete cadeau : P : 26cm \/ L : 17cm \/ H : 11cm<br \/>\n- Convient aux b\u00e9b\u00e9s<\/p>","protected":false},"excerpt":{"rendered":"<p>Bienvenue dans le monde, petit tr\u00e9sor ! C\u00e9l\u00e8bre l'arriv\u00e9e d'une nouvelle vie avec notre coffret cadeau pour b\u00e9b\u00e9.<\/p>","protected":false},"featured_media":73203,"template":"","meta":[],"product_brand":[],"product_cat":[1235,59,1228,1227,52,53],"product_tag":[1222],"woo-feed-brand":[],"class_list":{"0":"post-73204","1":"product","2":"type-product","3":"status-publish","4":"has-post-thumbnail","6":"product_cat-baby-boys","7":"product_cat-kids","8":"product_cat-babys","9":"product_cat-geschenkboxen","10":"product_cat-geschenke","11":"product_cat-geschenksets","12":"product_tag-oykami-in-a-box","14":"first","15":"instock","16":"taxable","17":"shipping-taxable","18":"purchasable","19":"product-type-simple"},"_links":{"self":[{"href":"https:\/\/www.fleurop-home.ch\/fr-ch\/wp-json\/wp\/v2\/product\/73204","targetHints":{"allow":["GET"]}}],"collection":[{"href":"https:\/\/www.fleurop-home.ch\/fr-ch\/wp-json\/wp\/v2\/product"}],"about":[{"href":"https:\/\/www.fleurop-home.ch\/fr-ch\/wp-json\/wp\/v2\/types\/product"}],"wp:featuredmedia":[{"embeddable":true,"href":"https:\/\/www.fleurop-home.ch\/fr-ch\/wp-json\/wp\/v2\/media\/73203"}],"wp:attachment":[{"href":"https:\/\/www.fleurop-home.ch\/fr-ch\/wp-json\/wp\/v2\/media?parent=73204"}],"wp:term":[{"taxonomy":"product_brand","embeddable":true,"href":"https:\/\/www.fleurop-home.ch\/fr-ch\/wp-json\/wp\/v2\/product_brand?post=73204"},{"taxonomy":"product_cat","embeddable":true,"href":"https:\/\/www.fleurop-home.ch\/fr-ch\/wp-json\/wp\/v2\/product_cat?post=73204"},{"taxonomy":"product_tag","embeddable":true,"href":"https:\/\/www.fleurop-home.ch\/fr-ch\/wp-json\/wp\/v2\/product_tag?post=73204"},{"taxonomy":"woo-feed-brand","embeddable":true,"href":"https:\/\/www.fleurop-home.ch\/fr-ch\/wp-json\/wp\/v2\/woo-feed-brand?post=73204"}],"curies":[{"name":"wp","href":"https:\/\/api.w.org\/{rel}","templated":true}]}}