{"id":73183,"date":"2026-02-10T08:09:01","date_gmt":"2026-02-10T07:09:01","guid":{"rendered":"https:\/\/www.fleurop-home.ch\/de-ch\/p\/baby-geschenkbox-illinois"},"modified":"2026-02-17T08:35:23","modified_gmt":"2026-02-17T07:35:23","slug":"coffret-cadeau-bebe-illinois","status":"publish","type":"product","link":"https:\/\/www.fleurop-home.ch\/fr-ch\/p\/baby-geschenkbox-illinois","title":{"rendered":"Bo\u00eete cadeau pour b\u00e9b\u00e9 \u00abIllinois\u00bb"},"content":{"rendered":"<p>Bienvenue dans le monde, petit tr\u00e9sor !<\/p>\n<p>Une bo\u00eete cadeau pour b\u00e9b\u00e9 est sp\u00e9ciale car elle exprime la joie de l'arriv\u00e9e d'une nouvelle vie et cr\u00e9e un lien profond entre la famille, les amis et le b\u00e9b\u00e9. Ils expriment l'amour, les soins et l'affection qui accompagneront le b\u00e9b\u00e9 tout au long de sa vie. La naissance d'un b\u00e9b\u00e9 est quelque chose de tr\u00e8s sp\u00e9cial et nous t'aidons \u00e0 choisir et \u00e0 offrir un beau cadeau pour b\u00e9b\u00e9.<\/p>\n<p>Notre coffret cadeau pour b\u00e9b\u00e9 contient les produits suivants :<br \/>\n- Bo\u00eete \u00e0 musique en forme d'\u00e9toile tricot\u00e9e<br \/>\n- une plaquette en bois \u00abhello world\u00bb<br \/>\n- une t\u00e9tine boho en blanc<br \/>\n- petit anneau de dentition en bois \u00abnuage\u00bb<br \/>\n- Carte postale surprise<\/p>\n<p>Notre bo\u00eete cadeau pour b\u00e9b\u00e9 est livr\u00e9e dans une belle bo\u00eete blanche avec un ruban et peut \u00eatre offerte imm\u00e9diatement.<\/p>","protected":false},"excerpt":{"rendered":"<p>Bienvenue au monde petit tr\u00e9sor ! Une bo\u00eete cadeau pour les b\u00e9b\u00e9s est sp\u00e9ciale car elle exprime la joie de l'arriv\u00e9e d'une nouvelle vie et cr\u00e9e un lien profond entre la famille et les amis et le b\u00e9b\u00e9.<\/p>","protected":false},"featured_media":73182,"template":"","meta":[],"product_brand":[],"product_cat":[1233,59,1228,1227,52,53],"product_tag":[1222],"woo-feed-brand":[],"class_list":{"0":"post-73183","1":"product","2":"type-product","3":"status-publish","4":"has-post-thumbnail","6":"product_cat-neutral","7":"product_cat-kids","8":"product_cat-babys","9":"product_cat-geschenkboxen","10":"product_cat-geschenke","11":"product_cat-geschenksets","12":"product_tag-oykami-in-a-box","14":"first","15":"instock","16":"taxable","17":"shipping-taxable","18":"purchasable","19":"product-type-simple"},"_links":{"self":[{"href":"https:\/\/www.fleurop-home.ch\/fr-ch\/wp-json\/wp\/v2\/product\/73183","targetHints":{"allow":["GET"]}}],"collection":[{"href":"https:\/\/www.fleurop-home.ch\/fr-ch\/wp-json\/wp\/v2\/product"}],"about":[{"href":"https:\/\/www.fleurop-home.ch\/fr-ch\/wp-json\/wp\/v2\/types\/product"}],"wp:featuredmedia":[{"embeddable":true,"href":"https:\/\/www.fleurop-home.ch\/fr-ch\/wp-json\/wp\/v2\/media\/73182"}],"wp:attachment":[{"href":"https:\/\/www.fleurop-home.ch\/fr-ch\/wp-json\/wp\/v2\/media?parent=73183"}],"wp:term":[{"taxonomy":"product_brand","embeddable":true,"href":"https:\/\/www.fleurop-home.ch\/fr-ch\/wp-json\/wp\/v2\/product_brand?post=73183"},{"taxonomy":"product_cat","embeddable":true,"href":"https:\/\/www.fleurop-home.ch\/fr-ch\/wp-json\/wp\/v2\/product_cat?post=73183"},{"taxonomy":"product_tag","embeddable":true,"href":"https:\/\/www.fleurop-home.ch\/fr-ch\/wp-json\/wp\/v2\/product_tag?post=73183"},{"taxonomy":"woo-feed-brand","embeddable":true,"href":"https:\/\/www.fleurop-home.ch\/fr-ch\/wp-json\/wp\/v2\/woo-feed-brand?post=73183"}],"curies":[{"name":"wp","href":"https:\/\/api.w.org\/{rel}","templated":true}]}}