{"id":73181,"date":"2026-02-10T08:09:02","date_gmt":"2026-02-10T07:09:02","guid":{"rendered":"https:\/\/www.fleurop-home.ch\/de-ch\/p\/geschenk-beissring"},"modified":"2026-02-17T08:58:41","modified_gmt":"2026-02-17T07:58:41","slug":"cadeau-anneau-de-dentition","status":"publish","type":"product","link":"https:\/\/www.fleurop-home.ch\/fr-ch\/p\/geschenk-beissring","title":{"rendered":"Cadeau anneau de dentition"},"content":{"rendered":"<p>Bienvenue dans le monde, petit tr\u00e9sor !<\/p>\n<p>Un cadeau pour b\u00e9b\u00e9 est sp\u00e9cial car il exprime la joie de l'arriv\u00e9e d'une nouvelle vie et cr\u00e9e un lien profond entre la famille, les amis et le b\u00e9b\u00e9. Ils sont l'expression de l'amour, des soins et de l'affection qui accompagneront le b\u00e9b\u00e9 tout au long de sa vie. La naissance d'un b\u00e9b\u00e9 est quelque chose de tr\u00e8s sp\u00e9cial et nous t'aidons \u00e0 choisir et \u00e0 offrir un beau cadeau pour b\u00e9b\u00e9.<\/p>\n<p>Notre anneau de dentition est un petit cadeau id\u00e9al. L'anneau de dentition est envoy\u00e9 dans un joli petit sac en coton - \u00e0 offrir directement.<\/p>","protected":false},"excerpt":{"rendered":"<p>Bienvenue au monde petit tr\u00e9sor ! Un cadeau pour les b\u00e9b\u00e9s est sp\u00e9cial car il exprime la joie de l'arriv\u00e9e d'une nouvelle vie et cr\u00e9e un lien profond entre la famille, les amis et le b\u00e9b\u00e9.<\/p>","protected":false},"featured_media":73180,"template":"","meta":[],"product_brand":[],"product_cat":[1233,59,1228,1227,52,53],"product_tag":[1222],"woo-feed-brand":[],"class_list":{"0":"post-73181","1":"product","2":"type-product","3":"status-publish","4":"has-post-thumbnail","6":"product_cat-neutral","7":"product_cat-kids","8":"product_cat-babys","9":"product_cat-geschenkboxen","10":"product_cat-geschenke","11":"product_cat-geschenksets","12":"product_tag-oykami-in-a-box","14":"first","15":"instock","16":"taxable","17":"shipping-taxable","18":"purchasable","19":"product-type-simple"},"_links":{"self":[{"href":"https:\/\/www.fleurop-home.ch\/fr-ch\/wp-json\/wp\/v2\/product\/73181","targetHints":{"allow":["GET"]}}],"collection":[{"href":"https:\/\/www.fleurop-home.ch\/fr-ch\/wp-json\/wp\/v2\/product"}],"about":[{"href":"https:\/\/www.fleurop-home.ch\/fr-ch\/wp-json\/wp\/v2\/types\/product"}],"wp:featuredmedia":[{"embeddable":true,"href":"https:\/\/www.fleurop-home.ch\/fr-ch\/wp-json\/wp\/v2\/media\/73180"}],"wp:attachment":[{"href":"https:\/\/www.fleurop-home.ch\/fr-ch\/wp-json\/wp\/v2\/media?parent=73181"}],"wp:term":[{"taxonomy":"product_brand","embeddable":true,"href":"https:\/\/www.fleurop-home.ch\/fr-ch\/wp-json\/wp\/v2\/product_brand?post=73181"},{"taxonomy":"product_cat","embeddable":true,"href":"https:\/\/www.fleurop-home.ch\/fr-ch\/wp-json\/wp\/v2\/product_cat?post=73181"},{"taxonomy":"product_tag","embeddable":true,"href":"https:\/\/www.fleurop-home.ch\/fr-ch\/wp-json\/wp\/v2\/product_tag?post=73181"},{"taxonomy":"woo-feed-brand","embeddable":true,"href":"https:\/\/www.fleurop-home.ch\/fr-ch\/wp-json\/wp\/v2\/woo-feed-brand?post=73181"}],"curies":[{"name":"wp","href":"https:\/\/api.w.org\/{rel}","templated":true}]}}