{"id":73178,"date":"2026-02-10T08:09:02","date_gmt":"2026-02-10T07:09:02","guid":{"rendered":"https:\/\/www.fleurop-home.ch\/de-ch\/p\/geschenkset-wasserflasche-mit-steinen-aventurin"},"modified":"2026-02-10T08:09:02","modified_gmt":"2026-02-10T07:09:02","slug":"set-cadeau-bouteille-deau-avec-pierres-daventurine","status":"publish","type":"product","link":"https:\/\/www.fleurop-home.ch\/fr-ch\/p\/geschenkset-wasserflasche-mit-steinen-aventurin","title":{"rendered":"Set cadeau bouteille d'eau avec pierres - Aventurine"},"content":{"rendered":"<p>D\u00e9couvre l'\u00e9l\u00e9gance intemporelle de notre bouteille d'eau en verre avec des pierres - l'alliance parfaite de la fonctionnalit\u00e9 et de la beaut\u00e9.<\/p>\n<p>Fabriqu\u00e9e en verre de haute qualit\u00e9, notre bouteille d'eau est robuste et durable, tout en offrant une vue claire sur la boisson rafra\u00eechissante \u00e0 l'int\u00e9rieur. Le verre est r\u00e9sistant \u00e0 la chaleur et ne contient pas de produits chimiques nocifs, tu peux donc \u00eatre s\u00fbr que ton eau restera toujours pure et inalt\u00e9r\u00e9e.<\/p>\n<p>La caract\u00e9ristique unique de notre bouteille d'eau sont les pierres encastr\u00e9es qui non seulement apportent une touche de luxe, mais offrent \u00e9galement des propri\u00e9t\u00e9s \u00e9nerg\u00e9tiques. Chaque pierre a \u00e9t\u00e9 soigneusement s\u00e9lectionn\u00e9e pour repr\u00e9senter une certaine \u00e9nergie.<\/p>\n<p>Cette bouteille d'eau en verre avec ses belles pierres n'est pas seulement un compagnon pratique pour les d\u00e9placements, mais aussi un accessoire \u00e9l\u00e9gant qui souligne ton style personnel. Offre-toi le meilleur et vis la fusion de la beaut\u00e9 et de la spiritualit\u00e9 dans une bouteille.<\/p>\n<p>Chaque bouteille d'eau est envoy\u00e9e dans une protection en verre de haute qualit\u00e9 pour que tu puisses la transporter en toute s\u00e9curit\u00e9, y compris un bel emballage cadeau blanc - une id\u00e9e de cadeau parfaite ou \u00e0 garder pour soi.<\/p>\n<p>Remarques sur le produit :<br \/>\n- Conseils d'entretien : La bouteille en verre peut \u00eatre lav\u00e9e au lave-vaisselle, pour le couvercle en bambou et le module en pierre, le lavage \u00e0 la main est recommand\u00e9.<br \/>\n- Mat\u00e9riaux : verre sans plomb et sans substances nocives, couvercle en bambou, plastique sans bpa, silicone<br \/>\n- La bouteille d'eau est fabriqu\u00e9e en verre borosilicat\u00e9 non toxique<br \/>\n- Housse de protection en n\u00e9opr\u00e8ne noir - peut \u00eatre lav\u00e9e \u00e0 la main dans la machine \u00e0 laver (sans essorage et sans adoucissant) \u00e0 30 degr\u00e9s maximum.<br \/>\n- Fabriqu\u00e9 en Chine<br \/>\n- La gourde est livr\u00e9e dans un emballage cadeau<\/p>\n<p>C'est aussi simple que \u00e7a de nettoyer une bouteille d'eau : Il suffit de d\u00e9visser les bouchons rotatifs de chaque c\u00f4t\u00e9 de la bouteille d'eau - elle se nettoie en un clin d'\u0153il et c'est un jeu d'enfant. Le cylindre en verre est lavable au lave-vaisselle. Veuillez nettoyer le couvercle et l'insert en pierre \u00e0 la main.<\/p>","protected":false},"excerpt":{"rendered":"<p>D\u00e9couvre l'\u00e9l\u00e9gance intemporelle de notre bouteille d'eau en verre avec des pierres - l'alliance parfaite de la fonctionnalit\u00e9 et de la beaut\u00e9. Fabriqu\u00e9e en verre de haute qualit\u00e9, notre bouteille d'eau est robuste et durable, tout en offrant une vue claire sur la boisson rafra\u00eechissante \u00e0 l'int\u00e9rieur.<\/p>","protected":false},"featured_media":73177,"template":"","meta":[],"product_brand":[],"product_cat":[53,48,1176,52,1224],"product_tag":[1222],"woo-feed-brand":[],"class_list":{"0":"post-73178","1":"product","2":"type-product","3":"status-publish","4":"has-post-thumbnail","6":"product_cat-geschenksets","7":"product_cat-bad-wellness","8":"product_cat-wohlbefinden","9":"product_cat-geschenke","10":"product_cat-beauty-wellness","11":"product_tag-oykami-in-a-box","13":"first","14":"instock","15":"taxable","16":"shipping-taxable","17":"purchasable","18":"product-type-simple"},"_links":{"self":[{"href":"https:\/\/www.fleurop-home.ch\/fr-ch\/wp-json\/wp\/v2\/product\/73178","targetHints":{"allow":["GET"]}}],"collection":[{"href":"https:\/\/www.fleurop-home.ch\/fr-ch\/wp-json\/wp\/v2\/product"}],"about":[{"href":"https:\/\/www.fleurop-home.ch\/fr-ch\/wp-json\/wp\/v2\/types\/product"}],"wp:featuredmedia":[{"embeddable":true,"href":"https:\/\/www.fleurop-home.ch\/fr-ch\/wp-json\/wp\/v2\/media\/73177"}],"wp:attachment":[{"href":"https:\/\/www.fleurop-home.ch\/fr-ch\/wp-json\/wp\/v2\/media?parent=73178"}],"wp:term":[{"taxonomy":"product_brand","embeddable":true,"href":"https:\/\/www.fleurop-home.ch\/fr-ch\/wp-json\/wp\/v2\/product_brand?post=73178"},{"taxonomy":"product_cat","embeddable":true,"href":"https:\/\/www.fleurop-home.ch\/fr-ch\/wp-json\/wp\/v2\/product_cat?post=73178"},{"taxonomy":"product_tag","embeddable":true,"href":"https:\/\/www.fleurop-home.ch\/fr-ch\/wp-json\/wp\/v2\/product_tag?post=73178"},{"taxonomy":"woo-feed-brand","embeddable":true,"href":"https:\/\/www.fleurop-home.ch\/fr-ch\/wp-json\/wp\/v2\/woo-feed-brand?post=73178"}],"curies":[{"name":"wp","href":"https:\/\/api.w.org\/{rel}","templated":true}]}}