{"id":73108,"date":"2026-02-10T08:09:07","date_gmt":"2026-02-10T07:09:07","guid":{"rendered":"https:\/\/www.fleurop-home.ch\/de-ch\/p\/mama-freundin-geschenkbox-rom-gruen-xl"},"modified":"2026-02-10T08:09:07","modified_gmt":"2026-02-10T07:09:07","slug":"coffret-cadeau-de-maman-amie-rome-vert-xl","status":"publish","type":"product","link":"https:\/\/www.fleurop-home.ch\/fr-ch\/p\/mama-freundin-geschenkbox-rom-gruen-xl","title":{"rendered":"Coffret cadeau Maman &amp; Amie \u00abRome\u00bb Vert XL"},"content":{"rendered":"<p>D\u00e9couvre l'amour pur et la gratitude avec notre coffret cadeau Maman et meilleure amie !<\/p>\n<p>Dans notre bo\u00eete cadeau soigneusement compos\u00e9e, tu trouveras une grande s\u00e9lection de produits qui contribueront \u00e0 offrir \u00e0 ta maman ou \u00e0 ton amie ch\u00e8re un moment de d\u00e9tente et lui permettront de se relaxer et de se faire plaisir. Des bombes de bain apaisantes aux produits de soin de la peau luxueux en passant par de d\u00e9licieuses friandises, notre coffret cadeau maman-amie est rempli \u00e0 ras bord d'amour et d'appr\u00e9ciation pour les femmes les plus importantes de ta vie.<\/p>\n<p>Notre coffret cadeau Maman et Amie \u00abRome\u00bb comprend<br \/>\n- OYKAMI Bougie parfum\u00e9e au soja XL- Set d'allumettes<br \/>\n- Bouteille d'eau en verre de haute qualit\u00e9 avec de la pierre ponce violette (pierres am\u00e9tistes)<br \/>\n- Brosse de massage<br \/>\n- Savon au lait de riz<br \/>\n- Bracelet en pierre dans un petit sac<br \/>\n- Cr\u00e8me pour les mains<br \/>\n- Porte-cl\u00e9s en macram\u00e9<br \/>\n- Serviette de bain<br \/>\n- Sels de bain<br \/>\n- Carte postale surprise<\/p>\n<p>Chaque produit a \u00e9t\u00e9 s\u00e9lectionn\u00e9 avec le plus grand soin afin d'offrir \u00e0 ta maman ou \u00e0 ta meilleure amie un maximum de confort et de plaisir. Car elle ne m\u00e9rite que le meilleur !<\/p>\n<p>Notre bo\u00eete cadeau Maman et Amie est parfaite pour les anniversaires, les f\u00eates des m\u00e8res ou tout simplement pour montrer \u00e0 ta maman ou \u00e0 ta meilleure amie \u00e0 quel point tu l'aimes et la ch\u00e9ris. Offre de la gratitude pure et fais sentir \u00e0 ta maman ou \u00e0 ton amie \u00e0 quel point elle est sp\u00e9ciale pour toi. Pr\u00e9pare-toi \u00e0 offrir \u00e0 ta maman ou \u00e0 ton amie une pause inoubliable et \u00e0 lui montrer qu'elle repr\u00e9sente le monde pour toi gr\u00e2ce \u00e0 notre coffret cadeau maman et amie qui fera briller son c\u0153ur.<\/p>\n<p>Le cadeau est livr\u00e9 dans un carton blanc de haute qualit\u00e9 et peut \u00eatre offert imm\u00e9diatement. Le carton blanc contient un aimant pour le maintenir ensemble, il est extr\u00eamement stable et peut \u00eatre r\u00e9utilis\u00e9. Il est accompagn\u00e9 d'un joli n\u0153ud cadeau.<\/p>\n<p>Information :<br \/>\nLe contenu des produits plus petits dans la bo\u00eete peut varier l\u00e9g\u00e8rement en fonction de la saison.<\/p>\n<p>Indications sur la bouteille d'eau :<br \/>\nConseils d'entretien : La bouteille en verre peut \u00eatre lav\u00e9e au lave-vaisselle, pour le couvercle en bambou et le module en pierre, le lavage \u00e0 la main est recommand\u00e9, car le bambou est un mat\u00e9riau naturel et de la moisissure pourrait se former en dessous.<\/p>\n<p>Mat\u00e9riaux : verre sans plomb et sans substances nocives, couvercle en bambou, plastique sans bpa, silicone<br \/>\nLa bouteille d'eau est fabriqu\u00e9e en verre borosilicat\u00e9 non toxique<\/p>\n<p>Fabriqu\u00e9 en Chine<\/p>\n<p>\u2661 Remarque sur la composition de la bo\u00eete :<br \/>\nNos bo\u00eetes cadeaux sont emball\u00e9es avec beaucoup d'amour et de soin. Pour que chaque bo\u00eete soit toujours harmonieuse et adapt\u00e9e, certains produits peuvent varier l\u00e9g\u00e8rement en fonction de la saison ou de la disponibilit\u00e9. Nous veillons toujours \u00e0 ce que les alternatives soient \u00e9quivalentes en termes de qualit\u00e9, de style et de valeur - ainsi, chaque bo\u00eete cadeau reste une exp\u00e9rience sp\u00e9ciale.<\/p>","protected":false},"excerpt":{"rendered":"<p>D\u00e9couvre l'amour pur et la gratitude avec notre coffret cadeau Maman et meilleure amie ! Dans notre coffret cadeau soigneusement compos\u00e9, tu trouveras une grande s\u00e9lection de produits qui contribueront \u00e0 offrir un moment de d\u00e9tente \u00e0 ta maman ou \u00e0 ta ch\u00e8re amie et lui permettront de se d\u00e9tendre et de se faire plaisir.<\/p>","protected":false},"featured_media":73107,"template":"","meta":[],"product_brand":[],"product_cat":[1176,1023,797,48,52,1223,53],"product_tag":[1222],"woo-feed-brand":[],"class_list":{"0":"post-73108","1":"product","2":"type-product","3":"status-publish","4":"has-post-thumbnail","6":"product_cat-wohlbefinden","7":"product_cat-fuer-mama","8":"product_cat-muttertag","9":"product_cat-bad-wellness","10":"product_cat-geschenke","11":"product_cat-anlaesse","12":"product_cat-geschenksets","13":"product_tag-oykami-in-a-box","15":"first","16":"instock","17":"taxable","18":"shipping-taxable","19":"purchasable","20":"product-type-simple"},"_links":{"self":[{"href":"https:\/\/www.fleurop-home.ch\/fr-ch\/wp-json\/wp\/v2\/product\/73108","targetHints":{"allow":["GET"]}}],"collection":[{"href":"https:\/\/www.fleurop-home.ch\/fr-ch\/wp-json\/wp\/v2\/product"}],"about":[{"href":"https:\/\/www.fleurop-home.ch\/fr-ch\/wp-json\/wp\/v2\/types\/product"}],"wp:featuredmedia":[{"embeddable":true,"href":"https:\/\/www.fleurop-home.ch\/fr-ch\/wp-json\/wp\/v2\/media\/73107"}],"wp:attachment":[{"href":"https:\/\/www.fleurop-home.ch\/fr-ch\/wp-json\/wp\/v2\/media?parent=73108"}],"wp:term":[{"taxonomy":"product_brand","embeddable":true,"href":"https:\/\/www.fleurop-home.ch\/fr-ch\/wp-json\/wp\/v2\/product_brand?post=73108"},{"taxonomy":"product_cat","embeddable":true,"href":"https:\/\/www.fleurop-home.ch\/fr-ch\/wp-json\/wp\/v2\/product_cat?post=73108"},{"taxonomy":"product_tag","embeddable":true,"href":"https:\/\/www.fleurop-home.ch\/fr-ch\/wp-json\/wp\/v2\/product_tag?post=73108"},{"taxonomy":"woo-feed-brand","embeddable":true,"href":"https:\/\/www.fleurop-home.ch\/fr-ch\/wp-json\/wp\/v2\/woo-feed-brand?post=73108"}],"curies":[{"name":"wp","href":"https:\/\/api.w.org\/{rel}","templated":true}]}}