{"id":73081,"date":"2026-02-10T08:09:08","date_gmt":"2026-02-10T07:09:08","guid":{"rendered":"https:\/\/www.fleurop-home.ch\/de-ch\/p\/geschenkbox-maedchen-schultuete"},"modified":"2026-02-17T09:01:49","modified_gmt":"2026-02-17T08:01:49","slug":"coffret-cadeau-fille-cartable","status":"publish","type":"product","link":"https:\/\/www.fleurop-home.ch\/fr-ch\/p\/geschenkbox-maedchen-schultuete","title":{"rendered":"Coffret cadeau fille \u00abcartable d'\u00e9cole\u00bb"},"content":{"rendered":"<p>Nos coffrets cadeaux compos\u00e9s avec amour sont le choix parfait si tu veux faire plaisir \u00e0 un petit \u00eatre sp\u00e9cial ! Chaque bo\u00eete contient des produits de soin soigneusement s\u00e9lectionn\u00e9s qui conviennent \u00e0 la peau douce des enfants et font du bain une v\u00e9ritable exp\u00e9rience. Avec une mousse de bain parfum\u00e9e, des bains bouillonnants, un savon d\u00e9licat et des ustensiles de toilette pratiques, chaque bain devient une aventure relaxante.<\/p>\n<p>Ce coffret cadeau contient<br \/>\n- Set cadeau pour filles \u00ablittle Princess\u00bb dans un sac d'\u00e9cole surprise, set de soins au design de princesse, y compris 60ml de bain moussant, 50g de bombe de bain \/ boule de bain, 10g d'\u00e9ponge en filet, parfum : Strawberry Cheesecake, couleur : rose\/blanc\/or<br \/>\n- Mini-gel douche \u00ablittle Princess\u00bb, 50ml, 2 motifs diff\u00e9rents possibles dans la bo\u00eete, parfum : Strawberry Cheesecake, couleur : rose\/blanc\/or<br \/>\n- \u00c9ponge de bain en filet avec cordon rose, 40g<br \/>\n- Carte postale surprise<\/p>\n<p>Que ce soit pour un anniversaire d'enfant, une occasion sp\u00e9ciale ou simplement comme surprise de temps en temps, nos coffrets cadeaux sont toujours le bon choix ! Ils contiennent tout ce dont les enfants ont besoin pour une exp\u00e9rience de bain \u00e0 la fois amusante et soign\u00e9e. La bo\u00eete est compl\u00e9t\u00e9e par de petits extras affectueux comme de jolies trousses de maquillage ou de jolis journaux intimes qui rendent le quotidien encore un peu plus color\u00e9.<\/p>\n<p>Chaque bo\u00eete est emball\u00e9e dans une \u00e9l\u00e9gante bo\u00eete blanche et est directement pr\u00eate \u00e0 \u00eatre envoy\u00e9e - id\u00e9al pour offrir en cadeau ! Offre \u00e0 ton ch\u00e9ri ou \u00e0 quelqu'un de sp\u00e9cial une pause dans le quotidien et fais en sorte que nos bo\u00eetes-cadeaux soient un plaisir pour le bain et que les yeux des enfants brillent. Plaisir du bain garanti.<\/p>","protected":false},"excerpt":{"rendered":"<p>Nos coffrets cadeaux compos\u00e9s avec amour sont le choix parfait si tu veux faire plaisir \u00e0 un petit \u00eatre sp\u00e9cial ! Chaque bo\u00eete contient des produits de soin soigneusement s\u00e9lectionn\u00e9s qui conviennent \u00e0 la peau douce des enfants et font du bain une v\u00e9ritable exp\u00e9rience.<\/p>","protected":false},"featured_media":73080,"template":"","meta":[],"product_brand":[],"product_cat":[1231,59,1229,1227,52,53],"product_tag":[1222],"woo-feed-brand":[],"class_list":{"0":"post-73081","1":"product","2":"type-product","3":"status-publish","4":"has-post-thumbnail","6":"product_cat-maedchen","7":"product_cat-kids","8":"product_cat-kinder","9":"product_cat-geschenkboxen","10":"product_cat-geschenke","11":"product_cat-geschenksets","12":"product_tag-oykami-in-a-box","14":"first","15":"instock","16":"taxable","17":"shipping-taxable","18":"purchasable","19":"product-type-simple"},"_links":{"self":[{"href":"https:\/\/www.fleurop-home.ch\/fr-ch\/wp-json\/wp\/v2\/product\/73081","targetHints":{"allow":["GET"]}}],"collection":[{"href":"https:\/\/www.fleurop-home.ch\/fr-ch\/wp-json\/wp\/v2\/product"}],"about":[{"href":"https:\/\/www.fleurop-home.ch\/fr-ch\/wp-json\/wp\/v2\/types\/product"}],"wp:featuredmedia":[{"embeddable":true,"href":"https:\/\/www.fleurop-home.ch\/fr-ch\/wp-json\/wp\/v2\/media\/73080"}],"wp:attachment":[{"href":"https:\/\/www.fleurop-home.ch\/fr-ch\/wp-json\/wp\/v2\/media?parent=73081"}],"wp:term":[{"taxonomy":"product_brand","embeddable":true,"href":"https:\/\/www.fleurop-home.ch\/fr-ch\/wp-json\/wp\/v2\/product_brand?post=73081"},{"taxonomy":"product_cat","embeddable":true,"href":"https:\/\/www.fleurop-home.ch\/fr-ch\/wp-json\/wp\/v2\/product_cat?post=73081"},{"taxonomy":"product_tag","embeddable":true,"href":"https:\/\/www.fleurop-home.ch\/fr-ch\/wp-json\/wp\/v2\/product_tag?post=73081"},{"taxonomy":"woo-feed-brand","embeddable":true,"href":"https:\/\/www.fleurop-home.ch\/fr-ch\/wp-json\/wp\/v2\/woo-feed-brand?post=73081"}],"curies":[{"name":"wp","href":"https:\/\/api.w.org\/{rel}","templated":true}]}}