{"id":7306,"date":"2021-01-15T18:43:53","date_gmt":"2021-01-15T17:43:53","guid":{"rendered":"https:\/\/www.fleurop-home.ch\/?product=samenkugeln-box"},"modified":"2026-04-22T11:01:27","modified_gmt":"2026-04-22T09:01:27","slug":"kit-de-bricolage-boite-a-boules-de-graines","status":"publish","type":"product","link":"https:\/\/www.fleurop-home.ch\/fr-ch\/p\/samenkugeln-box-bastelset","title":{"rendered":"Bo\u00eete de boules de graines kit de bricolage"},"content":{"rendered":"<p style=\"text-align: left;\">Faire soi-m\u00eame des boules de graines !<br \/>\nAvec ce kit de bricolage pour boules de graines, tu peux fabriquer toi-m\u00eame 30 \u00e0 40 boules de graines.<\/p>\n<p style=\"text-align: left;\">Le kit contient tout ce qu'il faut :<\/p>\n<p style=\"text-align: left;\">- Terreau bio<br \/>\n- Poudre d'argile<br \/>\n- M\u00e9lange de graines avec plus de 40 esp\u00e8ces<br \/>\n- Instructions d\u00e9taill\u00e9es pour r\u00e9ussir facilement.<\/p>\n<p>Ce kit est \u00e9galement id\u00e9al pour faire plaisir aux enfants. En fabriquant des boules de graines et en les semant ensuite dans le jardin ou sur la terrasse, il est facile d'initier les jeunes \u00e0 la nature.<\/p>","protected":false},"excerpt":{"rendered":"<p>Accessoires pour 30-40 boules de graines<\/p>","protected":false},"featured_media":7307,"template":"","meta":[],"product_brand":[],"product_cat":[110,23,1263,1266,1196,29,34,41],"product_tag":[287],"woo-feed-brand":[],"class_list":{"0":"post-7306","1":"product","2":"type-product","3":"status-publish","4":"has-post-thumbnail","6":"product_cat-samen","7":"product_cat-home-living","8":"product_cat-fleuropkids","9":"product_cat-garten-outdoor","10":"product_cat-natur-deko","11":"product_cat-do-it-yourself","12":"product_cat-garten-balkon","13":"product_cat-outdoorpflanzen","14":"product_tag-urbangardeningshop-ch","16":"first","17":"instock","18":"taxable","19":"shipping-taxable","20":"purchasable","21":"product-type-simple"},"_links":{"self":[{"href":"https:\/\/www.fleurop-home.ch\/fr-ch\/wp-json\/wp\/v2\/product\/7306","targetHints":{"allow":["GET"]}}],"collection":[{"href":"https:\/\/www.fleurop-home.ch\/fr-ch\/wp-json\/wp\/v2\/product"}],"about":[{"href":"https:\/\/www.fleurop-home.ch\/fr-ch\/wp-json\/wp\/v2\/types\/product"}],"wp:featuredmedia":[{"embeddable":true,"href":"https:\/\/www.fleurop-home.ch\/fr-ch\/wp-json\/wp\/v2\/media\/7307"}],"wp:attachment":[{"href":"https:\/\/www.fleurop-home.ch\/fr-ch\/wp-json\/wp\/v2\/media?parent=7306"}],"wp:term":[{"taxonomy":"product_brand","embeddable":true,"href":"https:\/\/www.fleurop-home.ch\/fr-ch\/wp-json\/wp\/v2\/product_brand?post=7306"},{"taxonomy":"product_cat","embeddable":true,"href":"https:\/\/www.fleurop-home.ch\/fr-ch\/wp-json\/wp\/v2\/product_cat?post=7306"},{"taxonomy":"product_tag","embeddable":true,"href":"https:\/\/www.fleurop-home.ch\/fr-ch\/wp-json\/wp\/v2\/product_tag?post=7306"},{"taxonomy":"woo-feed-brand","embeddable":true,"href":"https:\/\/www.fleurop-home.ch\/fr-ch\/wp-json\/wp\/v2\/woo-feed-brand?post=7306"}],"curies":[{"name":"wp","href":"https:\/\/api.w.org\/{rel}","templated":true}]}}