{"id":73023,"date":"2026-02-10T08:09:12","date_gmt":"2026-02-10T07:09:12","guid":{"rendered":"https:\/\/www.fleurop-home.ch\/de-ch\/p\/ueberraschungs-geschenkbox-hunde-freunde-wundertuete-mit-ganz-viel-tierliebe"},"modified":"2026-02-10T08:09:12","modified_gmt":"2026-02-10T07:09:12","slug":"boite-cadeau-surprise-chiens-amis-boite-surprise-avec-beaucoup-damour-pour-les-animaux","status":"publish","type":"product","link":"https:\/\/www.fleurop-home.ch\/fr-ch\/p\/ueberraschungs-geschenkbox-hunde-freunde-wundertuete-mit-ganz-viel-tierliebe","title":{"rendered":"Coffret cadeau surprise \u00abAmis des chiens\u00bb - sac \u00e0 merveilles avec tout l'amour des animaux"},"content":{"rendered":"<p>Coffrets cadeaux sp\u00e9ciaux - kit surprise complet pour des moments sp\u00e9ciaux<\/p>\n<p>D\u00e9couvre la mani\u00e8re parfaite d'offrir des cadeaux avec nos bo\u00eetes cadeaux uniques ! Chaque bo\u00eete contient un magnifique sac cadeau surprise, rempli d'une s\u00e9lection de petits objets cr\u00e9atifs et luxueux tri\u00e9s sur le volet, qui feront battre le c\u0153ur de chaque personne \u00e0 qui tu l'offres. Fabriqu\u00e9 en Allemagne par des personnes handicap\u00e9es, ce cadeau contribue \u00e9galement \u00e0 une bonne cause.<\/p>\n<p>Chaque bo\u00eete contient des surprises s\u00e9lectionn\u00e9es avec soin - des accessoires charmants aux petits produits de bien-\u00eatre, en passant par des petites choses personnelles qui cr\u00e9ent un moment tr\u00e8s sp\u00e9cial. Chaque bo\u00eete cadeau est compos\u00e9e avec beaucoup de soin et un \u0153il pour les d\u00e9tails afin d'offrir une exp\u00e9rience inoubliable au destinataire du cadeau.<\/p>\n<p>Cette bo\u00eete cadeau contient<br \/>\n- Sac \u00e0 merveilles \u00abAmis des chiens\u00bb (sac de Scheisserchen, carte de l'ange du chien, chiffon pour nettoyer les pattes, \u00e9ponge pour la gamelle, porte-cl\u00e9s - le contenu peut varier l\u00e9g\u00e8rement)<br \/>\n- Pince \u00e0 dossiers blanche avec aimant, aussi pour accrocher des images au mur<br \/>\n- 3 bougies \u00e0 tige (2,2 cm)<br \/>\n- Porte-bougie avec motif herlequin en verre pour les bougies \u00e0 tige (2,2 cm)<br \/>\n- OYKAMI Set d'allumettes<br \/>\n- Carte postale surprise<\/p>\n<p>Que ce soit pour un anniversaire, pour remercier, pour les f\u00eates ou simplement pour faire plaisir \u00e0 un \u00eatre cher, nos bo\u00eetes cadeaux sont toujours le bon choix. Avec leur bel emballage et leur contenu vari\u00e9, ils offrent une merveilleuse fa\u00e7on d'offrir des surprises et de faire plaisir. Le meilleur : nos bo\u00eetes cadeaux sont envoy\u00e9es dans une belle bo\u00eete en carton blanc qui, en plus d'\u00eatre \u00e9l\u00e9gante, est id\u00e9ale pour offrir directement ou pour conserver les petits tr\u00e9sors. Elle est parfaite pour une utilisation imm\u00e9diate - il suffit de la d\u00e9baller et d'offrir de la joie ou de la conserver soi-m\u00eame!Fais du cadeau une exp\u00e9rience sp\u00e9ciale - avec une bo\u00eete cadeau qui suscitera \u00e0 coup s\u00fbr l'enthousiasme.<\/p>","protected":false},"excerpt":{"rendered":"<p>D\u00e9couvre la mani\u00e8re parfaite d'offrir des cadeaux avec nos bo\u00eetes cadeaux uniques ! Chaque bo\u00eete contient un magnifique sac-cadeau surprise rempli d'une s\u00e9lection de petits objets cr\u00e9atifs et luxueux tri\u00e9s sur le volet qui feront battre le c\u0153ur de chaque personne \u00e0 qui tu l'offres.<\/p>","protected":false},"featured_media":73022,"template":"","meta":[],"product_brand":[],"product_cat":[53,52,1223],"product_tag":[1222],"woo-feed-brand":[],"class_list":{"0":"post-73023","1":"product","2":"type-product","3":"status-publish","4":"has-post-thumbnail","6":"product_cat-geschenksets","7":"product_cat-geschenke","8":"product_cat-anlaesse","9":"product_tag-oykami-in-a-box","11":"first","12":"instock","13":"taxable","14":"shipping-taxable","15":"purchasable","16":"product-type-simple"},"_links":{"self":[{"href":"https:\/\/www.fleurop-home.ch\/fr-ch\/wp-json\/wp\/v2\/product\/73023","targetHints":{"allow":["GET"]}}],"collection":[{"href":"https:\/\/www.fleurop-home.ch\/fr-ch\/wp-json\/wp\/v2\/product"}],"about":[{"href":"https:\/\/www.fleurop-home.ch\/fr-ch\/wp-json\/wp\/v2\/types\/product"}],"wp:featuredmedia":[{"embeddable":true,"href":"https:\/\/www.fleurop-home.ch\/fr-ch\/wp-json\/wp\/v2\/media\/73022"}],"wp:attachment":[{"href":"https:\/\/www.fleurop-home.ch\/fr-ch\/wp-json\/wp\/v2\/media?parent=73023"}],"wp:term":[{"taxonomy":"product_brand","embeddable":true,"href":"https:\/\/www.fleurop-home.ch\/fr-ch\/wp-json\/wp\/v2\/product_brand?post=73023"},{"taxonomy":"product_cat","embeddable":true,"href":"https:\/\/www.fleurop-home.ch\/fr-ch\/wp-json\/wp\/v2\/product_cat?post=73023"},{"taxonomy":"product_tag","embeddable":true,"href":"https:\/\/www.fleurop-home.ch\/fr-ch\/wp-json\/wp\/v2\/product_tag?post=73023"},{"taxonomy":"woo-feed-brand","embeddable":true,"href":"https:\/\/www.fleurop-home.ch\/fr-ch\/wp-json\/wp\/v2\/woo-feed-brand?post=73023"}],"curies":[{"name":"wp","href":"https:\/\/api.w.org\/{rel}","templated":true}]}}