{"id":72978,"date":"2026-02-10T08:09:16","date_gmt":"2026-02-10T07:09:16","guid":{"rendered":"https:\/\/www.fleurop-home.ch\/de-ch\/p\/ueberraschungs-geschenkbox-erste-hilfe-wundertuete-fuer-frischgebackene-eltern"},"modified":"2026-02-17T08:55:52","modified_gmt":"2026-02-17T07:55:52","slug":"coffret-cadeau-surprise-de-premiers-secours-pour-les-nouveaux-parents","status":"publish","type":"product","link":"https:\/\/www.fleurop-home.ch\/fr-ch\/p\/ueberraschungs-geschenkbox-erste-hilfe-wundertuete-fuer-frischgebackene-eltern","title":{"rendered":"Coffret cadeau surprise \u00abPremiers secours\u00bb - sac \u00e0 merveilles pour les nouveaux parents"},"content":{"rendered":"<p>Coffrets cadeaux sp\u00e9ciaux - kit surprise complet pour des moments sp\u00e9ciaux<\/p>\n<p>D\u00e9couvre la mani\u00e8re parfaite d'offrir des cadeaux avec nos bo\u00eetes cadeaux uniques ! Chaque bo\u00eete contient un magnifique sac cadeau surprise, rempli d'une s\u00e9lection de petits objets cr\u00e9atifs et luxueux tri\u00e9s sur le volet, qui feront battre le c\u0153ur de chaque personne \u00e0 qui tu l'offres. Fabriqu\u00e9 en Allemagne par des personnes handicap\u00e9es, ce cadeau contribue \u00e9galement \u00e0 une bonne cause.<\/p>\n<p>Chaque bo\u00eete contient des surprises s\u00e9lectionn\u00e9es avec soin - des accessoires charmants aux petits produits de bien-\u00eatre, en passant par des petites choses personnelles qui cr\u00e9ent un moment tr\u00e8s sp\u00e9cial. Chaque bo\u00eete cadeau est compos\u00e9e avec beaucoup de soin et un \u0153il pour les d\u00e9tails afin d'offrir une exp\u00e9rience inoubliable au destinataire du cadeau.<\/p>\n<p>Cette bo\u00eete cadeau contient<br \/>\n- Sac \u00e0 merveilles \u00abPremiers secours pour les nouveaux parents\u00bb (t\u00e9tine, bouchons d'oreille pour bien dormir, carte de chant pour s'endormir \u00e0 chanter, \u00e9ponge en forme de c\u0153ur pour le bain, badge de bienvenue - le contenu peut varier l\u00e9g\u00e8rement)<br \/>\n- Pince \u00e0 documents blanche avec aimant (aussi pour accrocher des images au mur)<br \/>\n- Peluche lapin tricot\u00e9e<br \/>\n- Brosse et peigne pour les premiers cheveux de b\u00e9b\u00e9<br \/>\n- Anneau de dentition en bois \/ Jouet de dentition<br \/>\n- Carte postale surprise<\/p>\n<p>Que ce soit pour un anniversaire, pour remercier, pour les f\u00eates ou simplement pour faire plaisir \u00e0 un \u00eatre cher, nos bo\u00eetes cadeaux sont toujours le bon choix. Avec leur bel emballage et leur contenu vari\u00e9, ils offrent une merveilleuse fa\u00e7on d'offrir des surprises et de faire plaisir. Le meilleur : nos bo\u00eetes cadeaux sont envoy\u00e9es dans une belle bo\u00eete en carton blanc qui, en plus d'\u00eatre \u00e9l\u00e9gante, est id\u00e9ale pour offrir directement ou pour conserver les petits tr\u00e9sors. Elle est parfaite pour une utilisation imm\u00e9diate - il suffit de la d\u00e9baller et d'offrir la joie ou de la conserver soi-m\u00eame !<\/p>\n<p>Fais du cadeau une exp\u00e9rience sp\u00e9ciale - avec une bo\u00eete cadeau qui suscitera \u00e0 coup s\u00fbr l'enthousiasme.<\/p>\n<p>Informations suppl\u00e9mentaires :<br \/>\n- Essence : bois de h\u00eatre de qualit\u00e9 A<br \/>\n- Dimensions de la bo\u00eete cadeau : P : 23cm \/ L : 23cm \/ H : 8cm<br \/>\n- Convient aux b\u00e9b\u00e9s<\/p>","protected":false},"excerpt":{"rendered":"<p>D\u00e9couvre la mani\u00e8re parfaite d'offrir des cadeaux avec nos bo\u00eetes cadeaux uniques ! Chaque bo\u00eete contient un magnifique sac-cadeau surprise rempli d'une s\u00e9lection de petits objets cr\u00e9atifs et luxueux tri\u00e9s sur le volet qui feront battre le c\u0153ur de chaque personne \u00e0 qui tu l'offres.<\/p>","protected":false},"featured_media":72977,"template":"","meta":[],"product_brand":[],"product_cat":[1233,59,1228,1227,52,1223,53],"product_tag":[1222],"woo-feed-brand":[],"class_list":{"0":"post-72978","1":"product","2":"type-product","3":"status-publish","4":"has-post-thumbnail","6":"product_cat-neutral","7":"product_cat-kids","8":"product_cat-babys","9":"product_cat-geschenkboxen","10":"product_cat-geschenke","11":"product_cat-anlaesse","12":"product_cat-geschenksets","13":"product_tag-oykami-in-a-box","15":"first","16":"instock","17":"taxable","18":"shipping-taxable","19":"purchasable","20":"product-type-simple"},"_links":{"self":[{"href":"https:\/\/www.fleurop-home.ch\/fr-ch\/wp-json\/wp\/v2\/product\/72978","targetHints":{"allow":["GET"]}}],"collection":[{"href":"https:\/\/www.fleurop-home.ch\/fr-ch\/wp-json\/wp\/v2\/product"}],"about":[{"href":"https:\/\/www.fleurop-home.ch\/fr-ch\/wp-json\/wp\/v2\/types\/product"}],"wp:featuredmedia":[{"embeddable":true,"href":"https:\/\/www.fleurop-home.ch\/fr-ch\/wp-json\/wp\/v2\/media\/72977"}],"wp:attachment":[{"href":"https:\/\/www.fleurop-home.ch\/fr-ch\/wp-json\/wp\/v2\/media?parent=72978"}],"wp:term":[{"taxonomy":"product_brand","embeddable":true,"href":"https:\/\/www.fleurop-home.ch\/fr-ch\/wp-json\/wp\/v2\/product_brand?post=72978"},{"taxonomy":"product_cat","embeddable":true,"href":"https:\/\/www.fleurop-home.ch\/fr-ch\/wp-json\/wp\/v2\/product_cat?post=72978"},{"taxonomy":"product_tag","embeddable":true,"href":"https:\/\/www.fleurop-home.ch\/fr-ch\/wp-json\/wp\/v2\/product_tag?post=72978"},{"taxonomy":"woo-feed-brand","embeddable":true,"href":"https:\/\/www.fleurop-home.ch\/fr-ch\/wp-json\/wp\/v2\/woo-feed-brand?post=72978"}],"curies":[{"name":"wp","href":"https:\/\/api.w.org\/{rel}","templated":true}]}}