{"id":72953,"date":"2026-02-10T08:09:18","date_gmt":"2026-02-10T07:09:18","guid":{"rendered":"https:\/\/www.fleurop-home.ch\/de-ch\/p\/baby-geschenkbox-weiss-sizilien-dunkler-baer"},"modified":"2026-02-17T09:11:29","modified_gmt":"2026-02-17T08:11:29","slug":"coffret-cadeau-bebe-blanc-sicilien-ours-noir","status":"publish","type":"product","link":"https:\/\/www.fleurop-home.ch\/fr-ch\/p\/baby-geschenkbox-weiss-sizilien-dunkler-baer","title":{"rendered":"Coffret cadeau b\u00e9b\u00e9 blanc \u00abSicile\u00bb ours noir"},"content":{"rendered":"<p>Bienvenue dans le monde, petit tr\u00e9sor !<\/p>\n<p>Une bo\u00eete cadeau pour b\u00e9b\u00e9 est sp\u00e9ciale car elle exprime la joie de l'arriv\u00e9e d'une nouvelle vie et cr\u00e9e un lien profond entre la famille, les amis et le b\u00e9b\u00e9. Ils expriment l'amour, les soins et l'affection qui accompagneront le b\u00e9b\u00e9 tout au long de sa vie. La naissance d'un b\u00e9b\u00e9 est quelque chose de tr\u00e8s sp\u00e9cial et nous t'aidons \u00e0 choisir et \u00e0 offrir un beau cadeau pour b\u00e9b\u00e9.<\/p>\n<p>Notre coffret cadeau pour b\u00e9b\u00e9 contient les produits suivants :<br \/>\n- Anneau de dentition \u00abKoala\u00bb avec hochet<br \/>\n- Crachoir \/ Nuscheli in Mint<br \/>\n- Petit anneau de dentition en bois en forme de c\u0153ur<br \/>\n- Carte postale surprise<\/p>\n<p>Notre bo\u00eete cadeau pour b\u00e9b\u00e9 est livr\u00e9e dans une belle bo\u00eete blanche avec un ruban et peut \u00eatre offerte imm\u00e9diatement.<\/p>\n<p>Informations suppl\u00e9mentaires :<br \/>\n- Essence : bois de h\u00eatre de qualit\u00e9 A<br \/>\n- Dimensions de la bo\u00eete cadeau : P : 18.5cm \/ L : 18.5cm \/ H : 7cm<br \/>\n- Convient aux b\u00e9b\u00e9s<\/p>","protected":false},"excerpt":{"rendered":"<p>Bienvenue au monde petit tr\u00e9sor ! Une bo\u00eete cadeau pour les b\u00e9b\u00e9s est sp\u00e9ciale car elle exprime la joie de l'arriv\u00e9e d'une nouvelle vie et cr\u00e9e un lien profond entre la famille et les amis et le b\u00e9b\u00e9.<\/p>","protected":false},"featured_media":72952,"template":"","meta":[],"product_brand":[],"product_cat":[1233,59,1228,1227,52,53],"product_tag":[1222],"woo-feed-brand":[],"class_list":{"0":"post-72953","1":"product","2":"type-product","3":"status-publish","4":"has-post-thumbnail","6":"product_cat-neutral","7":"product_cat-kids","8":"product_cat-babys","9":"product_cat-geschenkboxen","10":"product_cat-geschenke","11":"product_cat-geschenksets","12":"product_tag-oykami-in-a-box","14":"first","15":"instock","16":"taxable","17":"shipping-taxable","18":"purchasable","19":"product-type-simple"},"_links":{"self":[{"href":"https:\/\/www.fleurop-home.ch\/fr-ch\/wp-json\/wp\/v2\/product\/72953","targetHints":{"allow":["GET"]}}],"collection":[{"href":"https:\/\/www.fleurop-home.ch\/fr-ch\/wp-json\/wp\/v2\/product"}],"about":[{"href":"https:\/\/www.fleurop-home.ch\/fr-ch\/wp-json\/wp\/v2\/types\/product"}],"wp:featuredmedia":[{"embeddable":true,"href":"https:\/\/www.fleurop-home.ch\/fr-ch\/wp-json\/wp\/v2\/media\/72952"}],"wp:attachment":[{"href":"https:\/\/www.fleurop-home.ch\/fr-ch\/wp-json\/wp\/v2\/media?parent=72953"}],"wp:term":[{"taxonomy":"product_brand","embeddable":true,"href":"https:\/\/www.fleurop-home.ch\/fr-ch\/wp-json\/wp\/v2\/product_brand?post=72953"},{"taxonomy":"product_cat","embeddable":true,"href":"https:\/\/www.fleurop-home.ch\/fr-ch\/wp-json\/wp\/v2\/product_cat?post=72953"},{"taxonomy":"product_tag","embeddable":true,"href":"https:\/\/www.fleurop-home.ch\/fr-ch\/wp-json\/wp\/v2\/product_tag?post=72953"},{"taxonomy":"woo-feed-brand","embeddable":true,"href":"https:\/\/www.fleurop-home.ch\/fr-ch\/wp-json\/wp\/v2\/woo-feed-brand?post=72953"}],"curies":[{"name":"wp","href":"https:\/\/api.w.org\/{rel}","templated":true}]}}