{"id":72920,"date":"2026-02-10T08:09:53","date_gmt":"2026-02-10T07:09:53","guid":{"rendered":"https:\/\/www.fleurop-home.ch\/de-ch\/p\/geschenkbox-love"},"modified":"2026-02-10T08:09:53","modified_gmt":"2026-02-10T07:09:53","slug":"coffret-cadeau-love","status":"publish","type":"product","link":"https:\/\/www.fleurop-home.ch\/fr-ch\/p\/geschenkbox-love","title":{"rendered":"Bo\u00eete cadeau \u00abLove\u00bb"},"content":{"rendered":"<p>Fais l'exp\u00e9rience de la vraie beaut\u00e9 avec notre coffret cadeau Love.<\/p>\n<p>Plonge dans un monde d'\u00e9l\u00e9gance et de s\u00e9duction avec notre exquise bo\u00eete cadeau, sp\u00e9cialement con\u00e7ue pour choyer tes sens et mettre en valeur ta beaut\u00e9 naturelle. Tu trouveras dans notre bo\u00eete amoureusement compos\u00e9e une s\u00e9lection de beaux produits qui font plaisir.<\/p>\n<p>Notre coffret cadeau Love contient<br \/>\n- Bloc-notes avec cuir rose<br \/>\n- Cr\u00e8me pour les mains ALTUM 50ml, go\u00fbt selon la saison<br \/>\n- Brosse de bain de ALTUM<br \/>\n- Lotion pour le corps \/ les mains OYKAMI<br \/>\n- OYKAMI Bougie parfum\u00e9e au soja XL<br \/>\n- Petite bo\u00eete en bambou pour ranger les bijoux<br \/>\n- Bo\u00eete d'allumettes<br \/>\n- Sels de bain<br \/>\n- Mouchoirs avec des c\u0153urs<br \/>\n- Carte postale avec un pingouin<br \/>\n- Carte de voeux avec c\u0153ur et enveloppe<\/p>\n<p>Le cadeau est livr\u00e9 dans un carton blanc de haute qualit\u00e9 et peut \u00eatre offert imm\u00e9diatement. Le carton blanc contient un aimant pour le maintenir ensemble, il est extr\u00eamement stable et peut \u00eatre r\u00e9utilis\u00e9. Il est accompagn\u00e9 d'un joli n\u0153ud cadeau.<\/p>\n<p>Informations suppl\u00e9mentaires :<br \/>\n- Dimensions de la bo\u00eete cadeau : P : 35cm \/ L : 28cm \/ H : 11cm<br \/>\n- Bougies fabriqu\u00e9es en Angleterre<br \/>\n- Laits pour le corps fabriqu\u00e9s aux \u00c9tats-Unis<\/p>\n<p>\u2661 Remarque sur la composition de la bo\u00eete :<br \/>\nNos bo\u00eetes cadeaux sont emball\u00e9es avec beaucoup d'amour et de soin. Pour que chaque bo\u00eete soit toujours harmonieuse et adapt\u00e9e, certains produits peuvent varier l\u00e9g\u00e8rement en fonction de la saison ou de la disponibilit\u00e9. Nous veillons toujours \u00e0 ce que les alternatives soient \u00e9quivalentes en termes de qualit\u00e9, de style et de valeur - ainsi, chaque bo\u00eete cadeau reste une exp\u00e9rience sp\u00e9ciale.<\/p>","protected":false},"excerpt":{"rendered":"<p>Fais l'exp\u00e9rience de la vraie beaut\u00e9 avec notre coffret cadeau Love. Plonge dans un monde d'\u00e9l\u00e9gance et de s\u00e9duction avec notre exquise bo\u00eete cadeau, sp\u00e9cialement con\u00e7ue pour choyer tes sens et mettre en valeur ta beaut\u00e9 naturelle.<\/p>","protected":false},"featured_media":72919,"template":"","meta":[],"product_brand":[],"product_cat":[53,1003,999,52,1224],"product_tag":[1222],"woo-feed-brand":[],"class_list":{"0":"post-72920","1":"product","2":"type-product","3":"status-publish","4":"has-post-thumbnail","6":"product_cat-geschenksets","7":"product_cat-fuer-sie","8":"product_cat-valentinstag","9":"product_cat-geschenke","10":"product_cat-beauty-wellness","11":"product_tag-oykami-in-a-box","13":"first","14":"instock","15":"taxable","16":"shipping-taxable","17":"purchasable","18":"product-type-simple"},"_links":{"self":[{"href":"https:\/\/www.fleurop-home.ch\/fr-ch\/wp-json\/wp\/v2\/product\/72920","targetHints":{"allow":["GET"]}}],"collection":[{"href":"https:\/\/www.fleurop-home.ch\/fr-ch\/wp-json\/wp\/v2\/product"}],"about":[{"href":"https:\/\/www.fleurop-home.ch\/fr-ch\/wp-json\/wp\/v2\/types\/product"}],"wp:featuredmedia":[{"embeddable":true,"href":"https:\/\/www.fleurop-home.ch\/fr-ch\/wp-json\/wp\/v2\/media\/72919"}],"wp:attachment":[{"href":"https:\/\/www.fleurop-home.ch\/fr-ch\/wp-json\/wp\/v2\/media?parent=72920"}],"wp:term":[{"taxonomy":"product_brand","embeddable":true,"href":"https:\/\/www.fleurop-home.ch\/fr-ch\/wp-json\/wp\/v2\/product_brand?post=72920"},{"taxonomy":"product_cat","embeddable":true,"href":"https:\/\/www.fleurop-home.ch\/fr-ch\/wp-json\/wp\/v2\/product_cat?post=72920"},{"taxonomy":"product_tag","embeddable":true,"href":"https:\/\/www.fleurop-home.ch\/fr-ch\/wp-json\/wp\/v2\/product_tag?post=72920"},{"taxonomy":"woo-feed-brand","embeddable":true,"href":"https:\/\/www.fleurop-home.ch\/fr-ch\/wp-json\/wp\/v2\/woo-feed-brand?post=72920"}],"curies":[{"name":"wp","href":"https:\/\/api.w.org\/{rel}","templated":true}]}}