{"id":72895,"date":"2026-02-10T08:09:55","date_gmt":"2026-02-10T07:09:55","guid":{"rendered":"https:\/\/www.fleurop-home.ch\/de-ch\/p\/fuer-die-frischgebackene-mama-geschenkbox-liverpool"},"modified":"2026-02-10T08:09:55","modified_gmt":"2026-02-10T07:09:55","slug":"pour-la-nouvelle-maman-boite-cadeau-liverpool","status":"publish","type":"product","link":"https:\/\/www.fleurop-home.ch\/fr-ch\/p\/fuer-die-frischgebackene-mama-geschenkbox-liverpool","title":{"rendered":"Pour la nouvelle maman, bo\u00eete cadeau \u00abLiverpool\u00bb.\u00bb"},"content":{"rendered":"<p>Fais l'exp\u00e9rience de la joie et de l'attention avec notre adorable coffret cadeau \u00abNouvelle maman\u00bb.<\/p>\n<p>Offre \u00e0 la nouvelle maman un peu de calme et de bonheur pendant cette p\u00e9riode sp\u00e9ciale avec notre coffret cadeau exclusif \u00abNouvelle maman\u00bb. Elle a \u00e9t\u00e9 pr\u00e9par\u00e9e avec beaucoup d'amour et de soin pour donner le sourire \u00e0 la nouvelle maman et la choyer pendant les premiers jours apr\u00e8s la naissance. Chaque bo\u00eete contient des produits de qualit\u00e9 soigneusement s\u00e9lectionn\u00e9s qui l'aideront \u00e0 se d\u00e9tendre, \u00e0 se ressourcer et \u00e0 profiter de ce moment particulier. Du premier d\u00e9ballage au dernier d\u00e9tail, cette bo\u00eete est le cadeau parfait pour montrer \u00e0 une nouvelle maman \u00e0 quel point elle est sp\u00e9ciale.<\/p>\n<p>Notre coffret cadeau \u00abnouvelle maman\u00bb comprend<br \/>\n- Chaussettes blanches douillettes<br \/>\n- 2 scrunchies pour cheveux<br \/>\n- petite bougie<br \/>\n- Hochet b\u00e9b\u00e9 \u00ablapin\u00bb avec clochette<br \/>\n- Noble bouteille en verre \u00abMaman\u00bb avec paille en verre<\/p>\n<p>Le cadeau est livr\u00e9 dans une belle bo\u00eete blanche avec un n\u0153ud cadeau et peut \u00eatre offert imm\u00e9diatement.<\/p>\n<p>Informations suppl\u00e9mentaires :<br \/>\nConseil d'entretien :<br \/>\n- Ne passe pas au lave-vaisselle - merci de laver \u00e0 la main pour pr\u00e9server l'impression.<br \/>\n- Essence : bois de h\u00eatre de qualit\u00e9 A<br \/>\n- Dimensions de la bo\u00eete cadeau : P : 23cm \/ L : 23cm \/ H : 8cm<\/p>","protected":false},"excerpt":{"rendered":"<p>Fais l'exp\u00e9rience de la joie et de l'attention avec notre adorable bo\u00eete cadeau \u00abNouvelle maman\u00bb. Offre \u00e0 la nouvelle maman un peu de calme et de bonheur pendant cette p\u00e9riode sp\u00e9ciale avec notre bo\u00eete cadeau exclusive \u00abNouvelle maman\u00bb.<\/p>","protected":false},"featured_media":72894,"template":"","meta":[],"product_brand":[],"product_cat":[53,1232,1228,1227,52],"product_tag":[1222],"woo-feed-brand":[],"class_list":{"0":"post-72895","1":"product","2":"type-product","3":"status-publish","4":"has-post-thumbnail","6":"product_cat-geschenksets","7":"product_cat-mama-baby","8":"product_cat-babys","9":"product_cat-geschenkboxen","10":"product_cat-geschenke","11":"product_tag-oykami-in-a-box","13":"first","14":"instock","15":"taxable","16":"shipping-taxable","17":"purchasable","18":"product-type-simple"},"_links":{"self":[{"href":"https:\/\/www.fleurop-home.ch\/fr-ch\/wp-json\/wp\/v2\/product\/72895","targetHints":{"allow":["GET"]}}],"collection":[{"href":"https:\/\/www.fleurop-home.ch\/fr-ch\/wp-json\/wp\/v2\/product"}],"about":[{"href":"https:\/\/www.fleurop-home.ch\/fr-ch\/wp-json\/wp\/v2\/types\/product"}],"wp:featuredmedia":[{"embeddable":true,"href":"https:\/\/www.fleurop-home.ch\/fr-ch\/wp-json\/wp\/v2\/media\/72894"}],"wp:attachment":[{"href":"https:\/\/www.fleurop-home.ch\/fr-ch\/wp-json\/wp\/v2\/media?parent=72895"}],"wp:term":[{"taxonomy":"product_brand","embeddable":true,"href":"https:\/\/www.fleurop-home.ch\/fr-ch\/wp-json\/wp\/v2\/product_brand?post=72895"},{"taxonomy":"product_cat","embeddable":true,"href":"https:\/\/www.fleurop-home.ch\/fr-ch\/wp-json\/wp\/v2\/product_cat?post=72895"},{"taxonomy":"product_tag","embeddable":true,"href":"https:\/\/www.fleurop-home.ch\/fr-ch\/wp-json\/wp\/v2\/product_tag?post=72895"},{"taxonomy":"woo-feed-brand","embeddable":true,"href":"https:\/\/www.fleurop-home.ch\/fr-ch\/wp-json\/wp\/v2\/woo-feed-brand?post=72895"}],"curies":[{"name":"wp","href":"https:\/\/api.w.org\/{rel}","templated":true}]}}