{"id":7258,"date":"2020-12-09T09:39:34","date_gmt":"2020-12-09T08:39:34","guid":{"rendered":"https:\/\/www.fleurop-home.ch\/?product=duft-geranie-pelargonium-duft"},"modified":"2026-05-05T09:14:13","modified_gmt":"2026-05-05T07:14:13","slug":"duft-geranie-pelargonium-hybrida","status":"publish","type":"product","link":"https:\/\/www.fleurop-home.ch\/fr-ch\/p\/duft-geranie-pelargonium-hybrida","title":{"rendered":"Duft-Geranie &#8211; Pelargonium hybrida"},"content":{"rendered":"<p>Diese Duft-Geranie im Mix begeistert durch zarte Bl\u00fcten und einen charakteristischen Duft, der sich beim Ber\u00fchren der Bl\u00e4tter entfaltet. Als Saisonpflanze eignet sie sich besonders f\u00fcr sonnige Pl\u00e4tze auf Balkon, Terrasse oder im Garten. Der durchl\u00e4ssige Boden und eine m\u00e4ssige Wasserversorgung f\u00f6rdern ein gesundes Pflanzenwachstum. Entstanden aus streng kontrollierter Schweizer Produktion steht diese Pflanze f\u00fcr hohe Qualit\u00e4t und bringt mit ihren \u00e4therischen Aromen und ihrem Schmuckwert lebendige Vielfalt in sommerliche Pflanzungen.<\/p>\n<p>Hauteur : 60 cm<br \/>\nTaille du pot : pot de 25<br \/>\nR\u00e9sistance au froid : pas de r\u00e9sistance au froid<br \/>\nLumi\u00e8re : ensoleill\u00e9e<br \/>\nP\u00e9riode de floraison : de mai \u00e0 septembre<br \/>\nSol : perm\u00e9able<\/p>","protected":false},"excerpt":{"rendered":"<p>Duft-Geranie Mix im 25er Topf \u2013 Schweizer Saisonpflanze mit \u00e4therischen Aromen<\/p>","protected":false},"featured_media":42098,"template":"","meta":[],"product_brand":[],"product_cat":[109,34,41],"product_tag":[299],"woo-feed-brand":[],"class_list":{"0":"post-7258","1":"product","2":"type-product","3":"status-publish","4":"has-post-thumbnail","6":"product_cat-saisonale-pflanzen","7":"product_cat-garten-balkon","8":"product_cat-outdoorpflanzen","9":"product_tag-santispracht","11":"first","12":"instock","13":"taxable","14":"shipping-taxable","15":"purchasable","16":"product-type-simple"},"_links":{"self":[{"href":"https:\/\/www.fleurop-home.ch\/fr-ch\/wp-json\/wp\/v2\/product\/7258","targetHints":{"allow":["GET"]}}],"collection":[{"href":"https:\/\/www.fleurop-home.ch\/fr-ch\/wp-json\/wp\/v2\/product"}],"about":[{"href":"https:\/\/www.fleurop-home.ch\/fr-ch\/wp-json\/wp\/v2\/types\/product"}],"wp:featuredmedia":[{"embeddable":true,"href":"https:\/\/www.fleurop-home.ch\/fr-ch\/wp-json\/wp\/v2\/media\/42098"}],"wp:attachment":[{"href":"https:\/\/www.fleurop-home.ch\/fr-ch\/wp-json\/wp\/v2\/media?parent=7258"}],"wp:term":[{"taxonomy":"product_brand","embeddable":true,"href":"https:\/\/www.fleurop-home.ch\/fr-ch\/wp-json\/wp\/v2\/product_brand?post=7258"},{"taxonomy":"product_cat","embeddable":true,"href":"https:\/\/www.fleurop-home.ch\/fr-ch\/wp-json\/wp\/v2\/product_cat?post=7258"},{"taxonomy":"product_tag","embeddable":true,"href":"https:\/\/www.fleurop-home.ch\/fr-ch\/wp-json\/wp\/v2\/product_tag?post=7258"},{"taxonomy":"woo-feed-brand","embeddable":true,"href":"https:\/\/www.fleurop-home.ch\/fr-ch\/wp-json\/wp\/v2\/woo-feed-brand?post=7258"}],"curies":[{"name":"wp","href":"https:\/\/api.w.org\/{rel}","templated":true}]}}