{"id":72568,"date":"2026-02-10T08:10:16","date_gmt":"2026-02-10T07:10:16","guid":{"rendered":"https:\/\/www.fleurop-home.ch\/de-ch\/p\/baby-geschenkbox-weiss-phoenix-dunkler-baer"},"modified":"2026-02-17T09:10:19","modified_gmt":"2026-02-17T08:10:19","slug":"coffret-cadeau-bebe-blanc-phoenix-ours-noir","status":"publish","type":"product","link":"https:\/\/www.fleurop-home.ch\/fr-ch\/p\/baby-geschenkbox-weiss-phoenix-dunkler-baer","title":{"rendered":"Bo\u00eete cadeau b\u00e9b\u00e9 blanche \u00abPhoenix\u00bb ours noir"},"content":{"rendered":"<p>Un cadeau de naissance plein d'amour qui vient du c\u0153ur. Notre coffret cadeau OYKAMI \u201ePhoenix\u201c a \u00e9t\u00e9 compos\u00e9 avec soin pour capturer la magie des premiers jours et toucher autant les parents que le b\u00e9b\u00e9.<\/p>\n<p>Chaque produit sucr\u00e9 de cette bo\u00eete a \u00e9t\u00e9 s\u00e9lectionn\u00e9 avec amour - naturel, de haute qualit\u00e9 et emball\u00e9 avec style.<\/p>\n<p>Notre coffret cadeau pour b\u00e9b\u00e9 contient les produits suivants :<br \/>\n- Animal hochet \u00abours sombre\u00bb au crochet \u00e0 la main avec clochette<br \/>\n- une plaquette en bois \u00abhello world\u00bb<br \/>\n- une attache-t\u00e9tine en blanc<br \/>\n- Chaussettes tricot\u00e9es et douillettes pour b\u00e9b\u00e9<br \/>\n- Petit anneau de dentition en bois<br \/>\n- Carte postale surprise<\/p>\n<p>Emball\u00e9 avec soin dans une \u00e9l\u00e9gante bo\u00eete en carton blanc avec l'inscription \u201eDes cadeaux sp\u00e9ciaux pour des moments inoubliables\u201c et en plus un joli n\u0153ud cadeau - pr\u00eat \u00e0 \u00eatre offert.<\/p>\n<p>Un cadeau qui fait plaisir, dont on se souvient longtemps et qui est emball\u00e9 avec beaucoup d'amour en Suisse.<\/p>","protected":false},"excerpt":{"rendered":"<p>Un cadeau de naissance plein d'amour qui vient du c\u0153ur. Notre coffret cadeau OYKAMI \u201ePhoenix\u201c a \u00e9t\u00e9 compos\u00e9 avec soin pour capturer la magie des premiers jours et toucher autant les parents que le b\u00e9b\u00e9.<\/p>","protected":false},"featured_media":72567,"template":"","meta":[],"product_brand":[],"product_cat":[1233,59,1228,1227,52,53],"product_tag":[1222],"woo-feed-brand":[],"class_list":{"0":"post-72568","1":"product","2":"type-product","3":"status-publish","4":"has-post-thumbnail","6":"product_cat-neutral","7":"product_cat-kids","8":"product_cat-babys","9":"product_cat-geschenkboxen","10":"product_cat-geschenke","11":"product_cat-geschenksets","12":"product_tag-oykami-in-a-box","14":"first","15":"instock","16":"taxable","17":"shipping-taxable","18":"purchasable","19":"product-type-simple"},"_links":{"self":[{"href":"https:\/\/www.fleurop-home.ch\/fr-ch\/wp-json\/wp\/v2\/product\/72568","targetHints":{"allow":["GET"]}}],"collection":[{"href":"https:\/\/www.fleurop-home.ch\/fr-ch\/wp-json\/wp\/v2\/product"}],"about":[{"href":"https:\/\/www.fleurop-home.ch\/fr-ch\/wp-json\/wp\/v2\/types\/product"}],"wp:featuredmedia":[{"embeddable":true,"href":"https:\/\/www.fleurop-home.ch\/fr-ch\/wp-json\/wp\/v2\/media\/72567"}],"wp:attachment":[{"href":"https:\/\/www.fleurop-home.ch\/fr-ch\/wp-json\/wp\/v2\/media?parent=72568"}],"wp:term":[{"taxonomy":"product_brand","embeddable":true,"href":"https:\/\/www.fleurop-home.ch\/fr-ch\/wp-json\/wp\/v2\/product_brand?post=72568"},{"taxonomy":"product_cat","embeddable":true,"href":"https:\/\/www.fleurop-home.ch\/fr-ch\/wp-json\/wp\/v2\/product_cat?post=72568"},{"taxonomy":"product_tag","embeddable":true,"href":"https:\/\/www.fleurop-home.ch\/fr-ch\/wp-json\/wp\/v2\/product_tag?post=72568"},{"taxonomy":"woo-feed-brand","embeddable":true,"href":"https:\/\/www.fleurop-home.ch\/fr-ch\/wp-json\/wp\/v2\/woo-feed-brand?post=72568"}],"curies":[{"name":"wp","href":"https:\/\/api.w.org\/{rel}","templated":true}]}}