{"id":72528,"date":"2026-02-10T08:10:18","date_gmt":"2026-02-10T07:10:18","guid":{"rendered":"https:\/\/www.fleurop-home.ch\/de-ch\/p\/baby-geschenkbox-1-miffy-rosa"},"modified":"2026-02-17T08:41:11","modified_gmt":"2026-02-17T07:41:11","slug":"coffret-cadeau-bebe-1-miffy-rose","status":"publish","type":"product","link":"https:\/\/www.fleurop-home.ch\/fr-ch\/p\/baby-geschenkbox-1-miffy-rosa","title":{"rendered":"Bo\u00eete cadeau b\u00e9b\u00e9 1 - Miffy rose"},"content":{"rendered":"<p>Bienvenue dans le monde, petit tr\u00e9sor ! C\u00e9l\u00e8bre l'arriv\u00e9e d'une nouvelle vie avec notre coffret cadeau pour maman et b\u00e9b\u00e9.<\/p>\n<p>La naissance d'un b\u00e9b\u00e9 est un \u00e9v\u00e9nement merveilleux qui doit \u00eatre c\u00e9l\u00e9br\u00e9 avec joie et amour. Notre bo\u00eete cadeau maman-b\u00e9b\u00e9 est un geste affectueux pour f\u00e9liciter les parents et souhaiter la bienvenue au nouveau-n\u00e9. Dans notre bo\u00eete pour maman &amp; b\u00e9b\u00e9, soigneusement compos\u00e9e, tu trouveras une multitude de cadeaux affectueux pour le b\u00e9b\u00e9 et ses fiers parents. Notre bo\u00eete \u00e0 cadeaux pour b\u00e9b\u00e9 est remplie de tout ce que le c\u0153ur d\u00e9sire pour adoucir le d\u00e9but de la vie.<\/p>\n<p>L'adorable coffret cadeau pour b\u00e9b\u00e9 de 5 pi\u00e8ces contient les produits suivants :<br \/>\n- Miffy Doudou 25cm de Little Dutch<br \/>\n- Linge \u00e0 t\u00e9ter rose en coton organique 100% de la marque danoise \u00abFilibabba\u00bb.\u00bb<br \/>\n- Chaussettes roses<br \/>\n- Body \u00e0 manches courtes rose 2-6 mois<br \/>\n- Anneau de dentition en bois en forme de c\u0153ur<br \/>\n- Carte postale surprise<\/p>\n<p>Le cadeau est livr\u00e9 dans un carton blanc de haute qualit\u00e9 et peut \u00eatre offert imm\u00e9diatement. Le carton blanc contient un aimant pour le maintenir ensemble, il est extr\u00eamement stable et peut \u00eatre r\u00e9utilis\u00e9. Il est accompagn\u00e9 d'un joli n\u0153ud cadeau.<\/p>\n<p>Informations suppl\u00e9mentaires :<br \/>\n- Essence : bois de h\u00eatre de qualit\u00e9 A<br \/>\n- Dimensions de la bo\u00eete cadeau : P : 26cm \/ L : 17cm \/ H : 11cm<br \/>\n- Convient aux b\u00e9b\u00e9s \u00e0 partir de 0+.<\/p>","protected":false},"excerpt":{"rendered":"<p>Bienvenue au monde petit tr\u00e9sor ! Une bo\u00eete cadeau pour les b\u00e9b\u00e9s est sp\u00e9ciale car elle exprime la joie de l'arriv\u00e9e d'une nouvelle vie et cr\u00e9e un lien profond entre la famille et les amis et le b\u00e9b\u00e9.<\/p>","protected":false},"featured_media":72527,"template":"","meta":[],"product_brand":[],"product_cat":[1234,59,1228,1227,52,53],"product_tag":[1222],"woo-feed-brand":[],"class_list":{"0":"post-72528","1":"product","2":"type-product","3":"status-publish","4":"has-post-thumbnail","6":"product_cat-baby-girls","7":"product_cat-kids","8":"product_cat-babys","9":"product_cat-geschenkboxen","10":"product_cat-geschenke","11":"product_cat-geschenksets","12":"product_tag-oykami-in-a-box","14":"first","15":"instock","16":"taxable","17":"shipping-taxable","18":"purchasable","19":"product-type-simple"},"_links":{"self":[{"href":"https:\/\/www.fleurop-home.ch\/fr-ch\/wp-json\/wp\/v2\/product\/72528","targetHints":{"allow":["GET"]}}],"collection":[{"href":"https:\/\/www.fleurop-home.ch\/fr-ch\/wp-json\/wp\/v2\/product"}],"about":[{"href":"https:\/\/www.fleurop-home.ch\/fr-ch\/wp-json\/wp\/v2\/types\/product"}],"wp:featuredmedia":[{"embeddable":true,"href":"https:\/\/www.fleurop-home.ch\/fr-ch\/wp-json\/wp\/v2\/media\/72527"}],"wp:attachment":[{"href":"https:\/\/www.fleurop-home.ch\/fr-ch\/wp-json\/wp\/v2\/media?parent=72528"}],"wp:term":[{"taxonomy":"product_brand","embeddable":true,"href":"https:\/\/www.fleurop-home.ch\/fr-ch\/wp-json\/wp\/v2\/product_brand?post=72528"},{"taxonomy":"product_cat","embeddable":true,"href":"https:\/\/www.fleurop-home.ch\/fr-ch\/wp-json\/wp\/v2\/product_cat?post=72528"},{"taxonomy":"product_tag","embeddable":true,"href":"https:\/\/www.fleurop-home.ch\/fr-ch\/wp-json\/wp\/v2\/product_tag?post=72528"},{"taxonomy":"woo-feed-brand","embeddable":true,"href":"https:\/\/www.fleurop-home.ch\/fr-ch\/wp-json\/wp\/v2\/woo-feed-brand?post=72528"}],"curies":[{"name":"wp","href":"https:\/\/api.w.org\/{rel}","templated":true}]}}